{"id":1894,"date":"2025-01-21T09:11:56","date_gmt":"2025-01-21T08:11:56","guid":{"rendered":"https:\/\/dev.b2b.studio\/abrasteel\/?post_type=product&#038;p=1894"},"modified":"2025-01-21T09:16:56","modified_gmt":"2025-01-21T08:16:56","slug":"dispositifs-de-centrage-des-brosses-a-noyau-avec-toile-abrasive","status":"publish","type":"product","link":"https:\/\/www.abrasteel.com\/fr\/accessoires-et-autres-consommables-abrasifs\/brosse-brushes\/dispositifs-de-centrage-des-brosses-a-noyau-avec-toile-abrasive\/","title":{"rendered":"Dispositifs de centrage des brosses \u00e0 noyau avec toile abrasive"},"content":{"rendered":"<p>Dispositifs de centrage des brosses \u00e0 noyau avec toile abrasive: Dispositifs de centrage des brosses \u00e0 noyau pour tous types de machines.<\/p>\n","protected":false},"excerpt":{"rendered":"<p>Dispositifs de centrage des brosses \u00e0 noyau avec toile abrasive: Dispositifs de centrage des brosses \u00e0 noyau pour tous types de machines.<\/p>\n","protected":false},"featured_media":840,"comment_status":"open","ping_status":"closed","template":"","meta":{"_acf_changed":false},"product_brand":[],"product_cat":[128],"product_tag":[],"class_list":{"0":"post-1894","1":"product","2":"type-product","3":"status-publish","4":"has-post-thumbnail","6":"product_cat-brosse-brushes","8":"first","9":"instock","10":"shipping-taxable","11":"product-type-simple"},"acf":[],"_links":{"self":[{"href":"https:\/\/www.abrasteel.com\/fr\/wp-json\/wp\/v2\/product\/1894","targetHints":{"allow":["GET"]}}],"collection":[{"href":"https:\/\/www.abrasteel.com\/fr\/wp-json\/wp\/v2\/product"}],"about":[{"href":"https:\/\/www.abrasteel.com\/fr\/wp-json\/wp\/v2\/types\/product"}],"replies":[{"embeddable":true,"href":"https:\/\/www.abrasteel.com\/fr\/wp-json\/wp\/v2\/comments?post=1894"}],"wp:featuredmedia":[{"embeddable":true,"href":"https:\/\/www.abrasteel.com\/fr\/wp-json\/wp\/v2\/media\/840"}],"wp:attachment":[{"href":"https:\/\/www.abrasteel.com\/fr\/wp-json\/wp\/v2\/media?parent=1894"}],"wp:term":[{"taxonomy":"product_brand","embeddable":true,"href":"https:\/\/www.abrasteel.com\/fr\/wp-json\/wp\/v2\/product_brand?post=1894"},{"taxonomy":"product_cat","embeddable":true,"href":"https:\/\/www.abrasteel.com\/fr\/wp-json\/wp\/v2\/product_cat?post=1894"},{"taxonomy":"product_tag","embeddable":true,"href":"https:\/\/www.abrasteel.com\/fr\/wp-json\/wp\/v2\/product_tag?post=1894"}],"curies":[{"name":"wp","href":"https:\/\/api.w.org\/{rel}","templated":true}]}}