{"id":1886,"date":"2025-01-21T09:13:05","date_gmt":"2025-01-21T08:13:05","guid":{"rendered":"https:\/\/dev.b2b.studio\/abrasteel\/?post_type=product&#038;p=1886"},"modified":"2025-02-19T11:11:08","modified_gmt":"2025-02-19T10:11:08","slug":"pate-a-polir-et-a-lustrer-liquide","status":"publish","type":"product","link":"https:\/\/www.abrasteel.com\/fr\/accessoires-et-autres-consommables-abrasifs\/pates-a-polir\/pate-a-polir-et-a-lustrer-liquide\/","title":{"rendered":"P\u00e2te \u00e0 polir et \u00e0 lustrer liquide"},"content":{"rendered":"<p>P\u00e2te \u00e0 polir et \u00e0 lustrer liquide: Pour le pr\u00e9-polissage, la p\u00e2te \u00e0 d\u00e9couper et le brillant.<\/p>\n","protected":false},"excerpt":{"rendered":"<p><strong>Table de P\u00e2te \u00e0 polir et \u00e0 lustrer liquide<\/strong><\/p>\n<table border=\"1\">\n<thead>\n<tr>\n<th>Type<\/th>\n<th>R\u00e9f.<\/th>\n<\/tr>\n<\/thead>\n<tbody>\n<tr>\n<td>P\u00e2te Liquide Rose<\/td>\n<td>PLR002<\/td>\n<\/tr>\n<\/tbody>\n<\/table>\n<p>&nbsp;<\/p>\n","protected":false},"featured_media":1379,"comment_status":"open","ping_status":"closed","template":"","meta":{"_acf_changed":false},"product_brand":[],"product_cat":[129],"product_tag":[],"class_list":{"0":"post-1886","1":"product","2":"type-product","3":"status-publish","4":"has-post-thumbnail","6":"product_cat-pates-a-polir","8":"first","9":"instock","10":"shipping-taxable","11":"product-type-simple"},"acf":[],"_links":{"self":[{"href":"https:\/\/www.abrasteel.com\/fr\/wp-json\/wp\/v2\/product\/1886","targetHints":{"allow":["GET"]}}],"collection":[{"href":"https:\/\/www.abrasteel.com\/fr\/wp-json\/wp\/v2\/product"}],"about":[{"href":"https:\/\/www.abrasteel.com\/fr\/wp-json\/wp\/v2\/types\/product"}],"replies":[{"embeddable":true,"href":"https:\/\/www.abrasteel.com\/fr\/wp-json\/wp\/v2\/comments?post=1886"}],"wp:featuredmedia":[{"embeddable":true,"href":"https:\/\/www.abrasteel.com\/fr\/wp-json\/wp\/v2\/media\/1379"}],"wp:attachment":[{"href":"https:\/\/www.abrasteel.com\/fr\/wp-json\/wp\/v2\/media?parent=1886"}],"wp:term":[{"taxonomy":"product_brand","embeddable":true,"href":"https:\/\/www.abrasteel.com\/fr\/wp-json\/wp\/v2\/product_brand?post=1886"},{"taxonomy":"product_cat","embeddable":true,"href":"https:\/\/www.abrasteel.com\/fr\/wp-json\/wp\/v2\/product_cat?post=1886"},{"taxonomy":"product_tag","embeddable":true,"href":"https:\/\/www.abrasteel.com\/fr\/wp-json\/wp\/v2\/product_tag?post=1886"}],"curies":[{"name":"wp","href":"https:\/\/api.w.org\/{rel}","templated":true}]}}