{"id":1880,"date":"2025-01-21T09:13:28","date_gmt":"2025-01-21T08:13:28","guid":{"rendered":"https:\/\/dev.b2b.studio\/abrasteel\/?post_type=product&#038;p=1880"},"modified":"2025-01-21T09:18:23","modified_gmt":"2025-01-21T08:18:23","slug":"dispositif-de-centrage-pour-brosses-ventilees-en-non-tisse","status":"publish","type":"product","link":"https:\/\/www.abrasteel.com\/fr\/accessoires-et-autres-consommables-abrasifs\/brosse-brushes\/dispositif-de-centrage-pour-brosses-ventilees-en-non-tisse\/","title":{"rendered":"Dispositif de centrage pour brosses ventil\u00e9es en non-tiss\u00e9"},"content":{"rendered":"<p>Dispositif de centrage pour brosses ventil\u00e9es en non-tiss\u00e9: Pour les brosses ventil\u00e9es en non-tiss\u00e9.<\/p>\n","protected":false},"excerpt":{"rendered":"<p>Dispositif de centrage pour brosses ventil\u00e9es en non-tiss\u00e9: Pour les brosses ventil\u00e9es en non-tiss\u00e9.<\/p>\n","protected":false},"featured_media":1535,"comment_status":"open","ping_status":"closed","template":"","meta":{"_acf_changed":false},"product_brand":[],"product_cat":[128],"product_tag":[],"class_list":{"0":"post-1880","1":"product","2":"type-product","3":"status-publish","4":"has-post-thumbnail","6":"product_cat-brosse-brushes","8":"first","9":"instock","10":"shipping-taxable","11":"product-type-simple"},"acf":[],"_links":{"self":[{"href":"https:\/\/www.abrasteel.com\/fr\/wp-json\/wp\/v2\/product\/1880","targetHints":{"allow":["GET"]}}],"collection":[{"href":"https:\/\/www.abrasteel.com\/fr\/wp-json\/wp\/v2\/product"}],"about":[{"href":"https:\/\/www.abrasteel.com\/fr\/wp-json\/wp\/v2\/types\/product"}],"replies":[{"embeddable":true,"href":"https:\/\/www.abrasteel.com\/fr\/wp-json\/wp\/v2\/comments?post=1880"}],"wp:featuredmedia":[{"embeddable":true,"href":"https:\/\/www.abrasteel.com\/fr\/wp-json\/wp\/v2\/media\/1535"}],"wp:attachment":[{"href":"https:\/\/www.abrasteel.com\/fr\/wp-json\/wp\/v2\/media?parent=1880"}],"wp:term":[{"taxonomy":"product_brand","embeddable":true,"href":"https:\/\/www.abrasteel.com\/fr\/wp-json\/wp\/v2\/product_brand?post=1880"},{"taxonomy":"product_cat","embeddable":true,"href":"https:\/\/www.abrasteel.com\/fr\/wp-json\/wp\/v2\/product_cat?post=1880"},{"taxonomy":"product_tag","embeddable":true,"href":"https:\/\/www.abrasteel.com\/fr\/wp-json\/wp\/v2\/product_tag?post=1880"}],"curies":[{"name":"wp","href":"https:\/\/api.w.org\/{rel}","templated":true}]}}