{"id":1874,"date":"2025-01-21T09:13:28","date_gmt":"2025-01-21T08:13:28","guid":{"rendered":"https:\/\/dev.b2b.studio\/abrasteel\/?post_type=product&#038;p=1874"},"modified":"2025-01-21T09:18:29","modified_gmt":"2025-01-21T08:18:29","slug":"restore","status":"publish","type":"product","link":"https:\/\/www.abrasteel.com\/fr\/accessoires-et-autres-consommables-abrasifs\/nettoyage-des-metaux\/restore\/","title":{"rendered":"Restore"},"content":{"rendered":"<p>Restore: Liquide de restauration des m\u00e9taux 400ml. En bouteille plastique avec distributeur. Nettoie et d\u00e9contamine les aciers inoxydables de la rouille et de la corrosion de surface. Respecte la finition polie ou satin\u00e9e de la t\u00f4le. Id\u00e9al pour restaurer les surfaces expos\u00e9es aux intemp\u00e9ries ou au salp\u00eatre. 100% biod\u00e9gradable.<\/p>\n","protected":false},"excerpt":{"rendered":"<p>Restore: Liquide de restauration des m\u00e9taux 400ml. En bouteille plastique avec distributeur. Nettoie et d\u00e9contamine les aciers inoxydables de la rouille et de la corrosion de surface. Respecte la finition polie ou satin\u00e9e de la t\u00f4le. Id\u00e9al pour restaurer les surfaces expos\u00e9es aux intemp\u00e9ries ou au salp\u00eatre. 100% biod\u00e9gradable.<\/p>\n","protected":false},"featured_media":1571,"comment_status":"open","ping_status":"closed","template":"","meta":{"_acf_changed":false},"product_brand":[],"product_cat":[126],"product_tag":[],"class_list":{"0":"post-1874","1":"product","2":"type-product","3":"status-publish","4":"has-post-thumbnail","6":"product_cat-nettoyage-des-metaux","8":"first","9":"instock","10":"shipping-taxable","11":"product-type-simple"},"acf":[],"_links":{"self":[{"href":"https:\/\/www.abrasteel.com\/fr\/wp-json\/wp\/v2\/product\/1874","targetHints":{"allow":["GET"]}}],"collection":[{"href":"https:\/\/www.abrasteel.com\/fr\/wp-json\/wp\/v2\/product"}],"about":[{"href":"https:\/\/www.abrasteel.com\/fr\/wp-json\/wp\/v2\/types\/product"}],"replies":[{"embeddable":true,"href":"https:\/\/www.abrasteel.com\/fr\/wp-json\/wp\/v2\/comments?post=1874"}],"wp:featuredmedia":[{"embeddable":true,"href":"https:\/\/www.abrasteel.com\/fr\/wp-json\/wp\/v2\/media\/1571"}],"wp:attachment":[{"href":"https:\/\/www.abrasteel.com\/fr\/wp-json\/wp\/v2\/media?parent=1874"}],"wp:term":[{"taxonomy":"product_brand","embeddable":true,"href":"https:\/\/www.abrasteel.com\/fr\/wp-json\/wp\/v2\/product_brand?post=1874"},{"taxonomy":"product_cat","embeddable":true,"href":"https:\/\/www.abrasteel.com\/fr\/wp-json\/wp\/v2\/product_cat?post=1874"},{"taxonomy":"product_tag","embeddable":true,"href":"https:\/\/www.abrasteel.com\/fr\/wp-json\/wp\/v2\/product_tag?post=1874"}],"curies":[{"name":"wp","href":"https:\/\/api.w.org\/{rel}","templated":true}]}}