{"id":1869,"date":"2025-01-21T09:14:34","date_gmt":"2025-01-21T08:14:34","guid":{"rendered":"https:\/\/dev.b2b.studio\/abrasteel\/?post_type=product&#038;p=1869"},"modified":"2025-01-21T09:18:36","modified_gmt":"2025-01-21T08:18:36","slug":"machine-easy-test","status":"publish","type":"product","link":"https:\/\/www.abrasteel.com\/fr\/accessoires-et-autres-consommables-abrasifs\/machines\/machine-easy-test\/","title":{"rendered":"Machine EASY TEST"},"content":{"rendered":"<p>Machine EASY TEST: INOX TEST est un instrument permettant d&rsquo;identifier les alliages d&rsquo;acier inoxydable les plus courants. Au moyen d&rsquo;un test \u00e9lectrochimique rapide et propre, il permet de distinguer, sans aucune possibilit\u00e9 d&rsquo;erreur, les aciers AISI 400, AISI 200 et AISI 300.<br \/>\nAdem\u00e1s, una vez reconocida la aleaci\u00f3n de inoxidable del tipo AISI 300, 316\/316L, con INOX TEST es posible llevar a cabo una distinci\u00f3n posterior para determinar si se trata de acero inoxidable AISI 300 (304, 308, etc.) o AISI<\/p>\n","protected":false},"excerpt":{"rendered":"<p>Machine EASY TEST: INOX TEST est un instrument permettant d&rsquo;identifier les alliages d&rsquo;acier inoxydable les plus courants. Au moyen d&rsquo;un test \u00e9lectrochimique rapide et propre, il permet de distinguer, sans aucune possibilit\u00e9 d&rsquo;erreur, les aciers AISI 400, AISI 200 et AISI 300. Adem\u00e1s, una vez reconocida la aleaci\u00f3n de inoxidable del tipo AISI 300, 316\/316L,<a href=\"https:\/\/www.abrasteel.com\/fr\/accessoires-et-autres-consommables-abrasifs\/machines\/machine-easy-test\/\">Continue reading <span class=\"sr-only\">\u00ab\u00a0Machine EASY TEST\u00a0\u00bb<\/span><\/a><\/p>\n","protected":false},"featured_media":1721,"comment_status":"open","ping_status":"closed","template":"","meta":{"_acf_changed":false},"product_brand":[],"product_cat":[125],"product_tag":[],"class_list":{"0":"post-1869","1":"product","2":"type-product","3":"status-publish","4":"has-post-thumbnail","6":"product_cat-machines","8":"first","9":"instock","10":"shipping-taxable","11":"product-type-simple"},"acf":[],"_links":{"self":[{"href":"https:\/\/www.abrasteel.com\/fr\/wp-json\/wp\/v2\/product\/1869","targetHints":{"allow":["GET"]}}],"collection":[{"href":"https:\/\/www.abrasteel.com\/fr\/wp-json\/wp\/v2\/product"}],"about":[{"href":"https:\/\/www.abrasteel.com\/fr\/wp-json\/wp\/v2\/types\/product"}],"replies":[{"embeddable":true,"href":"https:\/\/www.abrasteel.com\/fr\/wp-json\/wp\/v2\/comments?post=1869"}],"wp:featuredmedia":[{"embeddable":true,"href":"https:\/\/www.abrasteel.com\/fr\/wp-json\/wp\/v2\/media\/1721"}],"wp:attachment":[{"href":"https:\/\/www.abrasteel.com\/fr\/wp-json\/wp\/v2\/media?parent=1869"}],"wp:term":[{"taxonomy":"product_brand","embeddable":true,"href":"https:\/\/www.abrasteel.com\/fr\/wp-json\/wp\/v2\/product_brand?post=1869"},{"taxonomy":"product_cat","embeddable":true,"href":"https:\/\/www.abrasteel.com\/fr\/wp-json\/wp\/v2\/product_cat?post=1869"},{"taxonomy":"product_tag","embeddable":true,"href":"https:\/\/www.abrasteel.com\/fr\/wp-json\/wp\/v2\/product_tag?post=1869"}],"curies":[{"name":"wp","href":"https:\/\/api.w.org\/{rel}","templated":true}]}}