{"id":1864,"date":"2025-01-21T09:11:55","date_gmt":"2025-01-21T08:11:55","guid":{"rendered":"https:\/\/dev.b2b.studio\/abrasteel\/?post_type=product&#038;p=1864"},"modified":"2025-02-20T12:27:56","modified_gmt":"2025-02-20T11:27:56","slug":"disque-de-coupe-pour-voie-ferree","status":"publish","type":"product","link":"https:\/\/www.abrasteel.com\/fr\/disques-abrasifs\/disques-de-decouper\/disque-de-coupe-pour-voie-ferree\/","title":{"rendered":"Disque de coupe pour voie ferr\u00e9e"},"content":{"rendered":"<p>Disque de coupe pour voie ferr\u00e9e: Coupe rapide, longue dur\u00e9e de vie et pr\u00e9cision maximale.<\/p>\n","protected":false},"excerpt":{"rendered":"<p><strong>Tableau des mesures du disque de coupe pour voie ferr\u00e9e<\/strong><\/p>\n<table border=\"1\">\n<thead>\n<tr>\n<th>\u00d8<\/th>\n<th>\u00c9paisseur<\/th>\n<th>Trou<\/th>\n<th>R\u00e9f.<\/th>\n<th>Sp\u00e9cification<\/th>\n<th>RPM<\/th>\n<th>Bo\u00eete<\/th>\n<\/tr>\n<\/thead>\n<tbody>\n<tr>\n<td>350<\/td>\n<td>4<\/td>\n<td>25.4<\/td>\n<td>DCRC01<\/td>\n<td>A24 RAIL CUTT<\/td>\n<td>5,500<\/td>\n<td>25<\/td>\n<\/tr>\n<tr>\n<td>400<\/td>\n<td>4<\/td>\n<td>25.4<\/td>\n<td>DCRC02<\/td>\n<td>A24 RAIL CUTT<\/td>\n<td>4,800<\/td>\n<td>10<\/td>\n<\/tr>\n<\/tbody>\n<\/table>\n<p>&nbsp;<\/p>\n","protected":false},"featured_media":698,"comment_status":"open","ping_status":"closed","template":"","meta":{"_acf_changed":false},"product_brand":[],"product_cat":[124],"product_tag":[],"class_list":{"0":"post-1864","1":"product","2":"type-product","3":"status-publish","4":"has-post-thumbnail","6":"product_cat-disques-de-decouper","8":"first","9":"instock","10":"shipping-taxable","11":"product-type-simple"},"acf":[],"_links":{"self":[{"href":"https:\/\/www.abrasteel.com\/fr\/wp-json\/wp\/v2\/product\/1864","targetHints":{"allow":["GET"]}}],"collection":[{"href":"https:\/\/www.abrasteel.com\/fr\/wp-json\/wp\/v2\/product"}],"about":[{"href":"https:\/\/www.abrasteel.com\/fr\/wp-json\/wp\/v2\/types\/product"}],"replies":[{"embeddable":true,"href":"https:\/\/www.abrasteel.com\/fr\/wp-json\/wp\/v2\/comments?post=1864"}],"wp:featuredmedia":[{"embeddable":true,"href":"https:\/\/www.abrasteel.com\/fr\/wp-json\/wp\/v2\/media\/698"}],"wp:attachment":[{"href":"https:\/\/www.abrasteel.com\/fr\/wp-json\/wp\/v2\/media?parent=1864"}],"wp:term":[{"taxonomy":"product_brand","embeddable":true,"href":"https:\/\/www.abrasteel.com\/fr\/wp-json\/wp\/v2\/product_brand?post=1864"},{"taxonomy":"product_cat","embeddable":true,"href":"https:\/\/www.abrasteel.com\/fr\/wp-json\/wp\/v2\/product_cat?post=1864"},{"taxonomy":"product_tag","embeddable":true,"href":"https:\/\/www.abrasteel.com\/fr\/wp-json\/wp\/v2\/product_tag?post=1864"}],"curies":[{"name":"wp","href":"https:\/\/api.w.org\/{rel}","templated":true}]}}