{"id":1860,"date":"2025-01-21T09:11:55","date_gmt":"2025-01-21T08:11:55","guid":{"rendered":"https:\/\/dev.b2b.studio\/abrasteel\/?post_type=product&#038;p=1860"},"modified":"2025-02-20T12:51:23","modified_gmt":"2025-02-20T11:51:23","slug":"disque-de-meulage-conique","status":"publish","type":"product","link":"https:\/\/www.abrasteel.com\/fr\/disques-abrasifs\/disques-de-meulage\/disque-de-meulage-conique\/","title":{"rendered":"Disque de meulage CONIQUE"},"content":{"rendered":"<p>Disque de meulage CONIQUE: Disque de forme conique \u00e0 15 degr\u00e9s, sp\u00e9cialement con\u00e7u pour le meulage en position horizontale. La surface de contact est beaucoup plus grande qu&rsquo;un disque classique. Pour les aciers et les aciers inoxydables.<\/p>\n","protected":false},"excerpt":{"rendered":"<p><strong>Tableau des mesures du disque de meulage CONIQUE<\/strong><\/p>\n<table border=\"1\">\n<thead>\n<tr>\n<th>\u00d8<\/th>\n<th>\u00c9paisseur<\/th>\n<th>Trou<\/th>\n<th>R\u00e9f.<\/th>\n<th>Sp\u00e9cification<\/th>\n<th>RPM<\/th>\n<th>Bo\u00eete<\/th>\n<\/tr>\n<\/thead>\n<tbody>\n<tr>\n<td>115<\/td>\n<td>6.5<\/td>\n<td>22.23<\/td>\n<td>DDC001<\/td>\n<td>CONE A24-30-36R<\/td>\n<td>13,300<\/td>\n<td>25<\/td>\n<\/tr>\n<tr>\n<td>125<\/td>\n<td>6.5<\/td>\n<td>22.23<\/td>\n<td>DDC010<\/td>\n<td>CONE A24-30-36R<\/td>\n<td>12,200<\/td>\n<td>25<\/td>\n<\/tr>\n<tr>\n<td>180<\/td>\n<td>8<\/td>\n<td>22.23<\/td>\n<td>DDC020<\/td>\n<td>CONE A24-30-36R<\/td>\n<td>8,600<\/td>\n<td>25<\/td>\n<\/tr>\n<tr>\n<td>230<\/td>\n<td>8<\/td>\n<td>22.23<\/td>\n<td>DDC030<\/td>\n<td>CONE A24-30-36R<\/td>\n<td>6,600<\/td>\n<td>25<\/td>\n<\/tr>\n<\/tbody>\n<\/table>\n<p>&nbsp;<\/p>\n","protected":false},"featured_media":722,"comment_status":"open","ping_status":"closed","template":"","meta":{"_acf_changed":false},"product_brand":[],"product_cat":[123],"product_tag":[],"class_list":{"0":"post-1860","1":"product","2":"type-product","3":"status-publish","4":"has-post-thumbnail","6":"product_cat-disques-de-meulage","8":"first","9":"instock","10":"shipping-taxable","11":"product-type-simple"},"acf":[],"_links":{"self":[{"href":"https:\/\/www.abrasteel.com\/fr\/wp-json\/wp\/v2\/product\/1860","targetHints":{"allow":["GET"]}}],"collection":[{"href":"https:\/\/www.abrasteel.com\/fr\/wp-json\/wp\/v2\/product"}],"about":[{"href":"https:\/\/www.abrasteel.com\/fr\/wp-json\/wp\/v2\/types\/product"}],"replies":[{"embeddable":true,"href":"https:\/\/www.abrasteel.com\/fr\/wp-json\/wp\/v2\/comments?post=1860"}],"wp:featuredmedia":[{"embeddable":true,"href":"https:\/\/www.abrasteel.com\/fr\/wp-json\/wp\/v2\/media\/722"}],"wp:attachment":[{"href":"https:\/\/www.abrasteel.com\/fr\/wp-json\/wp\/v2\/media?parent=1860"}],"wp:term":[{"taxonomy":"product_brand","embeddable":true,"href":"https:\/\/www.abrasteel.com\/fr\/wp-json\/wp\/v2\/product_brand?post=1860"},{"taxonomy":"product_cat","embeddable":true,"href":"https:\/\/www.abrasteel.com\/fr\/wp-json\/wp\/v2\/product_cat?post=1860"},{"taxonomy":"product_tag","embeddable":true,"href":"https:\/\/www.abrasteel.com\/fr\/wp-json\/wp\/v2\/product_tag?post=1860"}],"curies":[{"name":"wp","href":"https:\/\/api.w.org\/{rel}","templated":true}]}}