{"id":1859,"date":"2025-01-21T09:11:55","date_gmt":"2025-01-21T08:11:55","guid":{"rendered":"https:\/\/dev.b2b.studio\/abrasteel\/?post_type=product&#038;p=1859"},"modified":"2025-02-20T12:54:51","modified_gmt":"2025-02-20T11:54:51","slug":"disque-a-lamelles-zafir","status":"publish","type":"product","link":"https:\/\/www.abrasteel.com\/fr\/disques-abrasifs\/disques-lames\/disque-a-lamelles-zafir\/","title":{"rendered":"Disque \u00e0 lamelles ZAFIR"},"content":{"rendered":"<p>Disque \u00e0 lamelles ZAFIR: Pour ceux qui veulent travailler tous les types de m\u00e9taux et qui veulent obtenir le meilleur travail au meilleur prix. Support en fibre de verre.<\/p>\n","protected":false},"excerpt":{"rendered":"<p><strong>Tableau des mesures du disque \u00e0 lamelles ZAFIR<\/strong><\/p>\n<table border=\"1\">\n<thead>\n<tr>\n<th colspan=\"8\">S\u00e9rie DCZ<\/th>\n<\/tr>\n<tr>\n<th>\u00d8<\/th>\n<th>Trou<\/th>\n<th>Grain 40<\/th>\n<th>Grain 60<\/th>\n<th>Grain 80<\/th>\n<th>Grain 120<\/th>\n<th>RPM<\/th>\n<th>Bo\u00eete<\/th>\n<\/tr>\n<\/thead>\n<tbody>\n<tr>\n<td>115<\/td>\n<td>22<\/td>\n<td>DCZ001<\/td>\n<td>DCZ002<\/td>\n<td>DCZ003<\/td>\n<td>DCZ004<\/td>\n<td>13,300<\/td>\n<td>30<\/td>\n<\/tr>\n<tr>\n<td>125<\/td>\n<td>22<\/td>\n<td>DCZ010<\/td>\n<td>DCZ011<\/td>\n<td>DCZ012<\/td>\n<td>DCZ013<\/td>\n<td>12,200<\/td>\n<td>30<\/td>\n<\/tr>\n<tr>\n<td>178<\/td>\n<td>22<\/td>\n<td>DCZ020<\/td>\n<td>DCZ021<\/td>\n<td>DCZ022<\/td>\n<td>DCZ023<\/td>\n<td>8,600<\/td>\n<td>10<\/td>\n<\/tr>\n<\/tbody>\n<thead>\n<tr>\n<th colspan=\"8\">S\u00e9rie DPZ<\/th>\n<\/tr>\n<tr>\n<th>\u00d8<\/th>\n<th>Trou<\/th>\n<th>Grain 40<\/th>\n<th>Grain 60<\/th>\n<th>Grain 80<\/th>\n<th>Grain 120<\/th>\n<th>RPM<\/th>\n<th>Bo\u00eete<\/th>\n<\/tr>\n<\/thead>\n<tbody>\n<tr>\n<td>115<\/td>\n<td>22<\/td>\n<td>DPZ001<\/td>\n<td>DPZ002<\/td>\n<td>DPZ003<\/td>\n<td>DPZ004<\/td>\n<td>13,300<\/td>\n<td>30<\/td>\n<\/tr>\n<tr>\n<td>125<\/td>\n<td>22<\/td>\n<td>DPZ010<\/td>\n<td>DPZ011<\/td>\n<td>DPZ012<\/td>\n<td>DPZ013<\/td>\n<td>12,200<\/td>\n<td>30<\/td>\n<\/tr>\n<tr>\n<td>178<\/td>\n<td>22<\/td>\n<td>DPZ020<\/td>\n<td>DPZ021<\/td>\n<td>DPZ022<\/td>\n<td>DPZ023<\/td>\n<td>8,600<\/td>\n<td>10<\/td>\n<\/tr>\n<\/tbody>\n<\/table>\n<p>&nbsp;<\/p>\n","protected":false},"featured_media":728,"comment_status":"open","ping_status":"closed","template":"","meta":{"_acf_changed":false},"product_brand":[],"product_cat":[122],"product_tag":[],"class_list":{"0":"post-1859","1":"product","2":"type-product","3":"status-publish","4":"has-post-thumbnail","6":"product_cat-disques-lames","8":"first","9":"instock","10":"shipping-taxable","11":"product-type-simple"},"acf":[],"_links":{"self":[{"href":"https:\/\/www.abrasteel.com\/fr\/wp-json\/wp\/v2\/product\/1859","targetHints":{"allow":["GET"]}}],"collection":[{"href":"https:\/\/www.abrasteel.com\/fr\/wp-json\/wp\/v2\/product"}],"about":[{"href":"https:\/\/www.abrasteel.com\/fr\/wp-json\/wp\/v2\/types\/product"}],"replies":[{"embeddable":true,"href":"https:\/\/www.abrasteel.com\/fr\/wp-json\/wp\/v2\/comments?post=1859"}],"wp:featuredmedia":[{"embeddable":true,"href":"https:\/\/www.abrasteel.com\/fr\/wp-json\/wp\/v2\/media\/728"}],"wp:attachment":[{"href":"https:\/\/www.abrasteel.com\/fr\/wp-json\/wp\/v2\/media?parent=1859"}],"wp:term":[{"taxonomy":"product_brand","embeddable":true,"href":"https:\/\/www.abrasteel.com\/fr\/wp-json\/wp\/v2\/product_brand?post=1859"},{"taxonomy":"product_cat","embeddable":true,"href":"https:\/\/www.abrasteel.com\/fr\/wp-json\/wp\/v2\/product_cat?post=1859"},{"taxonomy":"product_tag","embeddable":true,"href":"https:\/\/www.abrasteel.com\/fr\/wp-json\/wp\/v2\/product_tag?post=1859"}],"curies":[{"name":"wp","href":"https:\/\/api.w.org\/{rel}","templated":true}]}}