{"id":1858,"date":"2025-01-21T09:11:55","date_gmt":"2025-01-21T08:11:55","guid":{"rendered":"https:\/\/dev.b2b.studio\/abrasteel\/?post_type=product&#038;p=1858"},"modified":"2025-02-20T12:18:48","modified_gmt":"2025-02-20T11:18:48","slug":"disque-a-lamelles-basic","status":"publish","type":"product","link":"https:\/\/www.abrasteel.com\/fr\/disques-abrasifs\/disques-lames\/disque-a-lamelles-basic\/","title":{"rendered":"Disque \u00e0 lamelles BASIC"},"content":{"rendered":"<p>Disque \u00e0 lamelles BASIC: Travailler tous les types de mat\u00e9riaux et avoir un bon rapport qualit\u00e9-prix. Support en fibre de verre.<\/p>\n","protected":false},"excerpt":{"rendered":"<p><strong>Tableau des mesures du disque \u00e0 lamelles BASIC<\/strong><\/p>\n<table border=\"1\">\n<thead>\n<tr>\n<th colspan=\"8\">S\u00e9rie DLCZ<\/th>\n<\/tr>\n<tr>\n<th>\u00d8<\/th>\n<th>Trou<\/th>\n<th>Grain 40<\/th>\n<th>Grain 60<\/th>\n<th>Grain 80<\/th>\n<th>Grain 120<\/th>\n<th>RPM<\/th>\n<th>Bo\u00eete<\/th>\n<\/tr>\n<\/thead>\n<tbody>\n<tr>\n<td>115<\/td>\n<td>22<\/td>\n<td>DLCZ02<\/td>\n<td>DLCZ04<\/td>\n<td>DLCZ05<\/td>\n<td>DLCZ07<\/td>\n<td>13,300<\/td>\n<td>30<\/td>\n<\/tr>\n<tr>\n<td>125<\/td>\n<td>22<\/td>\n<td>DLCZ09<\/td>\n<td>DLCZ11<\/td>\n<td>DLCZ12<\/td>\n<td>DLCZ14<\/td>\n<td>12,200<\/td>\n<td>30<\/td>\n<\/tr>\n<tr>\n<td>178<\/td>\n<td>22<\/td>\n<td>DLCZ16<\/td>\n<td>DLCZ18<\/td>\n<td>DLCZ19<\/td>\n<td>DLCZ21<\/td>\n<td>8,600<\/td>\n<td>10<\/td>\n<\/tr>\n<\/tbody>\n<thead>\n<tr>\n<th colspan=\"8\">S\u00e9rie DLPZ<\/th>\n<\/tr>\n<tr>\n<th>\u00d8<\/th>\n<th>Trou<\/th>\n<th>Grain 40<\/th>\n<th>Grain 60<\/th>\n<th>Grain 80<\/th>\n<th>Grain 120<\/th>\n<th>RPM<\/th>\n<th>Bo\u00eete<\/th>\n<\/tr>\n<\/thead>\n<tbody>\n<tr>\n<td>115<\/td>\n<td>22<\/td>\n<td>DLPZ02<\/td>\n<td>DLPZ04<\/td>\n<td>DLPZ05<\/td>\n<td>DLPZ07<\/td>\n<td>13,300<\/td>\n<td>30<\/td>\n<\/tr>\n<tr>\n<td>125<\/td>\n<td>22<\/td>\n<td>DLPZ09<\/td>\n<td>DLPZ11<\/td>\n<td>DLPZ12<\/td>\n<td>DLPZ14<\/td>\n<td>12,200<\/td>\n<td>30<\/td>\n<\/tr>\n<tr>\n<td>178<\/td>\n<td>22<\/td>\n<td>DLPZ16<\/td>\n<td>DLPZ18<\/td>\n<td>DLPZ19<\/td>\n<td>DLPZ21<\/td>\n<td>8,600<\/td>\n<td>10<\/td>\n<\/tr>\n<\/tbody>\n<\/table>\n<p>&nbsp;<\/p>\n","protected":false},"featured_media":734,"comment_status":"open","ping_status":"closed","template":"","meta":{"_acf_changed":false},"product_brand":[],"product_cat":[122],"product_tag":[],"class_list":{"0":"post-1858","1":"product","2":"type-product","3":"status-publish","4":"has-post-thumbnail","6":"product_cat-disques-lames","8":"first","9":"instock","10":"shipping-taxable","11":"product-type-simple"},"acf":[],"_links":{"self":[{"href":"https:\/\/www.abrasteel.com\/fr\/wp-json\/wp\/v2\/product\/1858","targetHints":{"allow":["GET"]}}],"collection":[{"href":"https:\/\/www.abrasteel.com\/fr\/wp-json\/wp\/v2\/product"}],"about":[{"href":"https:\/\/www.abrasteel.com\/fr\/wp-json\/wp\/v2\/types\/product"}],"replies":[{"embeddable":true,"href":"https:\/\/www.abrasteel.com\/fr\/wp-json\/wp\/v2\/comments?post=1858"}],"wp:featuredmedia":[{"embeddable":true,"href":"https:\/\/www.abrasteel.com\/fr\/wp-json\/wp\/v2\/media\/734"}],"wp:attachment":[{"href":"https:\/\/www.abrasteel.com\/fr\/wp-json\/wp\/v2\/media?parent=1858"}],"wp:term":[{"taxonomy":"product_brand","embeddable":true,"href":"https:\/\/www.abrasteel.com\/fr\/wp-json\/wp\/v2\/product_brand?post=1858"},{"taxonomy":"product_cat","embeddable":true,"href":"https:\/\/www.abrasteel.com\/fr\/wp-json\/wp\/v2\/product_cat?post=1858"},{"taxonomy":"product_tag","embeddable":true,"href":"https:\/\/www.abrasteel.com\/fr\/wp-json\/wp\/v2\/product_tag?post=1858"}],"curies":[{"name":"wp","href":"https:\/\/api.w.org\/{rel}","templated":true}]}}