{"id":1855,"date":"2025-01-21T09:11:55","date_gmt":"2025-01-21T08:11:55","guid":{"rendered":"https:\/\/dev.b2b.studio\/abrasteel\/?post_type=product&#038;p=1855"},"modified":"2025-02-20T11:57:23","modified_gmt":"2025-02-20T10:57:23","slug":"disque-a-lame-heavy-duty","status":"publish","type":"product","link":"https:\/\/www.abrasteel.com\/fr\/disques-abrasifs\/disques-lames\/disque-a-lame-heavy-duty\/","title":{"rendered":"Disque \u00e0 lame HEAVY DUTY"},"content":{"rendered":"<p>Disque \u00e0 lame HEAVY DUTY: Fabriqu\u00e9 avec 70% de tissu en plus qu&rsquo;un disque conventionnel. La grande quantit\u00e9 de tissu dans le disque permet de travailler avec des grains grossiers et de laisser une rugosit\u00e9 optimale. Support en fibre de verre.<\/p>\n","protected":false},"excerpt":{"rendered":"<p><strong>Table des Mesures de Disque \u00e0 Lamelles HEAVY DUTY<\/strong><\/p>\n<table border=\"1\">\n<thead>\n<tr>\n<th colspan=\"7\">S\u00e9rie DHDC<\/th>\n<\/tr>\n<tr>\n<th>Mesures<\/th>\n<th>Grain 40<\/th>\n<th>Grain 60<\/th>\n<th>Grain 80<\/th>\n<th>Grain 120<\/th>\n<th>RPM<\/th>\n<th>Bo\u00eete<\/th>\n<\/tr>\n<\/thead>\n<tbody>\n<tr>\n<td>115&#215;22<\/td>\n<td>DHDC01<\/td>\n<td>DHDC04<\/td>\n<td>DHDC07<\/td>\n<td>DHDC09<\/td>\n<td>13 300<\/td>\n<td>16<\/td>\n<\/tr>\n<tr>\n<td>125&#215;22<\/td>\n<td>DHDC02<\/td>\n<td>DHDC05<\/td>\n<td>DHDC08<\/td>\n<td>DHDC10<\/td>\n<td>12 200<\/td>\n<td>16<\/td>\n<\/tr>\n<\/tbody>\n<thead>\n<tr>\n<th colspan=\"7\">S\u00e9rie DHDP<\/th>\n<\/tr>\n<tr>\n<th>Mesures<\/th>\n<th>Grain 40<\/th>\n<th>Grain 60<\/th>\n<th>Grain 80<\/th>\n<th>Grain 120<\/th>\n<th>RPM<\/th>\n<th>Bo\u00eete<\/th>\n<\/tr>\n<\/thead>\n<tbody>\n<tr>\n<td>115&#215;22<\/td>\n<td>DHDP01<\/td>\n<td>DHDP04<\/td>\n<td>DHDP07<\/td>\n<td>DHDP11<\/td>\n<td>13 300<\/td>\n<td>16<\/td>\n<\/tr>\n<tr>\n<td>125&#215;22<\/td>\n<td>DHDP02<\/td>\n<td>DHDP05<\/td>\n<td>DHDP08<\/td>\n<td>DHDP09<\/td>\n<td>12 200<\/td>\n<td>16<\/td>\n<\/tr>\n<\/tbody>\n<\/table>\n","protected":false},"featured_media":752,"comment_status":"open","ping_status":"closed","template":"","meta":{"_acf_changed":false},"product_brand":[],"product_cat":[122],"product_tag":[],"class_list":{"0":"post-1855","1":"product","2":"type-product","3":"status-publish","4":"has-post-thumbnail","6":"product_cat-disques-lames","8":"first","9":"instock","10":"shipping-taxable","11":"product-type-simple"},"acf":[],"_links":{"self":[{"href":"https:\/\/www.abrasteel.com\/fr\/wp-json\/wp\/v2\/product\/1855","targetHints":{"allow":["GET"]}}],"collection":[{"href":"https:\/\/www.abrasteel.com\/fr\/wp-json\/wp\/v2\/product"}],"about":[{"href":"https:\/\/www.abrasteel.com\/fr\/wp-json\/wp\/v2\/types\/product"}],"replies":[{"embeddable":true,"href":"https:\/\/www.abrasteel.com\/fr\/wp-json\/wp\/v2\/comments?post=1855"}],"wp:featuredmedia":[{"embeddable":true,"href":"https:\/\/www.abrasteel.com\/fr\/wp-json\/wp\/v2\/media\/752"}],"wp:attachment":[{"href":"https:\/\/www.abrasteel.com\/fr\/wp-json\/wp\/v2\/media?parent=1855"}],"wp:term":[{"taxonomy":"product_brand","embeddable":true,"href":"https:\/\/www.abrasteel.com\/fr\/wp-json\/wp\/v2\/product_brand?post=1855"},{"taxonomy":"product_cat","embeddable":true,"href":"https:\/\/www.abrasteel.com\/fr\/wp-json\/wp\/v2\/product_cat?post=1855"},{"taxonomy":"product_tag","embeddable":true,"href":"https:\/\/www.abrasteel.com\/fr\/wp-json\/wp\/v2\/product_tag?post=1855"}],"curies":[{"name":"wp","href":"https:\/\/api.w.org\/{rel}","templated":true}]}}