{"id":1854,"date":"2025-01-21T09:11:55","date_gmt":"2025-01-21T08:11:55","guid":{"rendered":"https:\/\/dev.b2b.studio\/abrasteel\/?post_type=product&#038;p=1854"},"modified":"2025-02-20T12:01:17","modified_gmt":"2025-02-20T11:01:17","slug":"disques-a-lamelles-zc-mixed","status":"publish","type":"product","link":"https:\/\/www.abrasteel.com\/fr\/disques-abrasifs\/disques-lames\/disques-a-lamelles-zc-mixed\/","title":{"rendered":"Disques \u00e0 lamelles Z&#038;C MIXED"},"content":{"rendered":"<p>Disques \u00e0 lamelles Z&amp;C MIXED: Disque avec support en fibre de verre et r\u00e9partition des lames 2 en 2, mont\u00e9 avec des lames en zircone et en c\u00e9ramique. Il a un comportement tr\u00e8s agressif.<\/p>\n","protected":false},"excerpt":{"rendered":"<p><strong>Table des Mesures de Disque \u00e0 Lamelles MIXTE Z&amp;C<\/strong><\/p>\n<table border=\"1\">\n<thead>\n<tr>\n<th colspan=\"8\">S\u00e9rie DMZC<\/th>\n<\/tr>\n<tr>\n<th>\u00d8<\/th>\n<th>Trou<\/th>\n<th>Grain 40<\/th>\n<th>Grain 60<\/th>\n<th>Grain 80<\/th>\n<th>Grain 120<\/th>\n<th>RPM<\/th>\n<th>Bo\u00eete<\/th>\n<\/tr>\n<\/thead>\n<tbody>\n<tr>\n<td>115<\/td>\n<td>22<\/td>\n<td>DMZC01<\/td>\n<td>DMZC02<\/td>\n<td>DMZC03<\/td>\n<td>DMZC04<\/td>\n<td>13 300<\/td>\n<td>30<\/td>\n<\/tr>\n<tr>\n<td>125<\/td>\n<td>22<\/td>\n<td>DMZC10<\/td>\n<td>DMZC11<\/td>\n<td>DMZC12<\/td>\n<td>DMZC13<\/td>\n<td>12 200<\/td>\n<td>30<\/td>\n<\/tr>\n<\/tbody>\n<thead>\n<tr>\n<th colspan=\"8\">S\u00e9rie DMZP<\/th>\n<\/tr>\n<tr>\n<th>\u00d8<\/th>\n<th>Trou<\/th>\n<th>Grain 40<\/th>\n<th>Grain 60<\/th>\n<th>Grain 80<\/th>\n<th>Grain 120<\/th>\n<th>RPM<\/th>\n<th>Bo\u00eete<\/th>\n<\/tr>\n<\/thead>\n<tbody>\n<tr>\n<td>115<\/td>\n<td>22<\/td>\n<td>DMZP01<\/td>\n<td>DMZP02<\/td>\n<td>DMZP03<\/td>\n<td>DMZP04<\/td>\n<td>13 300<\/td>\n<td>30<\/td>\n<\/tr>\n<tr>\n<td>125<\/td>\n<td>22<\/td>\n<td>DMZP10<\/td>\n<td>DMZP11<\/td>\n<td>DMZP12<\/td>\n<td>DMZP13<\/td>\n<td>12 200<\/td>\n<td>30<\/td>\n<\/tr>\n<\/tbody>\n<\/table>\n","protected":false},"featured_media":758,"comment_status":"open","ping_status":"closed","template":"","meta":{"_acf_changed":false},"product_brand":[],"product_cat":[122],"product_tag":[],"class_list":{"0":"post-1854","1":"product","2":"type-product","3":"status-publish","4":"has-post-thumbnail","6":"product_cat-disques-lames","8":"first","9":"instock","10":"shipping-taxable","11":"product-type-simple"},"acf":[],"_links":{"self":[{"href":"https:\/\/www.abrasteel.com\/fr\/wp-json\/wp\/v2\/product\/1854","targetHints":{"allow":["GET"]}}],"collection":[{"href":"https:\/\/www.abrasteel.com\/fr\/wp-json\/wp\/v2\/product"}],"about":[{"href":"https:\/\/www.abrasteel.com\/fr\/wp-json\/wp\/v2\/types\/product"}],"replies":[{"embeddable":true,"href":"https:\/\/www.abrasteel.com\/fr\/wp-json\/wp\/v2\/comments?post=1854"}],"wp:featuredmedia":[{"embeddable":true,"href":"https:\/\/www.abrasteel.com\/fr\/wp-json\/wp\/v2\/media\/758"}],"wp:attachment":[{"href":"https:\/\/www.abrasteel.com\/fr\/wp-json\/wp\/v2\/media?parent=1854"}],"wp:term":[{"taxonomy":"product_brand","embeddable":true,"href":"https:\/\/www.abrasteel.com\/fr\/wp-json\/wp\/v2\/product_brand?post=1854"},{"taxonomy":"product_cat","embeddable":true,"href":"https:\/\/www.abrasteel.com\/fr\/wp-json\/wp\/v2\/product_cat?post=1854"},{"taxonomy":"product_tag","embeddable":true,"href":"https:\/\/www.abrasteel.com\/fr\/wp-json\/wp\/v2\/product_tag?post=1854"}],"curies":[{"name":"wp","href":"https:\/\/api.w.org\/{rel}","templated":true}]}}