{"id":1853,"date":"2025-01-21T09:11:55","date_gmt":"2025-01-21T08:11:55","guid":{"rendered":"https:\/\/dev.b2b.studio\/abrasteel\/?post_type=product&#038;p=1853"},"modified":"2025-02-20T12:12:42","modified_gmt":"2025-02-20T11:12:42","slug":"disque-a-lamelles-turbo","status":"publish","type":"product","link":"https:\/\/www.abrasteel.com\/fr\/disques-abrasifs\/disques-lames\/disque-a-lamelles-turbo\/","title":{"rendered":"Disque \u00e0 lamelles TURBO"},"content":{"rendered":"<p>Disque \u00e0 lamelles TURBO: Fabriqu\u00e9 avec un support en plastique M14. Le disque peut \u00eatre fix\u00e9 \u00e0 la machine par un contre-filet sans aucun \u00e9crou. L&rsquo;arrangement des lames est bilamin\u00e9 2 par 2, avec une quantit\u00e9 de tissu sup\u00e9rieure \u00e0 celle de tout autre disque lamellaire. Id\u00e9al pour travailler sur des surfaces planes avec tout type de mat\u00e9riau.<\/p>\n","protected":false},"excerpt":{"rendered":"<p><strong>Table des Mesures de Disque \u00e0 Lamelles TURBO<\/strong><\/p>\n<table border=\"1\">\n<thead>\n<tr>\n<th colspan=\"8\">S\u00e9rie DLTC<\/th>\n<\/tr>\n<tr>\n<th>\u00d8<\/th>\n<th>Trou<\/th>\n<th>Grain 40<\/th>\n<th>Grain 60<\/th>\n<th>Grain 80<\/th>\n<th>Grain 120<\/th>\n<th>RPM<\/th>\n<th>Bo\u00eete<\/th>\n<\/tr>\n<\/thead>\n<tbody>\n<tr>\n<td>115<\/td>\n<td>M14<\/td>\n<td>DLTC01<\/td>\n<td>DLTC02<\/td>\n<td>DLTC03<\/td>\n<td>DLTC04<\/td>\n<td>13 300<\/td>\n<td>16<\/td>\n<\/tr>\n<tr>\n<td>125<\/td>\n<td>M14<\/td>\n<td>DLTC10<\/td>\n<td>DLTC11<\/td>\n<td>DLTC12<\/td>\n<td>DLTC13<\/td>\n<td>12 200<\/td>\n<td>16<\/td>\n<\/tr>\n<\/tbody>\n<thead>\n<tr>\n<th colspan=\"8\">S\u00e9rie DLTP<\/th>\n<\/tr>\n<tr>\n<th>\u00d8<\/th>\n<th>Trou<\/th>\n<th>Grain 40<\/th>\n<th>Grain 60<\/th>\n<th>Grain 80<\/th>\n<th>Grain 120<\/th>\n<th>RPM<\/th>\n<th>Bo\u00eete<\/th>\n<\/tr>\n<\/thead>\n<tbody>\n<tr>\n<td>115<\/td>\n<td>M14<\/td>\n<td>DLTP01<\/td>\n<td>DLTP02<\/td>\n<td>DLTP03<\/td>\n<td>DLTP04<\/td>\n<td>13 300<\/td>\n<td>16<\/td>\n<\/tr>\n<tr>\n<td>125<\/td>\n<td>M14<\/td>\n<td>DLTP10<\/td>\n<td>DLTP11<\/td>\n<td>DLTP12<\/td>\n<td>DLTP13<\/td>\n<td>12 200<\/td>\n<td>16<\/td>\n<\/tr>\n<\/tbody>\n<\/table>\n","protected":false},"featured_media":764,"comment_status":"open","ping_status":"closed","template":"","meta":{"_acf_changed":false},"product_brand":[],"product_cat":[122],"product_tag":[],"class_list":{"0":"post-1853","1":"product","2":"type-product","3":"status-publish","4":"has-post-thumbnail","6":"product_cat-disques-lames","8":"first","9":"instock","10":"shipping-taxable","11":"product-type-simple"},"acf":[],"_links":{"self":[{"href":"https:\/\/www.abrasteel.com\/fr\/wp-json\/wp\/v2\/product\/1853","targetHints":{"allow":["GET"]}}],"collection":[{"href":"https:\/\/www.abrasteel.com\/fr\/wp-json\/wp\/v2\/product"}],"about":[{"href":"https:\/\/www.abrasteel.com\/fr\/wp-json\/wp\/v2\/types\/product"}],"replies":[{"embeddable":true,"href":"https:\/\/www.abrasteel.com\/fr\/wp-json\/wp\/v2\/comments?post=1853"}],"wp:featuredmedia":[{"embeddable":true,"href":"https:\/\/www.abrasteel.com\/fr\/wp-json\/wp\/v2\/media\/764"}],"wp:attachment":[{"href":"https:\/\/www.abrasteel.com\/fr\/wp-json\/wp\/v2\/media?parent=1853"}],"wp:term":[{"taxonomy":"product_brand","embeddable":true,"href":"https:\/\/www.abrasteel.com\/fr\/wp-json\/wp\/v2\/product_brand?post=1853"},{"taxonomy":"product_cat","embeddable":true,"href":"https:\/\/www.abrasteel.com\/fr\/wp-json\/wp\/v2\/product_cat?post=1853"},{"taxonomy":"product_tag","embeddable":true,"href":"https:\/\/www.abrasteel.com\/fr\/wp-json\/wp\/v2\/product_tag?post=1853"}],"curies":[{"name":"wp","href":"https:\/\/api.w.org\/{rel}","templated":true}]}}