{"id":1852,"date":"2025-01-21T09:11:55","date_gmt":"2025-01-21T08:11:55","guid":{"rendered":"https:\/\/dev.b2b.studio\/abrasteel\/?post_type=product&#038;p=1852"},"modified":"2025-02-20T12:15:22","modified_gmt":"2025-02-20T11:15:22","slug":"disques-a-lamelles-turbo-inox","status":"publish","type":"product","link":"https:\/\/www.abrasteel.com\/fr\/disques-abrasifs\/disques-lames\/disques-a-lamelles-turbo-inox\/","title":{"rendered":"Disques \u00e0 lamelles TURBO INOX"},"content":{"rendered":"<p>Disques \u00e0 lamelles TURBO INOX: Disque avec support plastique M14. Le disque peut \u00eatre fix\u00e9 \u00e0 la machine par un contre-filet sans aucun \u00e9crou interne. L&rsquo;arrangement des lames est bi-lamin\u00e9, 2 par 2, avec une quantit\u00e9 de tissu beaucoup plus \u00e9lev\u00e9e que tout autre disque lamellaire. Id\u00e9al pour travailler les surfaces planes en acier inoxydable.<\/p>\n","protected":false},"excerpt":{"rendered":"<p><strong>Table des Mesures de Disque \u00e0 Lamelles TURBO INOX<\/strong><\/p>\n<table>\n<tbody>\n<tr>\n<th>\u00d8 (mm)<\/th>\n<th>Trou<\/th>\n<th>Grain 40<\/th>\n<th>Grain 60<\/th>\n<th>Grain 80<\/th>\n<th>Grain 120<\/th>\n<th>RPM<\/th>\n<th>Bo\u00eete<\/th>\n<\/tr>\n<tr>\n<td>115<\/td>\n<td>M14<\/td>\n<td>DLTIC01<\/td>\n<td>DLTIC02<\/td>\n<td>DLTIC03<\/td>\n<td>DLTIC04<\/td>\n<td>13 300<\/td>\n<td>16<\/td>\n<\/tr>\n<tr>\n<td>125<\/td>\n<td>M14<\/td>\n<td>DLTIC10<\/td>\n<td>DLTIC11<\/td>\n<td>DLTIC12<\/td>\n<td>DLTIC13<\/td>\n<td>12 200<\/td>\n<td>16<\/td>\n<\/tr>\n<tr>\n<td>115<\/td>\n<td>M14<\/td>\n<td>DLTIP01<\/td>\n<td>DLTIP02<\/td>\n<td>DLTIP03<\/td>\n<td>DLTIP04<\/td>\n<td>13 300<\/td>\n<td>16<\/td>\n<\/tr>\n<tr>\n<td>125<\/td>\n<td>M14<\/td>\n<td>DLTIP10<\/td>\n<td>DLTIP11<\/td>\n<td>DLTIP12<\/td>\n<td>DLTIP13<\/td>\n<td>12 200<\/td>\n<td>16<\/td>\n<\/tr>\n<\/tbody>\n<\/table>\n","protected":false},"featured_media":770,"comment_status":"open","ping_status":"closed","template":"","meta":{"_acf_changed":false},"product_brand":[],"product_cat":[122],"product_tag":[],"class_list":{"0":"post-1852","1":"product","2":"type-product","3":"status-publish","4":"has-post-thumbnail","6":"product_cat-disques-lames","8":"first","9":"instock","10":"shipping-taxable","11":"product-type-simple"},"acf":[],"_links":{"self":[{"href":"https:\/\/www.abrasteel.com\/fr\/wp-json\/wp\/v2\/product\/1852","targetHints":{"allow":["GET"]}}],"collection":[{"href":"https:\/\/www.abrasteel.com\/fr\/wp-json\/wp\/v2\/product"}],"about":[{"href":"https:\/\/www.abrasteel.com\/fr\/wp-json\/wp\/v2\/types\/product"}],"replies":[{"embeddable":true,"href":"https:\/\/www.abrasteel.com\/fr\/wp-json\/wp\/v2\/comments?post=1852"}],"wp:featuredmedia":[{"embeddable":true,"href":"https:\/\/www.abrasteel.com\/fr\/wp-json\/wp\/v2\/media\/770"}],"wp:attachment":[{"href":"https:\/\/www.abrasteel.com\/fr\/wp-json\/wp\/v2\/media?parent=1852"}],"wp:term":[{"taxonomy":"product_brand","embeddable":true,"href":"https:\/\/www.abrasteel.com\/fr\/wp-json\/wp\/v2\/product_brand?post=1852"},{"taxonomy":"product_cat","embeddable":true,"href":"https:\/\/www.abrasteel.com\/fr\/wp-json\/wp\/v2\/product_cat?post=1852"},{"taxonomy":"product_tag","embeddable":true,"href":"https:\/\/www.abrasteel.com\/fr\/wp-json\/wp\/v2\/product_tag?post=1852"}],"curies":[{"name":"wp","href":"https:\/\/api.w.org\/{rel}","templated":true}]}}