{"id":1851,"date":"2025-01-21T09:11:56","date_gmt":"2025-01-21T08:11:56","guid":{"rendered":"https:\/\/dev.b2b.studio\/abrasteel\/?post_type=product&#038;p=1851"},"modified":"2025-02-20T11:33:10","modified_gmt":"2025-02-20T10:33:10","slug":"disques-a-lamelles-zc-turbo","status":"publish","type":"product","link":"https:\/\/www.abrasteel.com\/fr\/disques-abrasifs\/disques-lames\/disques-a-lamelles-zc-turbo\/","title":{"rendered":"Disques \u00e0 lamelles Z&#038;C TURBO"},"content":{"rendered":"<p>Disques \u00e0 lamelles Z&amp;C TURBO: Disque avec support en fibre de verre et r\u00e9partition des lames 2 en 2, mont\u00e9 avec des lames en zirconium et en c\u00e9ramique. Il a un comportement tr\u00e8s agressif.<\/p>\n","protected":false},"excerpt":{"rendered":"<p><strong>Tableau des mesures du disque \u00e0 lamelles Z&amp;C TURBO<\/strong><\/p>\n<table>\n<tbody>\n<tr>\n<th>\u00d8 (mm)<\/th>\n<th>Trou<\/th>\n<th>Grain 40<\/th>\n<th>Grain 60<\/th>\n<th>Grain 80<\/th>\n<th>Grain 120<\/th>\n<th>RPM<\/th>\n<th>Bo\u00eete<\/th>\n<\/tr>\n<tr>\n<td>115<\/td>\n<td>M14<\/td>\n<td>DMTZ01<\/td>\n<td>DMTZ02<\/td>\n<td>DMTZ03<\/td>\n<td>DMTZ04<\/td>\n<td>13 300<\/td>\n<td>16<\/td>\n<\/tr>\n<tr>\n<td>125<\/td>\n<td>M14<\/td>\n<td>DMTZ10<\/td>\n<td>DMTZ11<\/td>\n<td>DMTZ12<\/td>\n<td>DMTZ13<\/td>\n<td>12 200<\/td>\n<td>16<\/td>\n<\/tr>\n<tr>\n<td>115<\/td>\n<td>M14<\/td>\n<td>DMTZP1<\/td>\n<td>DMTZP2<\/td>\n<td>DMTZP3<\/td>\n<td>DMTZP4<\/td>\n<td>13 300<\/td>\n<td>16<\/td>\n<\/tr>\n<tr>\n<td>125<\/td>\n<td>M14<\/td>\n<td>DMTZP10<\/td>\n<td>DMTZP11<\/td>\n<td>DMTZP12<\/td>\n<td>DMTZP13<\/td>\n<td>12 200<\/td>\n<td>16<\/td>\n<\/tr>\n<\/tbody>\n<\/table>\n<p>&nbsp;<\/p>\n","protected":false},"featured_media":776,"comment_status":"open","ping_status":"closed","template":"","meta":{"_acf_changed":false},"product_brand":[],"product_cat":[122],"product_tag":[],"class_list":{"0":"post-1851","1":"product","2":"type-product","3":"status-publish","4":"has-post-thumbnail","6":"product_cat-disques-lames","8":"first","9":"instock","10":"shipping-taxable","11":"product-type-simple"},"acf":[],"_links":{"self":[{"href":"https:\/\/www.abrasteel.com\/fr\/wp-json\/wp\/v2\/product\/1851","targetHints":{"allow":["GET"]}}],"collection":[{"href":"https:\/\/www.abrasteel.com\/fr\/wp-json\/wp\/v2\/product"}],"about":[{"href":"https:\/\/www.abrasteel.com\/fr\/wp-json\/wp\/v2\/types\/product"}],"replies":[{"embeddable":true,"href":"https:\/\/www.abrasteel.com\/fr\/wp-json\/wp\/v2\/comments?post=1851"}],"wp:featuredmedia":[{"embeddable":true,"href":"https:\/\/www.abrasteel.com\/fr\/wp-json\/wp\/v2\/media\/776"}],"wp:attachment":[{"href":"https:\/\/www.abrasteel.com\/fr\/wp-json\/wp\/v2\/media?parent=1851"}],"wp:term":[{"taxonomy":"product_brand","embeddable":true,"href":"https:\/\/www.abrasteel.com\/fr\/wp-json\/wp\/v2\/product_brand?post=1851"},{"taxonomy":"product_cat","embeddable":true,"href":"https:\/\/www.abrasteel.com\/fr\/wp-json\/wp\/v2\/product_cat?post=1851"},{"taxonomy":"product_tag","embeddable":true,"href":"https:\/\/www.abrasteel.com\/fr\/wp-json\/wp\/v2\/product_tag?post=1851"}],"curies":[{"name":"wp","href":"https:\/\/api.w.org\/{rel}","templated":true}]}}