{"id":1850,"date":"2025-01-21T09:11:56","date_gmt":"2025-01-21T08:11:56","guid":{"rendered":"https:\/\/dev.b2b.studio\/abrasteel\/?post_type=product&#038;p=1850"},"modified":"2025-02-20T11:34:51","modified_gmt":"2025-02-20T10:34:51","slug":"disque-a-lamelles-hybrid","status":"publish","type":"product","link":"https:\/\/www.abrasteel.com\/fr\/disques-abrasifs\/disques-lames\/disque-a-lamelles-hybrid\/","title":{"rendered":"Disque \u00e0 lamelles HYBRID"},"content":{"rendered":"<p>Disque \u00e0 lamelles HYBRID: Mont\u00e9 sur un support en fibre de verre avec un abrasif c\u00e9ramique et des volets de conditionnement de surface. Selon l&rsquo;angle de travail de la machine, elle peut poncer et polir en une seule op\u00e9ration.<\/p>\n","protected":false},"excerpt":{"rendered":"<p><strong>Tableau des mesures du disque \u00e0 lamelles HYBRID<\/strong><\/p>\n<table>\n<tbody>\n<tr>\n<th>\u00d8 (mm)<\/th>\n<th>Trou<\/th>\n<th>Grain EXTRA C 80<\/th>\n<th>Grain COARSE 150<\/th>\n<th>Grain MEDIUM 180<\/th>\n<th>Grain V. FINE 220<\/th>\n<th>RPM OPT.<\/th>\n<th>RPM MAX.<\/th>\n<th>Bo\u00eete<\/th>\n<\/tr>\n<tr>\n<td>115<\/td>\n<td>22<\/td>\n<td>DLMH01<\/td>\n<td>DLMH02<\/td>\n<td>DLMH03<\/td>\n<td>DLMH04<\/td>\n<td>6 000<\/td>\n<td>13 300<\/td>\n<td>10<\/td>\n<\/tr>\n<tr>\n<td>125<\/td>\n<td>22<\/td>\n<td>DLMH10<\/td>\n<td>DLMH11<\/td>\n<td>DLMH12<\/td>\n<td>DLMH13<\/td>\n<td>5 500<\/td>\n<td>12 200<\/td>\n<td>10<\/td>\n<\/tr>\n<\/tbody>\n<\/table>\n<p>&nbsp;<\/p>\n","protected":false},"featured_media":782,"comment_status":"open","ping_status":"closed","template":"","meta":{"_acf_changed":false},"product_brand":[],"product_cat":[122],"product_tag":[],"class_list":{"0":"post-1850","1":"product","2":"type-product","3":"status-publish","4":"has-post-thumbnail","6":"product_cat-disques-lames","8":"first","9":"instock","10":"shipping-taxable","11":"product-type-simple"},"acf":[],"_links":{"self":[{"href":"https:\/\/www.abrasteel.com\/fr\/wp-json\/wp\/v2\/product\/1850","targetHints":{"allow":["GET"]}}],"collection":[{"href":"https:\/\/www.abrasteel.com\/fr\/wp-json\/wp\/v2\/product"}],"about":[{"href":"https:\/\/www.abrasteel.com\/fr\/wp-json\/wp\/v2\/types\/product"}],"replies":[{"embeddable":true,"href":"https:\/\/www.abrasteel.com\/fr\/wp-json\/wp\/v2\/comments?post=1850"}],"wp:featuredmedia":[{"embeddable":true,"href":"https:\/\/www.abrasteel.com\/fr\/wp-json\/wp\/v2\/media\/782"}],"wp:attachment":[{"href":"https:\/\/www.abrasteel.com\/fr\/wp-json\/wp\/v2\/media?parent=1850"}],"wp:term":[{"taxonomy":"product_brand","embeddable":true,"href":"https:\/\/www.abrasteel.com\/fr\/wp-json\/wp\/v2\/product_brand?post=1850"},{"taxonomy":"product_cat","embeddable":true,"href":"https:\/\/www.abrasteel.com\/fr\/wp-json\/wp\/v2\/product_cat?post=1850"},{"taxonomy":"product_tag","embeddable":true,"href":"https:\/\/www.abrasteel.com\/fr\/wp-json\/wp\/v2\/product_tag?post=1850"}],"curies":[{"name":"wp","href":"https:\/\/api.w.org\/{rel}","templated":true}]}}