{"id":1849,"date":"2025-01-21T09:11:56","date_gmt":"2025-01-21T08:11:56","guid":{"rendered":"https:\/\/dev.b2b.studio\/abrasteel\/?post_type=product&#038;p=1849"},"modified":"2025-02-20T11:28:56","modified_gmt":"2025-02-20T10:28:56","slug":"disque-en-fibre-comprimee-magic","status":"publish","type":"product","link":"https:\/\/www.abrasteel.com\/fr\/disques-abrasifs\/disques-en-fibres-vulcanisees-et-compressees\/disque-en-fibre-comprimee-magic\/","title":{"rendered":"Disque en fibre comprim\u00e9e MAGIC"},"content":{"rendered":"<p>Disque en fibre comprim\u00e9e MAGIC: Fabriqu\u00e9 \u00e0 partir d&rsquo;un support en fibre de verre et avec diff\u00e9rentes densit\u00e9s.<\/p>\n","protected":false},"excerpt":{"rendered":"<p><strong>Table des mesures du disque en fibre comprim\u00e9e MAGIC<\/strong><\/p>\n<table>\n<tbody>\n<tr>\n<th>Dimensions<\/th>\n<th>R\u00e9f.<\/th>\n<th>Type<\/th>\n<th>Duret\u00e9<\/th>\n<th>Abrasif<\/th>\n<th>Grain<\/th>\n<th>RPM OPT.<\/th>\n<th>RPM MAX.<\/th>\n<th>Bo\u00eete<\/th>\n<\/tr>\n<tr>\n<td>115&#215;22<\/td>\n<td>COM001<\/td>\n<td>A1<\/td>\n<td>SOUPLE<\/td>\n<td>S\/C<\/td>\n<td>FIN<\/td>\n<td>3 000<\/td>\n<td>13 300<\/td>\n<td>10<\/td>\n<\/tr>\n<tr>\n<td>115&#215;22<\/td>\n<td>COM002<\/td>\n<td>A2<\/td>\n<td>M\u00c9DIUM<\/td>\n<td>S\/C<\/td>\n<td>FIN<\/td>\n<td>3 000<\/td>\n<td>13 300<\/td>\n<td>10<\/td>\n<\/tr>\n<tr>\n<td>115&#215;22<\/td>\n<td>COM003<\/td>\n<td>A3<\/td>\n<td>HARD<\/td>\n<td>S\/C<\/td>\n<td>FIN<\/td>\n<td>3 000<\/td>\n<td>13 300<\/td>\n<td>10<\/td>\n<\/tr>\n<tr>\n<td>125&#215;22<\/td>\n<td>COM014<\/td>\n<td>A1<\/td>\n<td>SOUPLE<\/td>\n<td>S\/C<\/td>\n<td>FIN<\/td>\n<td>3 000<\/td>\n<td>12 200<\/td>\n<td>10<\/td>\n<\/tr>\n<tr>\n<td>125&#215;22<\/td>\n<td>COM015<\/td>\n<td>A2<\/td>\n<td>M\u00c9DIUM<\/td>\n<td>S\/C<\/td>\n<td>FIN<\/td>\n<td>3 000<\/td>\n<td>12 200<\/td>\n<td>10<\/td>\n<\/tr>\n<tr>\n<td>125&#215;22<\/td>\n<td>COM016<\/td>\n<td>A3<\/td>\n<td>HARD<\/td>\n<td>S\/C<\/td>\n<td>FIN<\/td>\n<td>3 000<\/td>\n<td>12 200<\/td>\n<td>10<\/td>\n<\/tr>\n<\/tbody>\n<\/table>\n<p>&nbsp;<\/p>\n","protected":false},"featured_media":848,"comment_status":"open","ping_status":"closed","template":"","meta":{"_acf_changed":false},"product_brand":[],"product_cat":[119],"product_tag":[],"class_list":{"0":"post-1849","1":"product","2":"type-product","3":"status-publish","4":"has-post-thumbnail","6":"product_cat-disques-en-fibres-vulcanisees-et-compressees","8":"first","9":"instock","10":"shipping-taxable","11":"product-type-simple"},"acf":[],"_links":{"self":[{"href":"https:\/\/www.abrasteel.com\/fr\/wp-json\/wp\/v2\/product\/1849","targetHints":{"allow":["GET"]}}],"collection":[{"href":"https:\/\/www.abrasteel.com\/fr\/wp-json\/wp\/v2\/product"}],"about":[{"href":"https:\/\/www.abrasteel.com\/fr\/wp-json\/wp\/v2\/types\/product"}],"replies":[{"embeddable":true,"href":"https:\/\/www.abrasteel.com\/fr\/wp-json\/wp\/v2\/comments?post=1849"}],"wp:featuredmedia":[{"embeddable":true,"href":"https:\/\/www.abrasteel.com\/fr\/wp-json\/wp\/v2\/media\/848"}],"wp:attachment":[{"href":"https:\/\/www.abrasteel.com\/fr\/wp-json\/wp\/v2\/media?parent=1849"}],"wp:term":[{"taxonomy":"product_brand","embeddable":true,"href":"https:\/\/www.abrasteel.com\/fr\/wp-json\/wp\/v2\/product_brand?post=1849"},{"taxonomy":"product_cat","embeddable":true,"href":"https:\/\/www.abrasteel.com\/fr\/wp-json\/wp\/v2\/product_cat?post=1849"},{"taxonomy":"product_tag","embeddable":true,"href":"https:\/\/www.abrasteel.com\/fr\/wp-json\/wp\/v2\/product_tag?post=1849"}],"curies":[{"name":"wp","href":"https:\/\/api.w.org\/{rel}","templated":true}]}}