{"id":1848,"date":"2025-01-21T09:12:18","date_gmt":"2025-01-21T08:12:18","guid":{"rendered":"https:\/\/dev.b2b.studio\/abrasteel\/?post_type=product&#038;p=1848"},"modified":"2025-02-20T11:25:46","modified_gmt":"2025-02-20T10:25:46","slug":"disque-en-fibre-compressee-red","status":"publish","type":"product","link":"https:\/\/www.abrasteel.com\/fr\/disques-abrasifs\/disques-en-fibres-vulcanisees-et-compressees\/disque-en-fibre-compressee-red\/","title":{"rendered":"Disque en fibre compress\u00e9e RED"},"content":{"rendered":"<p>Disque en fibre compress\u00e9e RED: Compos\u00e9 d&rsquo;un support en fibre et de grains de c\u00e9ramique. D\u00e9grossit comme un grain 80 et laisse une rugosit\u00e9 optimale pour une finition satin\u00e9e avec un grain moyen. DEUX OP\u00c9RATIONS EN UNE.<\/p>\n","protected":false},"excerpt":{"rendered":"<p><strong>Table des mesures du disque en fibre compress\u00e9e RED<\/strong><\/p>\n<table>\n<tbody>\n<tr>\n<th>Dimensions<\/th>\n<th>R\u00e9f.<\/th>\n<th>Type<\/th>\n<th>Duret\u00e9<\/th>\n<th>Abrasif<\/th>\n<th>Grain<\/th>\n<th>RPM OPT.<\/th>\n<th>RPM MAX.<\/th>\n<th>Bo\u00eete<\/th>\n<\/tr>\n<tr>\n<td>115&#215;22<\/td>\n<td>COM013<\/td>\n<td>A8<\/td>\n<td>M\u00c9DIUM<\/td>\n<td>CER<\/td>\n<td>FIN<\/td>\n<td>3 000<\/td>\n<td>13 300<\/td>\n<td>10<\/td>\n<\/tr>\n<tr>\n<td>125&#215;22<\/td>\n<td>COM012<\/td>\n<td>A8<\/td>\n<td>M\u00c9DIUM<\/td>\n<td>CER<\/td>\n<td>FIN<\/td>\n<td>3 000<\/td>\n<td>12 200<\/td>\n<td>10<\/td>\n<\/tr>\n<\/tbody>\n<\/table>\n<p>&nbsp;<\/p>\n","protected":false},"featured_media":884,"comment_status":"open","ping_status":"closed","template":"","meta":{"_acf_changed":false},"product_brand":[],"product_cat":[119],"product_tag":[],"class_list":{"0":"post-1848","1":"product","2":"type-product","3":"status-publish","4":"has-post-thumbnail","6":"product_cat-disques-en-fibres-vulcanisees-et-compressees","8":"first","9":"instock","10":"shipping-taxable","11":"product-type-simple"},"acf":[],"_links":{"self":[{"href":"https:\/\/www.abrasteel.com\/fr\/wp-json\/wp\/v2\/product\/1848","targetHints":{"allow":["GET"]}}],"collection":[{"href":"https:\/\/www.abrasteel.com\/fr\/wp-json\/wp\/v2\/product"}],"about":[{"href":"https:\/\/www.abrasteel.com\/fr\/wp-json\/wp\/v2\/types\/product"}],"replies":[{"embeddable":true,"href":"https:\/\/www.abrasteel.com\/fr\/wp-json\/wp\/v2\/comments?post=1848"}],"wp:featuredmedia":[{"embeddable":true,"href":"https:\/\/www.abrasteel.com\/fr\/wp-json\/wp\/v2\/media\/884"}],"wp:attachment":[{"href":"https:\/\/www.abrasteel.com\/fr\/wp-json\/wp\/v2\/media?parent=1848"}],"wp:term":[{"taxonomy":"product_brand","embeddable":true,"href":"https:\/\/www.abrasteel.com\/fr\/wp-json\/wp\/v2\/product_brand?post=1848"},{"taxonomy":"product_cat","embeddable":true,"href":"https:\/\/www.abrasteel.com\/fr\/wp-json\/wp\/v2\/product_cat?post=1848"},{"taxonomy":"product_tag","embeddable":true,"href":"https:\/\/www.abrasteel.com\/fr\/wp-json\/wp\/v2\/product_tag?post=1848"}],"curies":[{"name":"wp","href":"https:\/\/api.w.org\/{rel}","templated":true}]}}