{"id":1847,"date":"2025-01-21T09:12:19","date_gmt":"2025-01-21T08:12:19","guid":{"rendered":"https:\/\/dev.b2b.studio\/abrasteel\/?post_type=product&#038;p=1847"},"modified":"2025-02-20T10:49:48","modified_gmt":"2025-02-20T09:49:48","slug":"disque-clean-strip-monte-sur-larbre","status":"publish","type":"product","link":"https:\/\/www.abrasteel.com\/fr\/disques-abrasifs\/disques-clean-strip\/disque-clean-strip-monte-sur-larbre\/","title":{"rendered":"Disque clean strip mont\u00e9 sur l&rsquo;arbre"},"content":{"rendered":"<p>Disque clean strip mont\u00e9 sur l&rsquo;arbre: Disque mont\u00e9 sur un arbre. Pour nettoyer les cordons de soudure, les oxydes, les peintures et les ciments sur toute surface.<\/p>\n","protected":false},"excerpt":{"rendered":"<p><strong>Table des mesures du disque clean strip mont\u00e9 sur l&rsquo;arbre<\/strong><\/p>\n<table>\n<tbody>\n<tr>\n<th>Dimensions<\/th>\n<th>R\u00e9f.<\/th>\n<th>MAX. RPM<\/th>\n<th>Bo\u00eete<\/th>\n<\/tr>\n<tr>\n<td>50x13x6<\/td>\n<td>CSDE01<\/td>\n<td>11 500<\/td>\n<td>10<\/td>\n<\/tr>\n<tr>\n<td>50x26x6<\/td>\n<td>CSDE02<\/td>\n<td>11 500<\/td>\n<td>10<\/td>\n<\/tr>\n<tr>\n<td>75x13x6<\/td>\n<td>CSDE03<\/td>\n<td>7 000<\/td>\n<td>10<\/td>\n<\/tr>\n<tr>\n<td>75x26x6<\/td>\n<td>CSDE04<\/td>\n<td>7 000<\/td>\n<td>10<\/td>\n<\/tr>\n<tr>\n<td>100x13x6<\/td>\n<td>CSDE05<\/td>\n<td>5 700<\/td>\n<td>10<\/td>\n<\/tr>\n<tr>\n<td>100x26x6<\/td>\n<td>CSDE06<\/td>\n<td>5 700<\/td>\n<td>10<\/td>\n<\/tr>\n<tr>\n<td>150x13x8<\/td>\n<td>CSDE07<\/td>\n<td>3 800<\/td>\n<td>10<\/td>\n<\/tr>\n<tr>\n<td>150x26x8<\/td>\n<td>CSDE08<\/td>\n<td>3 800<\/td>\n<td>10<\/td>\n<\/tr>\n<\/tbody>\n<\/table>\n<p>&nbsp;<\/p>\n","protected":false},"featured_media":938,"comment_status":"open","ping_status":"closed","template":"","meta":{"_acf_changed":false},"product_brand":[],"product_cat":[121],"product_tag":[],"class_list":{"0":"post-1847","1":"product","2":"type-product","3":"status-publish","4":"has-post-thumbnail","6":"product_cat-disques-clean-strip","8":"first","9":"instock","10":"shipping-taxable","11":"product-type-simple"},"acf":[],"_links":{"self":[{"href":"https:\/\/www.abrasteel.com\/fr\/wp-json\/wp\/v2\/product\/1847","targetHints":{"allow":["GET"]}}],"collection":[{"href":"https:\/\/www.abrasteel.com\/fr\/wp-json\/wp\/v2\/product"}],"about":[{"href":"https:\/\/www.abrasteel.com\/fr\/wp-json\/wp\/v2\/types\/product"}],"replies":[{"embeddable":true,"href":"https:\/\/www.abrasteel.com\/fr\/wp-json\/wp\/v2\/comments?post=1847"}],"wp:featuredmedia":[{"embeddable":true,"href":"https:\/\/www.abrasteel.com\/fr\/wp-json\/wp\/v2\/media\/938"}],"wp:attachment":[{"href":"https:\/\/www.abrasteel.com\/fr\/wp-json\/wp\/v2\/media?parent=1847"}],"wp:term":[{"taxonomy":"product_brand","embeddable":true,"href":"https:\/\/www.abrasteel.com\/fr\/wp-json\/wp\/v2\/product_brand?post=1847"},{"taxonomy":"product_cat","embeddable":true,"href":"https:\/\/www.abrasteel.com\/fr\/wp-json\/wp\/v2\/product_cat?post=1847"},{"taxonomy":"product_tag","embeddable":true,"href":"https:\/\/www.abrasteel.com\/fr\/wp-json\/wp\/v2\/product_tag?post=1847"}],"curies":[{"name":"wp","href":"https:\/\/api.w.org\/{rel}","templated":true}]}}