{"id":1845,"date":"2025-01-21T09:12:19","date_gmt":"2025-01-21T08:12:19","guid":{"rendered":"https:\/\/dev.b2b.studio\/abrasteel\/?post_type=product&#038;p=1845"},"modified":"2025-02-20T10:59:01","modified_gmt":"2025-02-20T09:59:01","slug":"disque-clean-strip-plus","status":"publish","type":"product","link":"https:\/\/www.abrasteel.com\/fr\/disques-abrasifs\/disques-clean-strip\/disque-clean-strip-plus\/","title":{"rendered":"Disque clean strip PLUS"},"content":{"rendered":"<p>Disque clean strip PLUS: Le disque Clean Strip PLUS est un disque fabriqu\u00e9 par injection de polyur\u00e9thane. Il a la m\u00eame fonction que le Clean Strip mais avec moins de rugosit\u00e9.<\/p>\n","protected":false},"excerpt":{"rendered":"<p><strong>Table des mesures du disque Clean Strip PLUS<\/strong><\/p>\n<table>\n<tbody>\n<tr>\n<th>Dimensions<\/th>\n<th>R\u00e9f.<\/th>\n<th>MAX. RPM<\/th>\n<th>Bo\u00eete<\/th>\n<\/tr>\n<tr>\n<td>50x13x13<\/td>\n<td>CSP001<\/td>\n<td>11 500<\/td>\n<td>10<\/td>\n<\/tr>\n<tr>\n<td>75x13x13<\/td>\n<td>CSP002<\/td>\n<td>7 000<\/td>\n<td>10<\/td>\n<\/tr>\n<tr>\n<td>100x13x13<\/td>\n<td>CSP003<\/td>\n<td>5 700<\/td>\n<td>10<\/td>\n<\/tr>\n<tr>\n<td>150x13x13<\/td>\n<td>CSP004<\/td>\n<td>3 800<\/td>\n<td>10<\/td>\n<\/tr>\n<tr>\n<td>200x13x13<\/td>\n<td>CSP005<\/td>\n<td>2 900<\/td>\n<td>10<\/td>\n<\/tr>\n<\/tbody>\n<\/table>\n<p>&nbsp;<\/p>\n","protected":false},"featured_media":950,"comment_status":"open","ping_status":"closed","template":"","meta":{"_acf_changed":false},"product_brand":[],"product_cat":[121],"product_tag":[],"class_list":{"0":"post-1845","1":"product","2":"type-product","3":"status-publish","4":"has-post-thumbnail","6":"product_cat-disques-clean-strip","8":"first","9":"instock","10":"shipping-taxable","11":"product-type-simple"},"acf":[],"_links":{"self":[{"href":"https:\/\/www.abrasteel.com\/fr\/wp-json\/wp\/v2\/product\/1845","targetHints":{"allow":["GET"]}}],"collection":[{"href":"https:\/\/www.abrasteel.com\/fr\/wp-json\/wp\/v2\/product"}],"about":[{"href":"https:\/\/www.abrasteel.com\/fr\/wp-json\/wp\/v2\/types\/product"}],"replies":[{"embeddable":true,"href":"https:\/\/www.abrasteel.com\/fr\/wp-json\/wp\/v2\/comments?post=1845"}],"wp:featuredmedia":[{"embeddable":true,"href":"https:\/\/www.abrasteel.com\/fr\/wp-json\/wp\/v2\/media\/950"}],"wp:attachment":[{"href":"https:\/\/www.abrasteel.com\/fr\/wp-json\/wp\/v2\/media?parent=1845"}],"wp:term":[{"taxonomy":"product_brand","embeddable":true,"href":"https:\/\/www.abrasteel.com\/fr\/wp-json\/wp\/v2\/product_brand?post=1845"},{"taxonomy":"product_cat","embeddable":true,"href":"https:\/\/www.abrasteel.com\/fr\/wp-json\/wp\/v2\/product_cat?post=1845"},{"taxonomy":"product_tag","embeddable":true,"href":"https:\/\/www.abrasteel.com\/fr\/wp-json\/wp\/v2\/product_tag?post=1845"}],"curies":[{"name":"wp","href":"https:\/\/api.w.org\/{rel}","templated":true}]}}