{"id":1843,"date":"2025-01-21T09:12:19","date_gmt":"2025-01-21T08:12:19","guid":{"rendered":"https:\/\/dev.b2b.studio\/abrasteel\/?post_type=product&#038;p=1843"},"modified":"2025-02-20T10:34:31","modified_gmt":"2025-02-20T09:34:31","slug":"disque-clean-strip-monte-sur-un-support-en-fibre","status":"publish","type":"product","link":"https:\/\/www.abrasteel.com\/fr\/disques-abrasifs\/disques-clean-strip\/disque-clean-strip-monte-sur-un-support-en-fibre\/","title":{"rendered":"Disque clean strip mont\u00e9 sur un support en fibre"},"content":{"rendered":"<p>Disque clean strip mont\u00e9 sur un support en fibre: Disque mont\u00e9 sur une plaque en fibre. Sa fonction est de nettoyer les oxydes, les peintures et les ciments sur toute surface.<\/p>\n","protected":false},"excerpt":{"rendered":"<p><strong>Table des mesures du disque clean strip mont\u00e9 sur un support en fibre<\/strong><\/p>\n<table>\n<tbody>\n<tr>\n<th>Dimensions<\/th>\n<th>R\u00e9f.<\/th>\n<th>MAX. RPM<\/th>\n<th>Bo\u00eete<\/th>\n<\/tr>\n<tr>\n<td>115x13x22<\/td>\n<td>CSDF01<\/td>\n<td>10 000<\/td>\n<td>10<\/td>\n<\/tr>\n<tr>\n<td>125x13x22<\/td>\n<td>CSDF03<\/td>\n<td>8 000<\/td>\n<td>10<\/td>\n<\/tr>\n<tr>\n<td>180x13x22<\/td>\n<td>CSDF02<\/td>\n<td>6 500<\/td>\n<td>10<\/td>\n<\/tr>\n<\/tbody>\n<\/table>\n<p>&nbsp;<\/p>\n","protected":false},"featured_media":968,"comment_status":"open","ping_status":"closed","template":"","meta":{"_acf_changed":false},"product_brand":[],"product_cat":[121],"product_tag":[],"class_list":{"0":"post-1843","1":"product","2":"type-product","3":"status-publish","4":"has-post-thumbnail","6":"product_cat-disques-clean-strip","8":"first","9":"instock","10":"shipping-taxable","11":"product-type-simple"},"acf":[],"_links":{"self":[{"href":"https:\/\/www.abrasteel.com\/fr\/wp-json\/wp\/v2\/product\/1843","targetHints":{"allow":["GET"]}}],"collection":[{"href":"https:\/\/www.abrasteel.com\/fr\/wp-json\/wp\/v2\/product"}],"about":[{"href":"https:\/\/www.abrasteel.com\/fr\/wp-json\/wp\/v2\/types\/product"}],"replies":[{"embeddable":true,"href":"https:\/\/www.abrasteel.com\/fr\/wp-json\/wp\/v2\/comments?post=1843"}],"wp:featuredmedia":[{"embeddable":true,"href":"https:\/\/www.abrasteel.com\/fr\/wp-json\/wp\/v2\/media\/968"}],"wp:attachment":[{"href":"https:\/\/www.abrasteel.com\/fr\/wp-json\/wp\/v2\/media?parent=1843"}],"wp:term":[{"taxonomy":"product_brand","embeddable":true,"href":"https:\/\/www.abrasteel.com\/fr\/wp-json\/wp\/v2\/product_brand?post=1843"},{"taxonomy":"product_cat","embeddable":true,"href":"https:\/\/www.abrasteel.com\/fr\/wp-json\/wp\/v2\/product_cat?post=1843"},{"taxonomy":"product_tag","embeddable":true,"href":"https:\/\/www.abrasteel.com\/fr\/wp-json\/wp\/v2\/product_tag?post=1843"}],"curies":[{"name":"wp","href":"https:\/\/api.w.org\/{rel}","templated":true}]}}