{"id":1840,"date":"2025-01-21T09:12:42","date_gmt":"2025-01-21T08:12:42","guid":{"rendered":"https:\/\/dev.b2b.studio\/abrasteel\/?post_type=product&#038;p=1840"},"modified":"2025-02-19T12:29:09","modified_gmt":"2025-02-19T11:29:09","slug":"disque-velcro-en-tissu-ceramique","status":"publish","type":"product","link":"https:\/\/www.abrasteel.com\/fr\/disques-abrasifs\/disques-velcro\/disque-velcro-en-tissu-ceramique\/","title":{"rendered":"Disque velcro en tissu c\u00e9ramique"},"content":{"rendered":"<p>Disque velcro en tissu c\u00e9ramique: Disque abrasif en c\u00e9ramique avec support en velcro, pour le meulage des soudures.<\/p>\n","protected":false},"excerpt":{"rendered":"<p><strong>Tableau des dimensions du disque velcro en tissu c\u00e9ramique<\/strong><\/p>\n<table>\n<tbody>\n<tr>\n<th>Dimensions<\/th>\n<th>Grain 40<\/th>\n<th>Grain 60<\/th>\n<th>Grain 80<\/th>\n<th>Grain 100<\/th>\n<th>Grain 120<\/th>\n<th>OPT. RPM<\/th>\n<th>MAX. RPM<\/th>\n<th>Bo\u00eete<\/th>\n<\/tr>\n<tr>\n<td>115<\/td>\n<td>DVTC10<\/td>\n<td>DVTC11<\/td>\n<td>DVTC12<\/td>\n<td>DVTC13<\/td>\n<td>DVTC14<\/td>\n<td>4 500<\/td>\n<td>10 000<\/td>\n<td>50<\/td>\n<\/tr>\n<tr>\n<td>125<\/td>\n<td>DVTC20<\/td>\n<td>DVTC21<\/td>\n<td>DVTC22<\/td>\n<td>DVTC23<\/td>\n<td>DVTC24<\/td>\n<td>3 800<\/td>\n<td>7 700<\/td>\n<td>50<\/td>\n<\/tr>\n<\/tbody>\n<\/table>\n<p>&nbsp;<\/p>\n","protected":false},"featured_media":1165,"comment_status":"open","ping_status":"closed","template":"","meta":{"_acf_changed":false},"product_brand":[],"product_cat":[120],"product_tag":[],"class_list":{"0":"post-1840","1":"product","2":"type-product","3":"status-publish","4":"has-post-thumbnail","6":"product_cat-disques-velcro","8":"first","9":"instock","10":"shipping-taxable","11":"product-type-simple"},"acf":[],"_links":{"self":[{"href":"https:\/\/www.abrasteel.com\/fr\/wp-json\/wp\/v2\/product\/1840","targetHints":{"allow":["GET"]}}],"collection":[{"href":"https:\/\/www.abrasteel.com\/fr\/wp-json\/wp\/v2\/product"}],"about":[{"href":"https:\/\/www.abrasteel.com\/fr\/wp-json\/wp\/v2\/types\/product"}],"replies":[{"embeddable":true,"href":"https:\/\/www.abrasteel.com\/fr\/wp-json\/wp\/v2\/comments?post=1840"}],"wp:featuredmedia":[{"embeddable":true,"href":"https:\/\/www.abrasteel.com\/fr\/wp-json\/wp\/v2\/media\/1165"}],"wp:attachment":[{"href":"https:\/\/www.abrasteel.com\/fr\/wp-json\/wp\/v2\/media?parent=1840"}],"wp:term":[{"taxonomy":"product_brand","embeddable":true,"href":"https:\/\/www.abrasteel.com\/fr\/wp-json\/wp\/v2\/product_brand?post=1840"},{"taxonomy":"product_cat","embeddable":true,"href":"https:\/\/www.abrasteel.com\/fr\/wp-json\/wp\/v2\/product_cat?post=1840"},{"taxonomy":"product_tag","embeddable":true,"href":"https:\/\/www.abrasteel.com\/fr\/wp-json\/wp\/v2\/product_tag?post=1840"}],"curies":[{"name":"wp","href":"https:\/\/api.w.org\/{rel}","templated":true}]}}