{"id":1839,"date":"2025-01-21T09:12:42","date_gmt":"2025-01-21T08:12:42","guid":{"rendered":"https:\/\/dev.b2b.studio\/abrasteel\/?post_type=product&#038;p=1839"},"modified":"2025-02-19T13:28:43","modified_gmt":"2025-02-19T12:28:43","slug":"disque-velcro-en-tissu-colle","status":"publish","type":"product","link":"https:\/\/www.abrasteel.com\/fr\/disques-abrasifs\/disques-velcro\/disque-velcro-en-tissu-colle\/","title":{"rendered":"Disque velcro en tissu coll\u00e9"},"content":{"rendered":"<p>Disque velcro en tissu coll\u00e9: Disque abrasif compact id\u00e9al pour les processus de polissage interm\u00e9diaire et final. Apr\u00e8s le pon\u00e7age, la pi\u00e8ce peut \u00eatre pr\u00e9par\u00e9e et une tr\u00e8s faible rugosit\u00e9 peut \u00eatre laiss\u00e9e pour un bon polissage. Haute performance par rapport aux abrasifs pyramidaux.<\/p>\n","protected":false},"excerpt":{"rendered":"<p><strong>Tableau des Mesures de disque velcro en tissu coll\u00e9<\/strong><\/p>\n<table>\n<tbody>\n<tr>\n<th>Mesures<\/th>\n<th>Grain 120<\/th>\n<th>Grain 180<\/th>\n<th>Grain 320<\/th>\n<th>Grain 600<\/th>\n<th>Grain 800<\/th>\n<th>Grain 1000<\/th>\n<th>Grain 1200<\/th>\n<th>RPM OPT.<\/th>\n<th>RPM MAX.<\/th>\n<th>Bo\u00eete<\/th>\n<\/tr>\n<tr>\n<td>115<\/td>\n<td>DVTA10<\/td>\n<td>DVTA11<\/td>\n<td>DVTA12<\/td>\n<td>DVTA13<\/td>\n<td>DVTA14<\/td>\n<td>DVTA15<\/td>\n<td>DVTA16<\/td>\n<td>5 000<\/td>\n<td>10 000<\/td>\n<td>50<\/td>\n<\/tr>\n<tr>\n<td>125<\/td>\n<td>DVTA20<\/td>\n<td>DVTA21<\/td>\n<td>DVTA22<\/td>\n<td>DVTA23<\/td>\n<td>DVTA24<\/td>\n<td>DVTA25<\/td>\n<td>DVTA26<\/td>\n<td>5 000<\/td>\n<td>7 700<\/td>\n<td>50<\/td>\n<\/tr>\n<\/tbody>\n<\/table>\n","protected":false},"featured_media":1171,"comment_status":"open","ping_status":"closed","template":"","meta":{"_acf_changed":false},"product_brand":[],"product_cat":[120],"product_tag":[],"class_list":{"0":"post-1839","1":"product","2":"type-product","3":"status-publish","4":"has-post-thumbnail","6":"product_cat-disques-velcro","8":"first","9":"instock","10":"shipping-taxable","11":"product-type-simple"},"acf":[],"_links":{"self":[{"href":"https:\/\/www.abrasteel.com\/fr\/wp-json\/wp\/v2\/product\/1839","targetHints":{"allow":["GET"]}}],"collection":[{"href":"https:\/\/www.abrasteel.com\/fr\/wp-json\/wp\/v2\/product"}],"about":[{"href":"https:\/\/www.abrasteel.com\/fr\/wp-json\/wp\/v2\/types\/product"}],"replies":[{"embeddable":true,"href":"https:\/\/www.abrasteel.com\/fr\/wp-json\/wp\/v2\/comments?post=1839"}],"wp:featuredmedia":[{"embeddable":true,"href":"https:\/\/www.abrasteel.com\/fr\/wp-json\/wp\/v2\/media\/1171"}],"wp:attachment":[{"href":"https:\/\/www.abrasteel.com\/fr\/wp-json\/wp\/v2\/media?parent=1839"}],"wp:term":[{"taxonomy":"product_brand","embeddable":true,"href":"https:\/\/www.abrasteel.com\/fr\/wp-json\/wp\/v2\/product_brand?post=1839"},{"taxonomy":"product_cat","embeddable":true,"href":"https:\/\/www.abrasteel.com\/fr\/wp-json\/wp\/v2\/product_cat?post=1839"},{"taxonomy":"product_tag","embeddable":true,"href":"https:\/\/www.abrasteel.com\/fr\/wp-json\/wp\/v2\/product_tag?post=1839"}],"curies":[{"name":"wp","href":"https:\/\/api.w.org\/{rel}","templated":true}]}}