{"id":1838,"date":"2025-01-21T09:12:42","date_gmt":"2025-01-21T08:12:42","guid":{"rendered":"https:\/\/dev.b2b.studio\/abrasteel\/?post_type=product&#038;p=1838"},"modified":"2025-02-20T09:08:44","modified_gmt":"2025-02-20T08:08:44","slug":"disques-abrasifs-pyramidaux-predecoupes-en-velcro","status":"publish","type":"product","link":"https:\/\/www.abrasteel.com\/fr\/disques-abrasifs\/disques-velcro\/disques-abrasifs-pyramidaux-predecoupes-en-velcro\/","title":{"rendered":"Disques abrasifs pyramidaux pr\u00e9d\u00e9coup\u00e9s en velcro"},"content":{"rendered":"<p>Disques abrasifs pyramidaux pr\u00e9d\u00e9coup\u00e9s en velcro: Disque abrasif en forme de pyramide avec une pr\u00e9d\u00e9coupe de 75mm de diam\u00e8tre au centre. Pour consommer tout le mat\u00e9riel du disque.<\/p>\n","protected":false},"excerpt":{"rendered":"<p><strong>Tableau des dimensions des disques abrasifs pyramidaux pr\u00e9d\u00e9coup\u00e9s en velcro<\/strong><\/p>\n<table>\n<tbody>\n<tr>\n<th>Dimensions<\/th>\n<th>A100<\/th>\n<th>A80<\/th>\n<th>A65<\/th>\n<th>A45<\/th>\n<th>A30<\/th>\n<th>A16<\/th>\n<th>A6<\/th>\n<th>RPM OPT.<\/th>\n<th>RPM MAX.<\/th>\n<th>Bo\u00eete<\/th>\n<\/tr>\n<tr>\n<td>115<\/td>\n<td>DTR040<\/td>\n<td>DTR041<\/td>\n<td>DTR035<\/td>\n<td>DTR037<\/td>\n<td>DTR034<\/td>\n<td>DTR033<\/td>\n<td>DTR042<\/td>\n<td>5 000<\/td>\n<td>7 000<\/td>\n<td>50<\/td>\n<\/tr>\n<\/tbody>\n<\/table>\n","protected":false},"featured_media":1177,"comment_status":"open","ping_status":"closed","template":"","meta":{"_acf_changed":false},"product_brand":[],"product_cat":[120],"product_tag":[],"class_list":{"0":"post-1838","1":"product","2":"type-product","3":"status-publish","4":"has-post-thumbnail","6":"product_cat-disques-velcro","8":"first","9":"instock","10":"shipping-taxable","11":"product-type-simple"},"acf":[],"_links":{"self":[{"href":"https:\/\/www.abrasteel.com\/fr\/wp-json\/wp\/v2\/product\/1838","targetHints":{"allow":["GET"]}}],"collection":[{"href":"https:\/\/www.abrasteel.com\/fr\/wp-json\/wp\/v2\/product"}],"about":[{"href":"https:\/\/www.abrasteel.com\/fr\/wp-json\/wp\/v2\/types\/product"}],"replies":[{"embeddable":true,"href":"https:\/\/www.abrasteel.com\/fr\/wp-json\/wp\/v2\/comments?post=1838"}],"wp:featuredmedia":[{"embeddable":true,"href":"https:\/\/www.abrasteel.com\/fr\/wp-json\/wp\/v2\/media\/1177"}],"wp:attachment":[{"href":"https:\/\/www.abrasteel.com\/fr\/wp-json\/wp\/v2\/media?parent=1838"}],"wp:term":[{"taxonomy":"product_brand","embeddable":true,"href":"https:\/\/www.abrasteel.com\/fr\/wp-json\/wp\/v2\/product_brand?post=1838"},{"taxonomy":"product_cat","embeddable":true,"href":"https:\/\/www.abrasteel.com\/fr\/wp-json\/wp\/v2\/product_cat?post=1838"},{"taxonomy":"product_tag","embeddable":true,"href":"https:\/\/www.abrasteel.com\/fr\/wp-json\/wp\/v2\/product_tag?post=1838"}],"curies":[{"name":"wp","href":"https:\/\/api.w.org\/{rel}","templated":true}]}}