{"id":1837,"date":"2025-01-21T09:12:42","date_gmt":"2025-01-21T08:12:42","guid":{"rendered":"https:\/\/dev.b2b.studio\/abrasteel\/?post_type=product&#038;p=1837"},"modified":"2025-02-20T09:17:37","modified_gmt":"2025-02-20T08:17:37","slug":"disque-abrasif-pyramidal-en-velcro","status":"publish","type":"product","link":"https:\/\/www.abrasteel.com\/fr\/disques-abrasifs\/disques-velcro\/disque-abrasif-pyramidal-en-velcro\/","title":{"rendered":"Disque abrasif pyramidal en velcro"},"content":{"rendered":"<p>Disque abrasif pyramidal en velcro: Disque abrasif \u00e0 grain pyramidal pour le pon\u00e7age de pi\u00e8ces en acier inoxydable.<\/p>\n","protected":false},"excerpt":{"rendered":"<p><strong>Tableau des dimensions des disque abrasif pyramidal en velcro<\/strong><\/p>\n<table>\n<tbody>\n<tr>\n<th>Dimensions<\/th>\n<th>A100<\/th>\n<th>A80<\/th>\n<th>A65<\/th>\n<th>A45<\/th>\n<th>A30<\/th>\n<th>A16<\/th>\n<th>A6<\/th>\n<th>RPM OPT.<\/th>\n<th>RPM MAX.<\/th>\n<th>Bo\u00eete<\/th>\n<\/tr>\n<tr>\n<td>115<\/td>\n<td>DTR007<\/td>\n<td>DTR006<\/td>\n<td>DTR005<\/td>\n<td>DTR004<\/td>\n<td>DTR003<\/td>\n<td>DTR002<\/td>\n<td>DTR001<\/td>\n<td>5 000<\/td>\n<td>7 000<\/td>\n<td>50<\/td>\n<\/tr>\n<\/tbody>\n<\/table>\n","protected":false},"featured_media":1183,"comment_status":"open","ping_status":"closed","template":"","meta":{"_acf_changed":false},"product_brand":[],"product_cat":[120],"product_tag":[],"class_list":{"0":"post-1837","1":"product","2":"type-product","3":"status-publish","4":"has-post-thumbnail","6":"product_cat-disques-velcro","8":"first","9":"instock","10":"shipping-taxable","11":"product-type-simple"},"acf":[],"_links":{"self":[{"href":"https:\/\/www.abrasteel.com\/fr\/wp-json\/wp\/v2\/product\/1837","targetHints":{"allow":["GET"]}}],"collection":[{"href":"https:\/\/www.abrasteel.com\/fr\/wp-json\/wp\/v2\/product"}],"about":[{"href":"https:\/\/www.abrasteel.com\/fr\/wp-json\/wp\/v2\/types\/product"}],"replies":[{"embeddable":true,"href":"https:\/\/www.abrasteel.com\/fr\/wp-json\/wp\/v2\/comments?post=1837"}],"wp:featuredmedia":[{"embeddable":true,"href":"https:\/\/www.abrasteel.com\/fr\/wp-json\/wp\/v2\/media\/1183"}],"wp:attachment":[{"href":"https:\/\/www.abrasteel.com\/fr\/wp-json\/wp\/v2\/media?parent=1837"}],"wp:term":[{"taxonomy":"product_brand","embeddable":true,"href":"https:\/\/www.abrasteel.com\/fr\/wp-json\/wp\/v2\/product_brand?post=1837"},{"taxonomy":"product_cat","embeddable":true,"href":"https:\/\/www.abrasteel.com\/fr\/wp-json\/wp\/v2\/product_cat?post=1837"},{"taxonomy":"product_tag","embeddable":true,"href":"https:\/\/www.abrasteel.com\/fr\/wp-json\/wp\/v2\/product_tag?post=1837"}],"curies":[{"name":"wp","href":"https:\/\/api.w.org\/{rel}","templated":true}]}}