{"id":1832,"date":"2025-01-21T09:12:43","date_gmt":"2025-01-21T08:12:43","guid":{"rendered":"https:\/\/dev.b2b.studio\/abrasteel\/?post_type=product&#038;p=1832"},"modified":"2025-02-19T12:17:15","modified_gmt":"2025-02-19T11:17:15","slug":"disque-en-fibre-de-corindon-ceramique","status":"publish","type":"product","link":"https:\/\/www.abrasteel.com\/fr\/disques-abrasifs\/disques-en-fibres-vulcanisees-et-compressees\/disque-en-fibre-de-corindon-ceramique\/","title":{"rendered":"Disque en fibre de corindon c\u00e9ramique"},"content":{"rendered":"<p>Disque en fibre de corindon c\u00e9ramique: Disque en fibre vulcanis\u00e9e avec grains de corindon en c\u00e9ramique.<\/p>\n","protected":false},"excerpt":{"rendered":"<p><strong>Tableau des dimensions du disque en fibre de corindon c\u00e9ramique<\/strong><\/p>\n<table border=\"1\">\n<thead>\n<tr>\n<th>Dimensions<\/th>\n<th>MAX. RPM<\/th>\n<th>24<\/th>\n<th>36<\/th>\n<th>40<\/th>\n<th>50<\/th>\n<th>60<\/th>\n<th>80<\/th>\n<th>100<\/th>\n<th>120<\/th>\n<th>Bo\u00eete<\/th>\n<\/tr>\n<\/thead>\n<tbody>\n<tr>\n<td>115&#215;22<\/td>\n<td>13 000<\/td>\n<td>DCC001<\/td>\n<td>DCC002<\/td>\n<td>DCC003<\/td>\n<td>DCC004<\/td>\n<td>DCC005<\/td>\n<td>DCC006<\/td>\n<td>DCC007<\/td>\n<td>DCC008<\/td>\n<td>50<\/td>\n<\/tr>\n<tr>\n<td>125&#215;22<\/td>\n<td>12 000<\/td>\n<td>DCC009<\/td>\n<td>DCC010<\/td>\n<td>DCC011<\/td>\n<td>DCC012<\/td>\n<td>DCC013<\/td>\n<td>DCC014<\/td>\n<td>DCC015<\/td>\n<td>DCC016<\/td>\n<td>50<\/td>\n<\/tr>\n<tr>\n<td>178&#215;22<\/td>\n<td>8 500<\/td>\n<td>DCC017<\/td>\n<td>DCC018<\/td>\n<td>DCC019<\/td>\n<td>DCC020<\/td>\n<td>DCC021<\/td>\n<td>DCC022<\/td>\n<td>DCC023<\/td>\n<td>DCC024<\/td>\n<td>50<\/td>\n<\/tr>\n<\/tbody>\n<\/table>\n<p>&nbsp;<\/p>\n","protected":false},"featured_media":1213,"comment_status":"open","ping_status":"closed","template":"","meta":{"_acf_changed":false},"product_brand":[],"product_cat":[119],"product_tag":[],"class_list":{"0":"post-1832","1":"product","2":"type-product","3":"status-publish","4":"has-post-thumbnail","6":"product_cat-disques-en-fibres-vulcanisees-et-compressees","8":"first","9":"instock","10":"shipping-taxable","11":"product-type-simple"},"acf":[],"_links":{"self":[{"href":"https:\/\/www.abrasteel.com\/fr\/wp-json\/wp\/v2\/product\/1832","targetHints":{"allow":["GET"]}}],"collection":[{"href":"https:\/\/www.abrasteel.com\/fr\/wp-json\/wp\/v2\/product"}],"about":[{"href":"https:\/\/www.abrasteel.com\/fr\/wp-json\/wp\/v2\/types\/product"}],"replies":[{"embeddable":true,"href":"https:\/\/www.abrasteel.com\/fr\/wp-json\/wp\/v2\/comments?post=1832"}],"wp:featuredmedia":[{"embeddable":true,"href":"https:\/\/www.abrasteel.com\/fr\/wp-json\/wp\/v2\/media\/1213"}],"wp:attachment":[{"href":"https:\/\/www.abrasteel.com\/fr\/wp-json\/wp\/v2\/media?parent=1832"}],"wp:term":[{"taxonomy":"product_brand","embeddable":true,"href":"https:\/\/www.abrasteel.com\/fr\/wp-json\/wp\/v2\/product_brand?post=1832"},{"taxonomy":"product_cat","embeddable":true,"href":"https:\/\/www.abrasteel.com\/fr\/wp-json\/wp\/v2\/product_cat?post=1832"},{"taxonomy":"product_tag","embeddable":true,"href":"https:\/\/www.abrasteel.com\/fr\/wp-json\/wp\/v2\/product_tag?post=1832"}],"curies":[{"name":"wp","href":"https:\/\/api.w.org\/{rel}","templated":true}]}}