{"id":1830,"date":"2025-01-21T09:12:43","date_gmt":"2025-01-21T08:12:43","guid":{"rendered":"https:\/\/dev.b2b.studio\/abrasteel\/?post_type=product&#038;p=1830"},"modified":"2025-02-19T11:57:59","modified_gmt":"2025-02-19T10:57:59","slug":"disque-de-type-v","status":"publish","type":"product","link":"https:\/\/www.abrasteel.com\/fr\/disques-abrasifs\/disques-de-type-v\/disque-de-type-v\/","title":{"rendered":"Disque de type V"},"content":{"rendered":"<p>Disque de type V: Disque avec des lames de toile abrasive en forme de V mont\u00e9es sur un noyau. Id\u00e9al pour meuler et polir les soudures dans les zones difficiles d&rsquo;acc\u00e8s ; peut travailler sur pointe.<\/p>\n","protected":false},"excerpt":{"rendered":"<p><strong>Table des mesures du Disque de type V<\/strong><\/p>\n<table border=\"1\">\n<thead>\n<tr>\n<th>Mesures<\/th>\n<th>A80<\/th>\n<th>A150<\/th>\n<th>A220<\/th>\n<th>RPM OPT.<\/th>\n<th>RPM MAX.<\/th>\n<th>Bo\u00eete<\/th>\n<\/tr>\n<\/thead>\n<tbody>\n<tr>\n<td>150&#215;25<\/td>\n<td>DIV001<\/td>\n<td>DIV002<\/td>\n<td>DIV003<\/td>\n<td>5.000<\/td>\n<td>5.800<\/td>\n<td>10<\/td>\n<\/tr>\n<tr>\n<td>165&#215;25<\/td>\n<td>DIV004<\/td>\n<td>DIV005<\/td>\n<td>DIV006<\/td>\n<td>4.500<\/td>\n<td>5.500<\/td>\n<td>10<\/td>\n<\/tr>\n<tr>\n<td>200&#215;25<\/td>\n<td>DIV007<\/td>\n<td>DIV008<\/td>\n<td>DIV009<\/td>\n<td>3.800<\/td>\n<td>4.500<\/td>\n<td>10<\/td>\n<\/tr>\n<tr>\n<td>250&#215;25<\/td>\n<td>DIV010<\/td>\n<td>DIV011<\/td>\n<td>DIV012<\/td>\n<td>3.000<\/td>\n<td>3.500<\/td>\n<td>10<\/td>\n<\/tr>\n<tr>\n<td>300&#215;25<\/td>\n<td>DIV013<\/td>\n<td>DIV014<\/td>\n<td>DIV015<\/td>\n<td>2.500<\/td>\n<td>2.800<\/td>\n<td>10<\/td>\n<\/tr>\n<tr>\n<td>350&#215;25<\/td>\n<td>DIV016<\/td>\n<td>DIV017<\/td>\n<td>DIV018<\/td>\n<td>2.000<\/td>\n<td>2.500<\/td>\n<td>10<\/td>\n<\/tr>\n<tr>\n<td>400&#215;35<\/td>\n<td>DIV019<\/td>\n<td>DIV020<\/td>\n<td>DIV021<\/td>\n<td>1.500<\/td>\n<td>2.200<\/td>\n<td>10<\/td>\n<\/tr>\n<\/tbody>\n<\/table>\n<p>&nbsp;<\/p>\n","protected":false},"featured_media":1237,"comment_status":"open","ping_status":"closed","template":"","meta":{"_acf_changed":false},"product_brand":[],"product_cat":[118],"product_tag":[],"class_list":{"0":"post-1830","1":"product","2":"type-product","3":"status-publish","4":"has-post-thumbnail","6":"product_cat-disques-de-type-v","8":"first","9":"instock","10":"shipping-taxable","11":"product-type-simple"},"acf":[],"_links":{"self":[{"href":"https:\/\/www.abrasteel.com\/fr\/wp-json\/wp\/v2\/product\/1830","targetHints":{"allow":["GET"]}}],"collection":[{"href":"https:\/\/www.abrasteel.com\/fr\/wp-json\/wp\/v2\/product"}],"about":[{"href":"https:\/\/www.abrasteel.com\/fr\/wp-json\/wp\/v2\/types\/product"}],"replies":[{"embeddable":true,"href":"https:\/\/www.abrasteel.com\/fr\/wp-json\/wp\/v2\/comments?post=1830"}],"wp:featuredmedia":[{"embeddable":true,"href":"https:\/\/www.abrasteel.com\/fr\/wp-json\/wp\/v2\/media\/1237"}],"wp:attachment":[{"href":"https:\/\/www.abrasteel.com\/fr\/wp-json\/wp\/v2\/media?parent=1830"}],"wp:term":[{"taxonomy":"product_brand","embeddable":true,"href":"https:\/\/www.abrasteel.com\/fr\/wp-json\/wp\/v2\/product_brand?post=1830"},{"taxonomy":"product_cat","embeddable":true,"href":"https:\/\/www.abrasteel.com\/fr\/wp-json\/wp\/v2\/product_cat?post=1830"},{"taxonomy":"product_tag","embeddable":true,"href":"https:\/\/www.abrasteel.com\/fr\/wp-json\/wp\/v2\/product_tag?post=1830"}],"curies":[{"name":"wp","href":"https:\/\/api.w.org\/{rel}","templated":true}]}}