{"id":1828,"date":"2025-01-21T09:12:43","date_gmt":"2025-01-21T08:12:43","guid":{"rendered":"https:\/\/dev.b2b.studio\/abrasteel\/?post_type=product&#038;p=1828"},"modified":"2025-02-19T11:53:02","modified_gmt":"2025-02-19T10:53:02","slug":"disque-de-corde-et-coton-enduit-impregne","status":"publish","type":"product","link":"https:\/\/www.abrasteel.com\/fr\/disques-abrasifs\/disques-de-corde-en-coton-et-feutre\/disque-de-corde-et-coton-enduit-impregne\/","title":{"rendered":"Disque de corde et coton enduit impr\u00e9gn\u00e9"},"content":{"rendered":"<p>Disque de corde et coton enduit impr\u00e9gn\u00e9: Disque constitu\u00e9 d&rsquo;une maille de corde entrelac\u00e9e de feuilles de coton en forme d&rsquo;escargot recouvertes d&rsquo;impr\u00e9gnations de diff\u00e9rentes duret\u00e9s. Pour le polissage de l&rsquo;acier inoxydable.<\/p>\n","protected":false},"excerpt":{"rendered":"<p><strong>Table des mesures du Disque de corde et coton enduit impr\u00e9gn\u00e9<\/strong><\/p>\n<table border=\"1\">\n<thead>\n<tr>\n<th>Mesures<\/th>\n<th>Diam\u00e8tre<\/th>\n<th>R\u00e9f.<\/th>\n<th>Duret\u00e9<\/th>\n<th>Bo\u00eete<\/th>\n<\/tr>\n<\/thead>\n<tbody>\n<tr>\n<td>100<\/td>\n<td>8<\/td>\n<td>DCAI01<\/td>\n<td>M\u00c9DIUM (ROUGE)<\/td>\n<td>10<\/td>\n<\/tr>\n<tr>\n<td>100<\/td>\n<td>8<\/td>\n<td>DCAI02<\/td>\n<td>FERME (VERT)<\/td>\n<td>10<\/td>\n<\/tr>\n<tr>\n<td>150<\/td>\n<td>8<\/td>\n<td>DCAI03<\/td>\n<td>M\u00c9DIUM (ROUGE)<\/td>\n<td>10<\/td>\n<\/tr>\n<tr>\n<td>150<\/td>\n<td>8<\/td>\n<td>DCAI04<\/td>\n<td>FERME (VERT)<\/td>\n<td>10<\/td>\n<\/tr>\n<tr>\n<td>200<\/td>\n<td>8<\/td>\n<td>DCAI05<\/td>\n<td>M\u00c9DIUM (ROUGE)<\/td>\n<td>10<\/td>\n<\/tr>\n<tr>\n<td>200<\/td>\n<td>8<\/td>\n<td>DCAI06<\/td>\n<td>FERME (VERT)<\/td>\n<td>10<\/td>\n<\/tr>\n<tr>\n<td>250<\/td>\n<td>8<\/td>\n<td>DCAI07<\/td>\n<td>M\u00c9DIUM (ROUGE)<\/td>\n<td>2<\/td>\n<\/tr>\n<tr>\n<td>250<\/td>\n<td>8<\/td>\n<td>DCAI08<\/td>\n<td>FERME (VERT)<\/td>\n<td>2<\/td>\n<\/tr>\n<tr>\n<td>300<\/td>\n<td>8<\/td>\n<td>DCAI09<\/td>\n<td>M\u00c9DIUM (ROUGE)<\/td>\n<td>2<\/td>\n<\/tr>\n<tr>\n<td>300<\/td>\n<td>8<\/td>\n<td>DCAI10<\/td>\n<td>FERME (VERT)<\/td>\n<td>2<\/td>\n<\/tr>\n<tr>\n<td>350<\/td>\n<td>8<\/td>\n<td>DCAI11<\/td>\n<td>M\u00c9DIUM (ROUGE)<\/td>\n<td>2<\/td>\n<\/tr>\n<tr>\n<td>350<\/td>\n<td>8<\/td>\n<td>DCAI12<\/td>\n<td>FERME (VERT)<\/td>\n<td>2<\/td>\n<\/tr>\n<tr>\n<td>400<\/td>\n<td>8<\/td>\n<td>DCAI13<\/td>\n<td>M\u00c9DIUM (ROUGE)<\/td>\n<td>2<\/td>\n<\/tr>\n<tr>\n<td>400<\/td>\n<td>8<\/td>\n<td>DCAI14<\/td>\n<td>FERME (VERT)<\/td>\n<td>2<\/td>\n<\/tr>\n<\/tbody>\n<\/table>\n<p>&nbsp;<\/p>\n","protected":false},"featured_media":1249,"comment_status":"open","ping_status":"closed","template":"","meta":{"_acf_changed":false},"product_brand":[],"product_cat":[117],"product_tag":[],"class_list":{"0":"post-1828","1":"product","2":"type-product","3":"status-publish","4":"has-post-thumbnail","6":"product_cat-disques-de-corde-en-coton-et-feutre","8":"first","9":"instock","10":"shipping-taxable","11":"product-type-simple"},"acf":[],"_links":{"self":[{"href":"https:\/\/www.abrasteel.com\/fr\/wp-json\/wp\/v2\/product\/1828","targetHints":{"allow":["GET"]}}],"collection":[{"href":"https:\/\/www.abrasteel.com\/fr\/wp-json\/wp\/v2\/product"}],"about":[{"href":"https:\/\/www.abrasteel.com\/fr\/wp-json\/wp\/v2\/types\/product"}],"replies":[{"embeddable":true,"href":"https:\/\/www.abrasteel.com\/fr\/wp-json\/wp\/v2\/comments?post=1828"}],"wp:featuredmedia":[{"embeddable":true,"href":"https:\/\/www.abrasteel.com\/fr\/wp-json\/wp\/v2\/media\/1249"}],"wp:attachment":[{"href":"https:\/\/www.abrasteel.com\/fr\/wp-json\/wp\/v2\/media?parent=1828"}],"wp:term":[{"taxonomy":"product_brand","embeddable":true,"href":"https:\/\/www.abrasteel.com\/fr\/wp-json\/wp\/v2\/product_brand?post=1828"},{"taxonomy":"product_cat","embeddable":true,"href":"https:\/\/www.abrasteel.com\/fr\/wp-json\/wp\/v2\/product_cat?post=1828"},{"taxonomy":"product_tag","embeddable":true,"href":"https:\/\/www.abrasteel.com\/fr\/wp-json\/wp\/v2\/product_tag?post=1828"}],"curies":[{"name":"wp","href":"https:\/\/api.w.org\/{rel}","templated":true}]}}