{"id":1827,"date":"2025-01-21T09:12:43","date_gmt":"2025-01-21T08:12:43","guid":{"rendered":"https:\/\/dev.b2b.studio\/abrasteel\/?post_type=product&#038;p=1827"},"modified":"2025-02-19T11:47:06","modified_gmt":"2025-02-19T10:47:06","slug":"disques-de-coton-enduits-douate","status":"publish","type":"product","link":"https:\/\/www.abrasteel.com\/fr\/disques-abrasifs\/disques-de-corde-en-coton-et-feutre\/disques-de-coton-enduits-douate\/","title":{"rendered":"Disques de coton, enduits d&rsquo;ouate"},"content":{"rendered":"<p>Disques de coton, enduits d&rsquo;ouate: Disque en forme d&rsquo;escargot fabriqu\u00e9 \u00e0 partir de feuilles de coton. Pour le polissage des m\u00e9taux.<\/p>\n","protected":false},"excerpt":{"rendered":"<p><strong>Table des mesures du Disques de coton, enduits d&rsquo;ouate<\/strong><\/p>\n<table border=\"1\">\n<thead>\n<tr>\n<th>Mesures<\/th>\n<th>Diam\u00e8tre<\/th>\n<th>R\u00e9f.<\/th>\n<th>Bo\u00eete<\/th>\n<\/tr>\n<\/thead>\n<tbody>\n<tr>\n<td>100<\/td>\n<td>8<\/td>\n<td>DAR001<\/td>\n<td>10<\/td>\n<\/tr>\n<tr>\n<td>150<\/td>\n<td>8<\/td>\n<td>DAR002<\/td>\n<td>10<\/td>\n<\/tr>\n<tr>\n<td>200<\/td>\n<td>8<\/td>\n<td>DAR003<\/td>\n<td>10<\/td>\n<\/tr>\n<tr>\n<td>250<\/td>\n<td>8<\/td>\n<td>DAR004<\/td>\n<td>2<\/td>\n<\/tr>\n<tr>\n<td>300<\/td>\n<td>8<\/td>\n<td>DAR005<\/td>\n<td>2<\/td>\n<\/tr>\n<tr>\n<td>350<\/td>\n<td>8<\/td>\n<td>DAR006<\/td>\n<td>2<\/td>\n<\/tr>\n<tr>\n<td>400<\/td>\n<td>8<\/td>\n<td>DAR007<\/td>\n<td>2<\/td>\n<\/tr>\n<\/tbody>\n<\/table>\n<p>&nbsp;<\/p>\n","protected":false},"featured_media":1283,"comment_status":"open","ping_status":"closed","template":"","meta":{"_acf_changed":false},"product_brand":[],"product_cat":[117],"product_tag":[],"class_list":{"0":"post-1827","1":"product","2":"type-product","3":"status-publish","4":"has-post-thumbnail","6":"product_cat-disques-de-corde-en-coton-et-feutre","8":"first","9":"instock","10":"shipping-taxable","11":"product-type-simple"},"acf":[],"_links":{"self":[{"href":"https:\/\/www.abrasteel.com\/fr\/wp-json\/wp\/v2\/product\/1827","targetHints":{"allow":["GET"]}}],"collection":[{"href":"https:\/\/www.abrasteel.com\/fr\/wp-json\/wp\/v2\/product"}],"about":[{"href":"https:\/\/www.abrasteel.com\/fr\/wp-json\/wp\/v2\/types\/product"}],"replies":[{"embeddable":true,"href":"https:\/\/www.abrasteel.com\/fr\/wp-json\/wp\/v2\/comments?post=1827"}],"wp:featuredmedia":[{"embeddable":true,"href":"https:\/\/www.abrasteel.com\/fr\/wp-json\/wp\/v2\/media\/1283"}],"wp:attachment":[{"href":"https:\/\/www.abrasteel.com\/fr\/wp-json\/wp\/v2\/media?parent=1827"}],"wp:term":[{"taxonomy":"product_brand","embeddable":true,"href":"https:\/\/www.abrasteel.com\/fr\/wp-json\/wp\/v2\/product_brand?post=1827"},{"taxonomy":"product_cat","embeddable":true,"href":"https:\/\/www.abrasteel.com\/fr\/wp-json\/wp\/v2\/product_cat?post=1827"},{"taxonomy":"product_tag","embeddable":true,"href":"https:\/\/www.abrasteel.com\/fr\/wp-json\/wp\/v2\/product_tag?post=1827"}],"curies":[{"name":"wp","href":"https:\/\/api.w.org\/{rel}","templated":true}]}}