{"id":1825,"date":"2025-01-21T09:13:04","date_gmt":"2025-01-21T08:13:04","guid":{"rendered":"https:\/\/dev.b2b.studio\/abrasteel\/?post_type=product&#038;p=1825"},"modified":"2025-02-19T11:45:50","modified_gmt":"2025-02-19T10:45:50","slug":"disque-en-corde-impregnee","status":"publish","type":"product","link":"https:\/\/www.abrasteel.com\/fr\/disques-abrasifs\/disques-de-corde-en-coton-et-feutre\/disque-en-corde-impregnee\/","title":{"rendered":"Disque en corde impr\u00e9gn\u00e9e"},"content":{"rendered":"<p>Disque en corde impr\u00e9gn\u00e9e: Disque constitu\u00e9 de cordes mont\u00e9es sur un noyau, recouvert d&rsquo;impr\u00e9gnations de diff\u00e9rentes duret\u00e9s. Pour le polissage des m\u00e9taux.<\/p>\n","protected":false},"excerpt":{"rendered":"<p><strong>Table des mesures du Disque en corde impr\u00e9gn\u00e9e<\/strong><\/p>\n<table border=\"1\">\n<thead>\n<tr>\n<th>Mesures<\/th>\n<th>Diam\u00e8tre<\/th>\n<th>R\u00e9f.<\/th>\n<th>Duret\u00e9<\/th>\n<th>Bo\u00eete<\/th>\n<\/tr>\n<\/thead>\n<tbody>\n<tr>\n<td>100<\/td>\n<td>19<\/td>\n<td>DCSI01<\/td>\n<td>M\u00c9DIUM (ROUGE)<\/td>\n<td>10<\/td>\n<\/tr>\n<tr>\n<td>100<\/td>\n<td>19<\/td>\n<td>DCSI02<\/td>\n<td>HARD (VERT)<\/td>\n<td>10<\/td>\n<\/tr>\n<tr>\n<td>150<\/td>\n<td>22<\/td>\n<td>DCSI03<\/td>\n<td>M\u00c9DIUM (ROUGE)<\/td>\n<td>10<\/td>\n<\/tr>\n<tr>\n<td>150<\/td>\n<td>22<\/td>\n<td>DCSI04<\/td>\n<td>HARD (VERT)<\/td>\n<td>10<\/td>\n<\/tr>\n<tr>\n<td>200<\/td>\n<td>25<\/td>\n<td>DCSI05<\/td>\n<td>M\u00c9DIUM (ROUGE)<\/td>\n<td>10<\/td>\n<\/tr>\n<tr>\n<td>200<\/td>\n<td>25<\/td>\n<td>DCSI06<\/td>\n<td>HARD (VERT)<\/td>\n<td>10<\/td>\n<\/tr>\n<tr>\n<td>250<\/td>\n<td>80<\/td>\n<td>DCSI07<\/td>\n<td>M\u00c9DIUM (ROUGE)<\/td>\n<td>2<\/td>\n<\/tr>\n<tr>\n<td>250<\/td>\n<td>80<\/td>\n<td>DCSI08<\/td>\n<td>HARD (VERT)<\/td>\n<td>2<\/td>\n<\/tr>\n<tr>\n<td>300<\/td>\n<td>80<\/td>\n<td>DCSI09<\/td>\n<td>M\u00c9DIUM (ROUGE)<\/td>\n<td>2<\/td>\n<\/tr>\n<tr>\n<td>300<\/td>\n<td>80<\/td>\n<td>DCSI10<\/td>\n<td>HARD (VERT)<\/td>\n<td>2<\/td>\n<\/tr>\n<tr>\n<td>350<\/td>\n<td>130<\/td>\n<td>DCSI11<\/td>\n<td>M\u00c9DIUM (ROUGE)<\/td>\n<td>2<\/td>\n<\/tr>\n<tr>\n<td>350<\/td>\n<td>130<\/td>\n<td>DCSI12<\/td>\n<td>HARD (VERT)<\/td>\n<td>2<\/td>\n<\/tr>\n<tr>\n<td>400<\/td>\n<td>130<\/td>\n<td>DCSI13<\/td>\n<td>M\u00c9DIUM (ROUGE)<\/td>\n<td>2<\/td>\n<\/tr>\n<tr>\n<td>400<\/td>\n<td>130<\/td>\n<td>DCSI14<\/td>\n<td>HARD (VERT)<\/td>\n<td>2<\/td>\n<\/tr>\n<\/tbody>\n<\/table>\n<p>&nbsp;<\/p>\n","protected":false},"featured_media":1295,"comment_status":"open","ping_status":"closed","template":"","meta":{"_acf_changed":false},"product_brand":[],"product_cat":[117],"product_tag":[],"class_list":{"0":"post-1825","1":"product","2":"type-product","3":"status-publish","4":"has-post-thumbnail","6":"product_cat-disques-de-corde-en-coton-et-feutre","8":"first","9":"instock","10":"shipping-taxable","11":"product-type-simple"},"acf":[],"_links":{"self":[{"href":"https:\/\/www.abrasteel.com\/fr\/wp-json\/wp\/v2\/product\/1825","targetHints":{"allow":["GET"]}}],"collection":[{"href":"https:\/\/www.abrasteel.com\/fr\/wp-json\/wp\/v2\/product"}],"about":[{"href":"https:\/\/www.abrasteel.com\/fr\/wp-json\/wp\/v2\/types\/product"}],"replies":[{"embeddable":true,"href":"https:\/\/www.abrasteel.com\/fr\/wp-json\/wp\/v2\/comments?post=1825"}],"wp:featuredmedia":[{"embeddable":true,"href":"https:\/\/www.abrasteel.com\/fr\/wp-json\/wp\/v2\/media\/1295"}],"wp:attachment":[{"href":"https:\/\/www.abrasteel.com\/fr\/wp-json\/wp\/v2\/media?parent=1825"}],"wp:term":[{"taxonomy":"product_brand","embeddable":true,"href":"https:\/\/www.abrasteel.com\/fr\/wp-json\/wp\/v2\/product_brand?post=1825"},{"taxonomy":"product_cat","embeddable":true,"href":"https:\/\/www.abrasteel.com\/fr\/wp-json\/wp\/v2\/product_cat?post=1825"},{"taxonomy":"product_tag","embeddable":true,"href":"https:\/\/www.abrasteel.com\/fr\/wp-json\/wp\/v2\/product_tag?post=1825"}],"curies":[{"name":"wp","href":"https:\/\/api.w.org\/{rel}","templated":true}]}}