{"id":1824,"date":"2025-01-21T09:13:04","date_gmt":"2025-01-21T08:13:04","guid":{"rendered":"https:\/\/dev.b2b.studio\/abrasteel\/?post_type=product&#038;p=1824"},"modified":"2025-02-19T11:41:40","modified_gmt":"2025-02-19T10:41:40","slug":"disque-de-manivelle-monte-sur-un-support-en-fibre","status":"publish","type":"product","link":"https:\/\/www.abrasteel.com\/fr\/disques-abrasifs\/disques-de-corde-en-coton-et-feutre\/disque-de-manivelle-monte-sur-un-support-en-fibre\/","title":{"rendered":"Disque de manivelle mont\u00e9 sur un support en fibre"},"content":{"rendered":"<p>Disque de manivelle mont\u00e9 sur un support en fibre: Disque avec support en fibre de verre avec fixation M14. Disponible en deux densit\u00e9s : HARD, pour le pr\u00e9-polissage avec la p\u00e2te rose et SOFT, pour le polissage des pi\u00e8ces avec la p\u00e2te brillante.<\/p>\n","protected":false},"excerpt":{"rendered":"<p><strong>Table des mesures du Disque de manivelle mont\u00e9 sur un support en fibre<\/strong><\/p>\n<table border=\"1\">\n<thead>\n<tr>\n<th>Mesures<\/th>\n<th>SOUPLE<\/th>\n<th>RIGIDE<\/th>\n<th>OPT. RPM<\/th>\n<th>MAX. RPM<\/th>\n<th>Bo\u00eete<\/th>\n<\/tr>\n<\/thead>\n<tbody>\n<tr>\n<td>115 x M14<\/td>\n<td>DKS001<\/td>\n<td>DKH002<\/td>\n<td>1 650<\/td>\n<td>8 500<\/td>\n<td>10<\/td>\n<\/tr>\n<\/tbody>\n<\/table>\n<p>&nbsp;<\/p>\n","protected":false},"featured_media":1301,"comment_status":"open","ping_status":"closed","template":"","meta":{"_acf_changed":false},"product_brand":[],"product_cat":[117],"product_tag":[],"class_list":{"0":"post-1824","1":"product","2":"type-product","3":"status-publish","4":"has-post-thumbnail","6":"product_cat-disques-de-corde-en-coton-et-feutre","8":"first","9":"instock","10":"shipping-taxable","11":"product-type-simple"},"acf":[],"_links":{"self":[{"href":"https:\/\/www.abrasteel.com\/fr\/wp-json\/wp\/v2\/product\/1824","targetHints":{"allow":["GET"]}}],"collection":[{"href":"https:\/\/www.abrasteel.com\/fr\/wp-json\/wp\/v2\/product"}],"about":[{"href":"https:\/\/www.abrasteel.com\/fr\/wp-json\/wp\/v2\/types\/product"}],"replies":[{"embeddable":true,"href":"https:\/\/www.abrasteel.com\/fr\/wp-json\/wp\/v2\/comments?post=1824"}],"wp:featuredmedia":[{"embeddable":true,"href":"https:\/\/www.abrasteel.com\/fr\/wp-json\/wp\/v2\/media\/1301"}],"wp:attachment":[{"href":"https:\/\/www.abrasteel.com\/fr\/wp-json\/wp\/v2\/media?parent=1824"}],"wp:term":[{"taxonomy":"product_brand","embeddable":true,"href":"https:\/\/www.abrasteel.com\/fr\/wp-json\/wp\/v2\/product_brand?post=1824"},{"taxonomy":"product_cat","embeddable":true,"href":"https:\/\/www.abrasteel.com\/fr\/wp-json\/wp\/v2\/product_cat?post=1824"},{"taxonomy":"product_tag","embeddable":true,"href":"https:\/\/www.abrasteel.com\/fr\/wp-json\/wp\/v2\/product_tag?post=1824"}],"curies":[{"name":"wp","href":"https:\/\/api.w.org\/{rel}","templated":true}]}}