{"id":1819,"date":"2025-01-21T09:12:20","date_gmt":"2025-01-21T08:12:20","guid":{"rendered":"https:\/\/dev.b2b.studio\/abrasteel\/?post_type=product&#038;p=1819"},"modified":"2025-02-20T09:45:48","modified_gmt":"2025-02-20T08:45:48","slug":"rouleau-de-tissu-non-tisse-en-corindon","status":"publish","type":"product","link":"https:\/\/www.abrasteel.com\/fr\/rouleaux-et-tissus\/rouleaux-de-tissus-et-non-tisses\/rouleau-de-tissu-non-tisse-en-corindon\/","title":{"rendered":"Rouleau de tissu non tiss\u00e9 en corindon"},"content":{"rendered":"<p>Rouleau de tissu non tiss\u00e9 en corindon: Rouleau de tissu non tiss\u00e9 en oxyde d&rsquo;aluminium pour le travail \u00e0 la main ou \u00e0 la machine.<\/p>\n","protected":false},"excerpt":{"rendered":"<p><strong>Tailles de rouleau de tissu non tiss\u00e9 en corindon<\/strong><\/p>\n<table>\n<tbody>\n<tr>\n<th>Tailles<\/th>\n<th>A\/C<\/th>\n<th>A\/M<\/th>\n<th>A\/F<\/th>\n<th>A\/VF<\/th>\n<th>Vert<\/th>\n<th>Bo\u00eete<\/th>\n<\/tr>\n<tr>\n<td>100 x 10M<\/td>\n<td>RTS001<\/td>\n<td>RTS002<\/td>\n<td>RTS003<\/td>\n<td>RTS004<\/td>\n<td>RTV001<\/td>\n<td>1<\/td>\n<\/tr>\n<tr>\n<td>120 x 10M<\/td>\n<td>RTS005<\/td>\n<td>RTS006<\/td>\n<td>RTS007<\/td>\n<td>RTS008<\/td>\n<td>RTV002<\/td>\n<td>1<\/td>\n<\/tr>\n<tr>\n<td>250 x 10M<\/td>\n<td>RTS009<\/td>\n<td>RTS010<\/td>\n<td>RTS011<\/td>\n<td>RTS012<\/td>\n<td>RTV003<\/td>\n<td>1<\/td>\n<\/tr>\n<\/tbody>\n<\/table>\n","protected":false},"featured_media":1040,"comment_status":"open","ping_status":"closed","template":"","meta":{"_acf_changed":false},"product_brand":[],"product_cat":[114],"product_tag":[],"class_list":{"0":"post-1819","1":"product","2":"type-product","3":"status-publish","4":"has-post-thumbnail","6":"product_cat-rouleaux-de-tissus-et-non-tisses","8":"first","9":"instock","10":"shipping-taxable","11":"product-type-simple"},"acf":[],"_links":{"self":[{"href":"https:\/\/www.abrasteel.com\/fr\/wp-json\/wp\/v2\/product\/1819","targetHints":{"allow":["GET"]}}],"collection":[{"href":"https:\/\/www.abrasteel.com\/fr\/wp-json\/wp\/v2\/product"}],"about":[{"href":"https:\/\/www.abrasteel.com\/fr\/wp-json\/wp\/v2\/types\/product"}],"replies":[{"embeddable":true,"href":"https:\/\/www.abrasteel.com\/fr\/wp-json\/wp\/v2\/comments?post=1819"}],"wp:featuredmedia":[{"embeddable":true,"href":"https:\/\/www.abrasteel.com\/fr\/wp-json\/wp\/v2\/media\/1040"}],"wp:attachment":[{"href":"https:\/\/www.abrasteel.com\/fr\/wp-json\/wp\/v2\/media?parent=1819"}],"wp:term":[{"taxonomy":"product_brand","embeddable":true,"href":"https:\/\/www.abrasteel.com\/fr\/wp-json\/wp\/v2\/product_brand?post=1819"},{"taxonomy":"product_cat","embeddable":true,"href":"https:\/\/www.abrasteel.com\/fr\/wp-json\/wp\/v2\/product_cat?post=1819"},{"taxonomy":"product_tag","embeddable":true,"href":"https:\/\/www.abrasteel.com\/fr\/wp-json\/wp\/v2\/product_tag?post=1819"}],"curies":[{"name":"wp","href":"https:\/\/api.w.org\/{rel}","templated":true}]}}