{"id":1815,"date":"2025-01-21T09:12:41","date_gmt":"2025-01-21T08:12:41","guid":{"rendered":"https:\/\/dev.b2b.studio\/abrasteel\/?post_type=product&#038;p=1815"},"modified":"2025-02-20T09:37:50","modified_gmt":"2025-02-20T08:37:50","slug":"bande-de-corindon-ceramique-avec-support-x","status":"publish","type":"product","link":"https:\/\/www.abrasteel.com\/fr\/rouleaux-et-tissus\/bandes-de-tissu-et-de-papier-de-verre\/bande-de-corindon-ceramique-avec-support-x\/","title":{"rendered":"Bande de corindon c\u00e9ramique avec support X"},"content":{"rendered":"<p>Bande de corindon c\u00e9ramique avec support X: Ceinture de grains de corindon en c\u00e9ramique. Pouvoir abrasif maximal avec capacit\u00e9 d&rsquo;auto-aff\u00fbtage.<\/p>\n","protected":false},"excerpt":{"rendered":"<p><strong>Tailles de bande de corindon c\u00e9ramique avec support X<\/strong><\/p>\n<table>\n<tbody>\n<tr>\n<th>Tailles<\/th>\n<th>24<\/th>\n<th>36<\/th>\n<th>40<\/th>\n<th>50<\/th>\n<th>60<\/th>\n<th>80<\/th>\n<th>100+<\/th>\n<th>Bo\u00eete<\/th>\n<\/tr>\n<tr>\n<td>100&#215;620<\/td>\n<td>BNCE01<\/td>\n<td>BNCE02<\/td>\n<td>BNCE03<\/td>\n<td>BNCE04<\/td>\n<td>BNCE05<\/td>\n<td>BNCE06<\/td>\n<td>BNCE07<\/td>\n<td>12<\/td>\n<\/tr>\n<tr>\n<td>50&#215;1750<\/td>\n<td>BNCE11<\/td>\n<td>BNCE12<\/td>\n<td>BNCE13<\/td>\n<td>BNCE14<\/td>\n<td>BNCE15<\/td>\n<td>BNCE16<\/td>\n<td>BNCE17<\/td>\n<td>12<\/td>\n<\/tr>\n<tr>\n<td>50&#215;2000<\/td>\n<td>BNCE21<\/td>\n<td>BNCE22<\/td>\n<td>BNCE23<\/td>\n<td>BNCE24<\/td>\n<td>BNCE25<\/td>\n<td>BNCE26<\/td>\n<td>BNCE27<\/td>\n<td>12<\/td>\n<\/tr>\n<tr>\n<td>75&#215;2000<\/td>\n<td>BNCE31<\/td>\n<td>BNCE32<\/td>\n<td>BNCE33<\/td>\n<td>BNCE34<\/td>\n<td>BNCE35<\/td>\n<td>BNCE36<\/td>\n<td>BNCE37<\/td>\n<td>12<\/td>\n<\/tr>\n<tr>\n<td>50&#215;2450<\/td>\n<td>BNCE41<\/td>\n<td>BNCE42<\/td>\n<td>BNCE43<\/td>\n<td>BNCE44<\/td>\n<td>BNCE45<\/td>\n<td>BNCE46<\/td>\n<td>BNCE47<\/td>\n<td>12<\/td>\n<\/tr>\n<tr>\n<td>100&#215;2450<\/td>\n<td>BNCE51<\/td>\n<td>BNCE52<\/td>\n<td>BNCE53<\/td>\n<td>BNCE54<\/td>\n<td>BNCE55<\/td>\n<td>BNCE56<\/td>\n<td>BNCE57<\/td>\n<td>12<\/td>\n<\/tr>\n<tr>\n<td>50&#215;2500<\/td>\n<td>BNCE61<\/td>\n<td>BNCE62<\/td>\n<td>BNCE63<\/td>\n<td>BNCE64<\/td>\n<td>BNCE65<\/td>\n<td>BNCE66<\/td>\n<td>BNCE67<\/td>\n<td>12<\/td>\n<\/tr>\n<tr>\n<td>100&#215;2500<\/td>\n<td>BNCE71<\/td>\n<td>BNCE72<\/td>\n<td>BNCE73<\/td>\n<td>BNCE74<\/td>\n<td>BNCE75<\/td>\n<td>BNCE76<\/td>\n<td>BNCE77<\/td>\n<td>12<\/td>\n<\/tr>\n<\/tbody>\n<\/table>\n","protected":false},"featured_media":1093,"comment_status":"open","ping_status":"closed","template":"","meta":{"_acf_changed":false},"product_brand":[],"product_cat":[115],"product_tag":[],"class_list":{"0":"post-1815","1":"product","2":"type-product","3":"status-publish","4":"has-post-thumbnail","6":"product_cat-bandes-de-tissu-et-de-papier-de-verre","8":"first","9":"instock","10":"shipping-taxable","11":"product-type-simple"},"acf":[],"_links":{"self":[{"href":"https:\/\/www.abrasteel.com\/fr\/wp-json\/wp\/v2\/product\/1815","targetHints":{"allow":["GET"]}}],"collection":[{"href":"https:\/\/www.abrasteel.com\/fr\/wp-json\/wp\/v2\/product"}],"about":[{"href":"https:\/\/www.abrasteel.com\/fr\/wp-json\/wp\/v2\/types\/product"}],"replies":[{"embeddable":true,"href":"https:\/\/www.abrasteel.com\/fr\/wp-json\/wp\/v2\/comments?post=1815"}],"wp:featuredmedia":[{"embeddable":true,"href":"https:\/\/www.abrasteel.com\/fr\/wp-json\/wp\/v2\/media\/1093"}],"wp:attachment":[{"href":"https:\/\/www.abrasteel.com\/fr\/wp-json\/wp\/v2\/media?parent=1815"}],"wp:term":[{"taxonomy":"product_brand","embeddable":true,"href":"https:\/\/www.abrasteel.com\/fr\/wp-json\/wp\/v2\/product_brand?post=1815"},{"taxonomy":"product_cat","embeddable":true,"href":"https:\/\/www.abrasteel.com\/fr\/wp-json\/wp\/v2\/product_cat?post=1815"},{"taxonomy":"product_tag","embeddable":true,"href":"https:\/\/www.abrasteel.com\/fr\/wp-json\/wp\/v2\/product_tag?post=1815"}],"curies":[{"name":"wp","href":"https:\/\/api.w.org\/{rel}","templated":true}]}}