{"id":1812,"date":"2025-01-21T09:12:41","date_gmt":"2025-01-21T08:12:41","guid":{"rendered":"https:\/\/dev.b2b.studio\/abrasteel\/?post_type=product&#038;p=1812"},"modified":"2025-02-20T09:29:36","modified_gmt":"2025-02-20T08:29:36","slug":"bande-fieltro","status":"publish","type":"product","link":"https:\/\/www.abrasteel.com\/fr\/rouleaux-et-tissus\/bandes-de-tissu-et-de-papier-de-verre\/bande-fieltro\/","title":{"rendered":"Bande FIELTRO"},"content":{"rendered":"<p>Bande FIELTRO: Bande en tissu synth\u00e9tique fin pour le polissage et la haute brillance lorsqu&rsquo;elle est associ\u00e9e \u00e0 des p\u00e2tes \u00e0 polir.<\/p>\n","protected":false},"excerpt":{"rendered":"<p><strong>Tableau des dimensions des bandes en feutre<\/strong><\/p>\n<table>\n<tbody>\n<tr>\n<th>Dimensions<\/th>\n<th>Feutre<\/th>\n<th>Bo\u00eete<\/th>\n<\/tr>\n<tr>\n<td>289&#215;100<\/td>\n<td>BSFF01<\/td>\n<td>3<\/td>\n<\/tr>\n<tr>\n<td>100&#215;620<\/td>\n<td>BSFF02<\/td>\n<td>3<\/td>\n<\/tr>\n<tr>\n<td>50&#215;1750<\/td>\n<td>BSFF03<\/td>\n<td>3<\/td>\n<\/tr>\n<tr>\n<td>50&#215;2000<\/td>\n<td>BSFF04<\/td>\n<td>3<\/td>\n<\/tr>\n<tr>\n<td>75&#215;2000<\/td>\n<td>BSFF05<\/td>\n<td>3<\/td>\n<\/tr>\n<tr>\n<td>50&#215;2450<\/td>\n<td>BSFF06<\/td>\n<td>3<\/td>\n<\/tr>\n<tr>\n<td>100&#215;2450<\/td>\n<td>BSFF07<\/td>\n<td>3<\/td>\n<\/tr>\n<tr>\n<td>50&#215;2500<\/td>\n<td>BSFF08<\/td>\n<td>3<\/td>\n<\/tr>\n<tr>\n<td>100&#215;2500<\/td>\n<td>BSFF09<\/td>\n<td>3<\/td>\n<\/tr>\n<\/tbody>\n<\/table>\n","protected":false},"featured_media":1111,"comment_status":"open","ping_status":"closed","template":"","meta":{"_acf_changed":false},"product_brand":[],"product_cat":[115],"product_tag":[],"class_list":{"0":"post-1812","1":"product","2":"type-product","3":"status-publish","4":"has-post-thumbnail","6":"product_cat-bandes-de-tissu-et-de-papier-de-verre","8":"first","9":"instock","10":"shipping-taxable","11":"product-type-simple"},"acf":[],"_links":{"self":[{"href":"https:\/\/www.abrasteel.com\/fr\/wp-json\/wp\/v2\/product\/1812","targetHints":{"allow":["GET"]}}],"collection":[{"href":"https:\/\/www.abrasteel.com\/fr\/wp-json\/wp\/v2\/product"}],"about":[{"href":"https:\/\/www.abrasteel.com\/fr\/wp-json\/wp\/v2\/types\/product"}],"replies":[{"embeddable":true,"href":"https:\/\/www.abrasteel.com\/fr\/wp-json\/wp\/v2\/comments?post=1812"}],"wp:featuredmedia":[{"embeddable":true,"href":"https:\/\/www.abrasteel.com\/fr\/wp-json\/wp\/v2\/media\/1111"}],"wp:attachment":[{"href":"https:\/\/www.abrasteel.com\/fr\/wp-json\/wp\/v2\/media?parent=1812"}],"wp:term":[{"taxonomy":"product_brand","embeddable":true,"href":"https:\/\/www.abrasteel.com\/fr\/wp-json\/wp\/v2\/product_brand?post=1812"},{"taxonomy":"product_cat","embeddable":true,"href":"https:\/\/www.abrasteel.com\/fr\/wp-json\/wp\/v2\/product_cat?post=1812"},{"taxonomy":"product_tag","embeddable":true,"href":"https:\/\/www.abrasteel.com\/fr\/wp-json\/wp\/v2\/product_tag?post=1812"}],"curies":[{"name":"wp","href":"https:\/\/api.w.org\/{rel}","templated":true}]}}