{"id":1804,"date":"2025-01-21T09:12:42","date_gmt":"2025-01-21T08:12:42","guid":{"rendered":"https:\/\/dev.b2b.studio\/abrasteel\/?post_type=product&#038;p=1804"},"modified":"2025-02-19T12:33:31","modified_gmt":"2025-02-19T11:33:31","slug":"support-de-manchon-dexpansion-mecanique","status":"publish","type":"product","link":"https:\/\/www.abrasteel.com\/fr\/rouleaux-et-tissus\/manchons-et-accessoires-abrasifs\/support-de-manchon-dexpansion-mecanique\/","title":{"rendered":"Support de manchon d&rsquo;expansion m\u00e9canique"},"content":{"rendered":"<p>Support de manchon d&rsquo;expansion m\u00e9canique: Support de manchon d&rsquo;expansion m\u00e9canique avec un arbre de 6mm.<\/p>\n","protected":false},"excerpt":{"rendered":"<p><strong>Tableau des dimensions des manchons d&rsquo;expansion m\u00e9canique<\/strong><\/p>\n<table>\n<tbody>\n<tr>\n<th>Dimensions<\/th>\n<th>OPT. RPM<\/th>\n<th>MAX. RPM<\/th>\n<th>R\u00e9f.<\/th>\n<th>Bo\u00eete<\/th>\n<\/tr>\n<tr>\n<td>10x10x3<\/td>\n<td>30 000<\/td>\n<td>40 000<\/td>\n<td>PMM001<\/td>\n<td>5<\/td>\n<\/tr>\n<tr>\n<td>10x10x6<\/td>\n<td>30 000<\/td>\n<td>40 000<\/td>\n<td>PMM002<\/td>\n<td>5<\/td>\n<\/tr>\n<tr>\n<td>10x20x3<\/td>\n<td>30 000<\/td>\n<td>40 000<\/td>\n<td>PMM003<\/td>\n<td>5<\/td>\n<\/tr>\n<tr>\n<td>10x20x6<\/td>\n<td>30 000<\/td>\n<td>40 000<\/td>\n<td>PMM004<\/td>\n<td>5<\/td>\n<\/tr>\n<tr>\n<td>10x30x3<\/td>\n<td>30 000<\/td>\n<td>40 000<\/td>\n<td>PMM005<\/td>\n<td>5<\/td>\n<\/tr>\n<tr>\n<td>10x30x6<\/td>\n<td>30 000<\/td>\n<td>40 000<\/td>\n<td>PMM006<\/td>\n<td>5<\/td>\n<\/tr>\n<tr>\n<td>13x25x6<\/td>\n<td>30 000<\/td>\n<td>38 000<\/td>\n<td>PMM007<\/td>\n<td>5<\/td>\n<\/tr>\n<tr>\n<td>15x10x6<\/td>\n<td>25 000<\/td>\n<td>36 000<\/td>\n<td>PMM008<\/td>\n<td>5<\/td>\n<\/tr>\n<tr>\n<td>15x10x6<\/td>\n<td>25 000<\/td>\n<td>36 000<\/td>\n<td>PMM009<\/td>\n<td>5<\/td>\n<\/tr>\n<tr>\n<td>19x25x6<\/td>\n<td>20 000<\/td>\n<td>30 000<\/td>\n<td>PMM010<\/td>\n<td>5<\/td>\n<\/tr>\n<tr>\n<td>20x30x6<\/td>\n<td>20 000<\/td>\n<td>30 000<\/td>\n<td>PMM011<\/td>\n<td>5<\/td>\n<\/tr>\n<tr>\n<td>22x20x6<\/td>\n<td>18 000<\/td>\n<td>26 000<\/td>\n<td>PMM012<\/td>\n<td>5<\/td>\n<\/tr>\n<tr>\n<td>25x25x6<\/td>\n<td>16 000<\/td>\n<td>23 000<\/td>\n<td>PMM013<\/td>\n<td>5<\/td>\n<\/tr>\n<tr>\n<td>30x20x6<\/td>\n<td>13 000<\/td>\n<td>19 000<\/td>\n<td>PMM014<\/td>\n<td>5<\/td>\n<\/tr>\n<tr>\n<td>30x30x6<\/td>\n<td>13 000<\/td>\n<td>19 000<\/td>\n<td>PMM015<\/td>\n<td>5<\/td>\n<\/tr>\n<tr>\n<td>38x25x6<\/td>\n<td>10 000<\/td>\n<td>15 100<\/td>\n<td>PMM016<\/td>\n<td>5<\/td>\n<\/tr>\n<tr>\n<td>45x30x6<\/td>\n<td>9 000<\/td>\n<td>12 700<\/td>\n<td>PMM017<\/td>\n<td>5<\/td>\n<\/tr>\n<tr>\n<td>51x25x6<\/td>\n<td>8 000<\/td>\n<td>11 200<\/td>\n<td>PMM018<\/td>\n<td>5<\/td>\n<\/tr>\n<\/tbody>\n<\/table>\n<p>&nbsp;<\/p>\n","protected":false},"featured_media":1159,"comment_status":"open","ping_status":"closed","template":"","meta":{"_acf_changed":false},"product_brand":[],"product_cat":[113],"product_tag":[],"class_list":{"0":"post-1804","1":"product","2":"type-product","3":"status-publish","4":"has-post-thumbnail","6":"product_cat-manchons-et-accessoires-abrasifs","8":"first","9":"instock","10":"shipping-taxable","11":"product-type-simple"},"acf":[],"_links":{"self":[{"href":"https:\/\/www.abrasteel.com\/fr\/wp-json\/wp\/v2\/product\/1804","targetHints":{"allow":["GET"]}}],"collection":[{"href":"https:\/\/www.abrasteel.com\/fr\/wp-json\/wp\/v2\/product"}],"about":[{"href":"https:\/\/www.abrasteel.com\/fr\/wp-json\/wp\/v2\/types\/product"}],"replies":[{"embeddable":true,"href":"https:\/\/www.abrasteel.com\/fr\/wp-json\/wp\/v2\/comments?post=1804"}],"wp:featuredmedia":[{"embeddable":true,"href":"https:\/\/www.abrasteel.com\/fr\/wp-json\/wp\/v2\/media\/1159"}],"wp:attachment":[{"href":"https:\/\/www.abrasteel.com\/fr\/wp-json\/wp\/v2\/media?parent=1804"}],"wp:term":[{"taxonomy":"product_brand","embeddable":true,"href":"https:\/\/www.abrasteel.com\/fr\/wp-json\/wp\/v2\/product_brand?post=1804"},{"taxonomy":"product_cat","embeddable":true,"href":"https:\/\/www.abrasteel.com\/fr\/wp-json\/wp\/v2\/product_cat?post=1804"},{"taxonomy":"product_tag","embeddable":true,"href":"https:\/\/www.abrasteel.com\/fr\/wp-json\/wp\/v2\/product_tag?post=1804"}],"curies":[{"name":"wp","href":"https:\/\/api.w.org\/{rel}","templated":true}]}}