{"id":1803,"date":"2025-01-21T09:12:43","date_gmt":"2025-01-21T08:12:43","guid":{"rendered":"https:\/\/dev.b2b.studio\/abrasteel\/?post_type=product&#038;p=1803"},"modified":"2025-02-19T12:11:56","modified_gmt":"2025-02-19T11:11:56","slug":"rouleau-de-toile-de-corindon","status":"publish","type":"product","link":"https:\/\/www.abrasteel.com\/fr\/rouleaux-et-tissus\/rouleaux-de-tissus-et-non-tisses\/rouleau-de-toile-de-corindon\/","title":{"rendered":"Rouleau de toile de corindon"},"content":{"rendered":"<p>Rouleau de toile de corindon: Rouleau de toile de corindon flexible. Id\u00e9al pour le travail manuel ou sur machine vibrante. Disponible en diff\u00e9rents types de supports, largeurs et granulom\u00e9tries.<\/p>\n","protected":false},"excerpt":{"rendered":"<p><strong>Tableau des dimensions du rouleau de toile en corindon<\/strong><\/p>\n<table border=\"1\">\n<thead>\n<tr>\n<th>Largeur<\/th>\n<th>Longueur<\/th>\n<th>Grain 40<\/th>\n<th>Grain 60<\/th>\n<th>Grain 80<\/th>\n<th>Grain 100<\/th>\n<th>Grain 120<\/th>\n<th>Grain 150<\/th>\n<th>Grain 180<\/th>\n<th>Grain 220<\/th>\n<th>Grain 240<\/th>\n<th>Grain 280<\/th>\n<th>Grain 320<\/th>\n<th>Grain 400<\/th>\n<th>Grain 500<\/th>\n<th>Grain 600<\/th>\n<th>Bo\u00eete<\/th>\n<\/tr>\n<\/thead>\n<tbody>\n<tr>\n<td>40<\/td>\n<td>50<\/td>\n<td>RTS100<\/td>\n<td>RTS101<\/td>\n<td>RTS102<\/td>\n<td>RTS103<\/td>\n<td>RTS104<\/td>\n<td>RTS105<\/td>\n<td>RTS106<\/td>\n<td>RTS107<\/td>\n<td>RTS108<\/td>\n<td>RTS109<\/td>\n<td>RTS110<\/td>\n<td>RTS111<\/td>\n<td>RTS112<\/td>\n<td>RTS113<\/td>\n<td>50<\/td>\n<\/tr>\n<tr>\n<td>50<\/td>\n<td>50<\/td>\n<td>RTS200<\/td>\n<td>RTS201<\/td>\n<td>RTS202<\/td>\n<td>RTS203<\/td>\n<td>RTS204<\/td>\n<td>RTS205<\/td>\n<td>RTS206<\/td>\n<td>RTS207<\/td>\n<td>RTS208<\/td>\n<td>RTS209<\/td>\n<td>RTS210<\/td>\n<td>RTS211<\/td>\n<td>RTS212<\/td>\n<td>RTS213<\/td>\n<td>50<\/td>\n<\/tr>\n<tr>\n<td>100<\/td>\n<td>50<\/td>\n<td>RTS300<\/td>\n<td>RTS301<\/td>\n<td>RTS302<\/td>\n<td>RTS303<\/td>\n<td>RTS304<\/td>\n<td>RTS305<\/td>\n<td>RTS306<\/td>\n<td>RTS307<\/td>\n<td>RTS308<\/td>\n<td>RTS309<\/td>\n<td>RTS310<\/td>\n<td>RTS311<\/td>\n<td>RTS312<\/td>\n<td>RTS313<\/td>\n<td>50<\/td>\n<\/tr>\n<tr>\n<td>120<\/td>\n<td>50<\/td>\n<td>RTS400<\/td>\n<td>RTS401<\/td>\n<td>RTS402<\/td>\n<td>RTS403<\/td>\n<td>RTS404<\/td>\n<td>RTS405<\/td>\n<td>RTS406<\/td>\n<td>RTS407<\/td>\n<td>RTS408<\/td>\n<td>RTS409<\/td>\n<td>RTS410<\/td>\n<td>RTS411<\/td>\n<td>RTS412<\/td>\n<td>RTS413<\/td>\n<td>50<\/td>\n<\/tr>\n<\/tbody>\n<\/table>\n<p>&nbsp;<\/p>\n","protected":false},"featured_media":1225,"comment_status":"open","ping_status":"closed","template":"","meta":{"_acf_changed":false},"product_brand":[],"product_cat":[114],"product_tag":[],"class_list":{"0":"post-1803","1":"product","2":"type-product","3":"status-publish","4":"has-post-thumbnail","6":"product_cat-rouleaux-de-tissus-et-non-tisses","8":"first","9":"instock","10":"shipping-taxable","11":"product-type-simple"},"acf":[],"_links":{"self":[{"href":"https:\/\/www.abrasteel.com\/fr\/wp-json\/wp\/v2\/product\/1803","targetHints":{"allow":["GET"]}}],"collection":[{"href":"https:\/\/www.abrasteel.com\/fr\/wp-json\/wp\/v2\/product"}],"about":[{"href":"https:\/\/www.abrasteel.com\/fr\/wp-json\/wp\/v2\/types\/product"}],"replies":[{"embeddable":true,"href":"https:\/\/www.abrasteel.com\/fr\/wp-json\/wp\/v2\/comments?post=1803"}],"wp:featuredmedia":[{"embeddable":true,"href":"https:\/\/www.abrasteel.com\/fr\/wp-json\/wp\/v2\/media\/1225"}],"wp:attachment":[{"href":"https:\/\/www.abrasteel.com\/fr\/wp-json\/wp\/v2\/media?parent=1803"}],"wp:term":[{"taxonomy":"product_brand","embeddable":true,"href":"https:\/\/www.abrasteel.com\/fr\/wp-json\/wp\/v2\/product_brand?post=1803"},{"taxonomy":"product_cat","embeddable":true,"href":"https:\/\/www.abrasteel.com\/fr\/wp-json\/wp\/v2\/product_cat?post=1803"},{"taxonomy":"product_tag","embeddable":true,"href":"https:\/\/www.abrasteel.com\/fr\/wp-json\/wp\/v2\/product_tag?post=1803"}],"curies":[{"name":"wp","href":"https:\/\/api.w.org\/{rel}","templated":true}]}}