{"id":1802,"date":"2025-01-21T09:12:43","date_gmt":"2025-01-21T08:12:43","guid":{"rendered":"https:\/\/dev.b2b.studio\/abrasteel\/?post_type=product&#038;p=1802"},"modified":"2025-02-19T12:01:21","modified_gmt":"2025-02-19T11:01:21","slug":"rouleau-de-tissu-en-carbure-de-silicium","status":"publish","type":"product","link":"https:\/\/www.abrasteel.com\/fr\/rouleaux-et-tissus\/rouleaux-de-tissus-et-non-tisses\/rouleau-de-tissu-en-carbure-de-silicium\/","title":{"rendered":"Rouleau de tissu en carbure de silicium"},"content":{"rendered":"<p>Rouleau de tissu en carbure de silicium: Rouleau de tissu en carbure de silicium avec support en \u00ab\u00a0X\u00a0\u00bb. Pour le travail \u00e0 la main ou \u00e0 la machine. Disponible en diff\u00e9rents dos, largeurs et granulom\u00e9tries.<\/p>\n","protected":false},"excerpt":{"rendered":"<p><strong>Table des mesures du Rouleau de tissu en carbure de silicium<\/strong><\/p>\n<table border=\"1\">\n<thead>\n<tr>\n<th>Largeur<\/th>\n<th>Longueur<\/th>\n<th>Grain 24<\/th>\n<th>Grain 36<\/th>\n<th>Grain 40<\/th>\n<th>Grain 50<\/th>\n<th>Grain 60<\/th>\n<th>Grain 80<\/th>\n<th>Grain 100<\/th>\n<th>Grain 120<\/th>\n<th>Grain 150<\/th>\n<th>Grain 180<\/th>\n<th>Grain 220<\/th>\n<th>Grain 240<\/th>\n<th>Grain 320<\/th>\n<th>Grain 400<\/th>\n<th>Grain 600<\/th>\n<th>Bo\u00eete<\/th>\n<\/tr>\n<\/thead>\n<tbody>\n<tr>\n<td>40<\/td>\n<td>50<\/td>\n<td>RTS500<\/td>\n<td>RTS501<\/td>\n<td>RTS502<\/td>\n<td>RTS503<\/td>\n<td>RTS504<\/td>\n<td>RTS505<\/td>\n<td>RTS506<\/td>\n<td>RTS507<\/td>\n<td>RTS508<\/td>\n<td>RTS509<\/td>\n<td>RTS510<\/td>\n<td>RTS511<\/td>\n<td>RTS512<\/td>\n<td>RTS513<\/td>\n<td>RTS514<\/td>\n<td>50<\/td>\n<\/tr>\n<tr>\n<td>50<\/td>\n<td>50<\/td>\n<td>RTS600<\/td>\n<td>RTS601<\/td>\n<td>RTS602<\/td>\n<td>RTS603<\/td>\n<td>RTS604<\/td>\n<td>RTS605<\/td>\n<td>RTS606<\/td>\n<td>RTS607<\/td>\n<td>RTS608<\/td>\n<td>RTS609<\/td>\n<td>RTS610<\/td>\n<td>RTS611<\/td>\n<td>RTS612<\/td>\n<td>RTS613<\/td>\n<td>RTS614<\/td>\n<td>50<\/td>\n<\/tr>\n<tr>\n<td>100<\/td>\n<td>50<\/td>\n<td>RTS700<\/td>\n<td>RTS701<\/td>\n<td>RTS702<\/td>\n<td>RTS703<\/td>\n<td>RTS704<\/td>\n<td>RTS705<\/td>\n<td>RTS706<\/td>\n<td>RTS707<\/td>\n<td>RTS708<\/td>\n<td>RTS709<\/td>\n<td>RTS710<\/td>\n<td>RTS711<\/td>\n<td>RTS712<\/td>\n<td>RTS713<\/td>\n<td>RTS714<\/td>\n<td>50<\/td>\n<\/tr>\n<tr>\n<td>120<\/td>\n<td>50<\/td>\n<td>RTS800<\/td>\n<td>RTS801<\/td>\n<td>RTS802<\/td>\n<td>RTS803<\/td>\n<td>RTS804<\/td>\n<td>RTS805<\/td>\n<td>RTS806<\/td>\n<td>RTS807<\/td>\n<td>RTS808<\/td>\n<td>RTS809<\/td>\n<td>RTS810<\/td>\n<td>RTS811<\/td>\n<td>RTS812<\/td>\n<td>RTS813<\/td>\n<td>RTS814<\/td>\n<td>50<\/td>\n<\/tr>\n<\/tbody>\n<\/table>\n<p>&nbsp;<\/p>\n","protected":false},"featured_media":1231,"comment_status":"open","ping_status":"closed","template":"","meta":{"_acf_changed":false},"product_brand":[],"product_cat":[114],"product_tag":[],"class_list":{"0":"post-1802","1":"product","2":"type-product","3":"status-publish","4":"has-post-thumbnail","6":"product_cat-rouleaux-de-tissus-et-non-tisses","8":"first","9":"instock","10":"shipping-taxable","11":"product-type-simple"},"acf":[],"_links":{"self":[{"href":"https:\/\/www.abrasteel.com\/fr\/wp-json\/wp\/v2\/product\/1802","targetHints":{"allow":["GET"]}}],"collection":[{"href":"https:\/\/www.abrasteel.com\/fr\/wp-json\/wp\/v2\/product"}],"about":[{"href":"https:\/\/www.abrasteel.com\/fr\/wp-json\/wp\/v2\/types\/product"}],"replies":[{"embeddable":true,"href":"https:\/\/www.abrasteel.com\/fr\/wp-json\/wp\/v2\/comments?post=1802"}],"wp:featuredmedia":[{"embeddable":true,"href":"https:\/\/www.abrasteel.com\/fr\/wp-json\/wp\/v2\/media\/1231"}],"wp:attachment":[{"href":"https:\/\/www.abrasteel.com\/fr\/wp-json\/wp\/v2\/media?parent=1802"}],"wp:term":[{"taxonomy":"product_brand","embeddable":true,"href":"https:\/\/www.abrasteel.com\/fr\/wp-json\/wp\/v2\/product_brand?post=1802"},{"taxonomy":"product_cat","embeddable":true,"href":"https:\/\/www.abrasteel.com\/fr\/wp-json\/wp\/v2\/product_cat?post=1802"},{"taxonomy":"product_tag","embeddable":true,"href":"https:\/\/www.abrasteel.com\/fr\/wp-json\/wp\/v2\/product_tag?post=1802"}],"curies":[{"name":"wp","href":"https:\/\/api.w.org\/{rel}","templated":true}]}}