{"id":1797,"date":"2025-01-21T09:12:18","date_gmt":"2025-01-21T08:12:18","guid":{"rendered":"https:\/\/dev.b2b.studio\/abrasteel\/?post_type=product&#038;p=1797"},"modified":"2025-02-20T11:18:35","modified_gmt":"2025-02-20T10:18:35","slug":"meule-en-fibre-comprimee-magic-red","status":"publish","type":"product","link":"https:\/\/www.abrasteel.com\/fr\/meules-abrasives\/molaires-a-fibres-comprimees\/meule-en-fibre-comprimee-magic-red\/","title":{"rendered":"Meule en fibre comprim\u00e9e MAGIC RED"},"content":{"rendered":"<p>Meule en fibre comprim\u00e9e MAGIC RED: Pour le meulage fin des asp\u00e9rit\u00e9s dans les zones difficiles d&rsquo;acc\u00e8s. Disponible en diff\u00e9rentes duret\u00e9s et \u00e9paisseurs.<\/p>\n","protected":false},"excerpt":{"rendered":"<p><strong>Table des mesures de la meule en fibre comprim\u00e9e MAGIC RED<\/strong><\/p>\n<table>\n<tbody>\n<tr>\n<th>Dimensions<\/th>\n<th>R\u00e9f.<\/th>\n<th>Duret\u00e9<\/th>\n<th>Abrasif<\/th>\n<th>Grain<\/th>\n<th>OPT. RPM<\/th>\n<th>MAX. RPM<\/th>\n<th>Bo\u00eete<\/th>\n<\/tr>\n<tr>\n<td>152x3x25<\/td>\n<td>MCOE04<\/td>\n<td>HARD<\/td>\n<td>CER<\/td>\n<td>MED<\/td>\n<td>3 500<\/td>\n<td>5 500<\/td>\n<td>10<\/td>\n<\/tr>\n<tr>\n<td>152x6x25<\/td>\n<td>MCOE08<\/td>\n<td>HARD<\/td>\n<td>CER<\/td>\n<td>MED<\/td>\n<td>3 500<\/td>\n<td>5 500<\/td>\n<td>10<\/td>\n<\/tr>\n<tr>\n<td>152x13x25<\/td>\n<td>MCOE12<\/td>\n<td>HARD<\/td>\n<td>CER<\/td>\n<td>MED<\/td>\n<td>3 500<\/td>\n<td>5 500<\/td>\n<td>10<\/td>\n<\/tr>\n<\/tbody>\n<\/table>\n<p>&nbsp;<\/p>\n","protected":false},"featured_media":902,"comment_status":"open","ping_status":"closed","template":"","meta":{"_acf_changed":false},"product_brand":[],"product_cat":[109],"product_tag":[],"class_list":{"0":"post-1797","1":"product","2":"type-product","3":"status-publish","4":"has-post-thumbnail","6":"product_cat-molaires-a-fibres-comprimees","8":"first","9":"instock","10":"shipping-taxable","11":"product-type-simple"},"acf":[],"_links":{"self":[{"href":"https:\/\/www.abrasteel.com\/fr\/wp-json\/wp\/v2\/product\/1797","targetHints":{"allow":["GET"]}}],"collection":[{"href":"https:\/\/www.abrasteel.com\/fr\/wp-json\/wp\/v2\/product"}],"about":[{"href":"https:\/\/www.abrasteel.com\/fr\/wp-json\/wp\/v2\/types\/product"}],"replies":[{"embeddable":true,"href":"https:\/\/www.abrasteel.com\/fr\/wp-json\/wp\/v2\/comments?post=1797"}],"wp:featuredmedia":[{"embeddable":true,"href":"https:\/\/www.abrasteel.com\/fr\/wp-json\/wp\/v2\/media\/902"}],"wp:attachment":[{"href":"https:\/\/www.abrasteel.com\/fr\/wp-json\/wp\/v2\/media?parent=1797"}],"wp:term":[{"taxonomy":"product_brand","embeddable":true,"href":"https:\/\/www.abrasteel.com\/fr\/wp-json\/wp\/v2\/product_brand?post=1797"},{"taxonomy":"product_cat","embeddable":true,"href":"https:\/\/www.abrasteel.com\/fr\/wp-json\/wp\/v2\/product_cat?post=1797"},{"taxonomy":"product_tag","embeddable":true,"href":"https:\/\/www.abrasteel.com\/fr\/wp-json\/wp\/v2\/product_tag?post=1797"}],"curies":[{"name":"wp","href":"https:\/\/api.w.org\/{rel}","templated":true}]}}