{"id":1796,"date":"2025-01-21T09:12:18","date_gmt":"2025-01-21T08:12:18","guid":{"rendered":"https:\/\/dev.b2b.studio\/abrasteel\/?post_type=product&#038;p=1796"},"modified":"2025-02-20T11:15:35","modified_gmt":"2025-02-20T10:15:35","slug":"rebel-one-meule-en-fibre-comprimee","status":"publish","type":"product","link":"https:\/\/www.abrasteel.com\/fr\/meules-abrasives\/molaires-a-fibres-comprimees\/rebel-one-meule-en-fibre-comprimee\/","title":{"rendered":"REBEL ONE meule en fibre comprim\u00e9e"},"content":{"rendered":"<p>REBEL ONE meule en fibre comprim\u00e9e: Meule en fibre comprim\u00e9e pour le meulage des cordons de soudure sur l&rsquo;acier inoxydable, l&rsquo;aluminium et le titane. Laisse une finition uniforme.<\/p>\n","protected":false},"excerpt":{"rendered":"<p><strong>Table des mesures de la meule en fibre comprim\u00e9e REBEL ONE<\/strong><\/p>\n<table>\n<tbody>\n<tr>\n<th>Dimensions<\/th>\n<th>R\u00e9f.<\/th>\n<th>Duret\u00e9<\/th>\n<th>Abrasif<\/th>\n<th>OPT. RPM<\/th>\n<th>MAX. RPM<\/th>\n<th>Bo\u00eete<\/th>\n<\/tr>\n<tr>\n<td>125x3x22<\/td>\n<td>MFRO01<\/td>\n<td>HARD<\/td>\n<td>A\/O<\/td>\n<td>6 500<\/td>\n<td>10 500<\/td>\n<td>4<\/td>\n<\/tr>\n<tr>\n<td>125x3x22<\/td>\n<td>MFRO02<\/td>\n<td>HARD<\/td>\n<td>Z<\/td>\n<td>6 500<\/td>\n<td>10 500<\/td>\n<td>4<\/td>\n<\/tr>\n<tr>\n<td>125x6x22<\/td>\n<td>MFRO03<\/td>\n<td>HARD<\/td>\n<td>A\/O<\/td>\n<td>6 500<\/td>\n<td>8 000<\/td>\n<td>4<\/td>\n<\/tr>\n<tr>\n<td>125x6x22<\/td>\n<td>MFRO04<\/td>\n<td>HARD<\/td>\n<td>Z<\/td>\n<td>6 500<\/td>\n<td>8 000<\/td>\n<td>4<\/td>\n<\/tr>\n<tr>\n<td>150x3x22<\/td>\n<td>MFRO05<\/td>\n<td>HARD<\/td>\n<td>A\/O<\/td>\n<td>5 000<\/td>\n<td>8 000<\/td>\n<td>4<\/td>\n<\/tr>\n<tr>\n<td>150x3x22<\/td>\n<td>MFRO06<\/td>\n<td>HARD<\/td>\n<td>Z<\/td>\n<td>5 000<\/td>\n<td>8 000<\/td>\n<td>4<\/td>\n<\/tr>\n<tr>\n<td>150x6x22<\/td>\n<td>MFRO07<\/td>\n<td>HARD<\/td>\n<td>A\/O<\/td>\n<td>5 000<\/td>\n<td>8 000<\/td>\n<td>4<\/td>\n<\/tr>\n<tr>\n<td>150x6x22<\/td>\n<td>MFRO08<\/td>\n<td>HARD<\/td>\n<td>Z<\/td>\n<td>5 000<\/td>\n<td>8 000<\/td>\n<td>4<\/td>\n<\/tr>\n<\/tbody>\n<\/table>\n<p>&nbsp;<\/p>\n","protected":false},"featured_media":908,"comment_status":"open","ping_status":"closed","template":"","meta":{"_acf_changed":false},"product_brand":[],"product_cat":[109],"product_tag":[],"class_list":{"0":"post-1796","1":"product","2":"type-product","3":"status-publish","4":"has-post-thumbnail","6":"product_cat-molaires-a-fibres-comprimees","8":"first","9":"instock","10":"shipping-taxable","11":"product-type-simple"},"acf":[],"_links":{"self":[{"href":"https:\/\/www.abrasteel.com\/fr\/wp-json\/wp\/v2\/product\/1796","targetHints":{"allow":["GET"]}}],"collection":[{"href":"https:\/\/www.abrasteel.com\/fr\/wp-json\/wp\/v2\/product"}],"about":[{"href":"https:\/\/www.abrasteel.com\/fr\/wp-json\/wp\/v2\/types\/product"}],"replies":[{"embeddable":true,"href":"https:\/\/www.abrasteel.com\/fr\/wp-json\/wp\/v2\/comments?post=1796"}],"wp:featuredmedia":[{"embeddable":true,"href":"https:\/\/www.abrasteel.com\/fr\/wp-json\/wp\/v2\/media\/908"}],"wp:attachment":[{"href":"https:\/\/www.abrasteel.com\/fr\/wp-json\/wp\/v2\/media?parent=1796"}],"wp:term":[{"taxonomy":"product_brand","embeddable":true,"href":"https:\/\/www.abrasteel.com\/fr\/wp-json\/wp\/v2\/product_brand?post=1796"},{"taxonomy":"product_cat","embeddable":true,"href":"https:\/\/www.abrasteel.com\/fr\/wp-json\/wp\/v2\/product_cat?post=1796"},{"taxonomy":"product_tag","embeddable":true,"href":"https:\/\/www.abrasteel.com\/fr\/wp-json\/wp\/v2\/product_tag?post=1796"}],"curies":[{"name":"wp","href":"https:\/\/api.w.org\/{rel}","templated":true}]}}