{"id":1793,"date":"2025-01-21T09:13:04","date_gmt":"2025-01-21T08:13:04","guid":{"rendered":"https:\/\/dev.b2b.studio\/abrasteel\/?post_type=product&#038;p=1793"},"modified":"2025-02-19T11:26:06","modified_gmt":"2025-02-19T10:26:06","slug":"manivelle-de-meule-a-noyau-en-feutre","status":"publish","type":"product","link":"https:\/\/www.abrasteel.com\/fr\/meules-abrasives\/molaires-feutres\/manivelle-de-meule-a-noyau-en-feutre\/","title":{"rendered":"Manivelle de meule \u00e0 noyau en feutre"},"content":{"rendered":"<p>Manivelle de meule \u00e0 noyau en feutre: Meule \u00e0 noyau en feutre.<\/p>\n","protected":false},"excerpt":{"rendered":"<p><strong>Table des mesures de Meule avec noyau en feutre crank<\/strong><\/p>\n<table border=\"1\">\n<thead>\n<tr>\n<th>Mesures<\/th>\n<th>R\u00e9f.<\/th>\n<th>Densit\u00e9<\/th>\n<th>OPT. RPM<\/th>\n<th>MAX. RPM<\/th>\n<th>Bo\u00eete<\/th>\n<\/tr>\n<\/thead>\n<tbody>\n<tr>\n<td>30x10x6<\/td>\n<td>MKN01<\/td>\n<td>Moyenne<\/td>\n<td>6 000<\/td>\n<td>7 000<\/td>\n<td>10<\/td>\n<\/tr>\n<tr>\n<td>45x10x6<\/td>\n<td>MKN02<\/td>\n<td>Moyenne<\/td>\n<td>4 500<\/td>\n<td>3 500<\/td>\n<td>10<\/td>\n<\/tr>\n<tr>\n<td>60x10x6<\/td>\n<td>MKN03<\/td>\n<td>Moyenne<\/td>\n<td>3 000<\/td>\n<td>4 000<\/td>\n<td>10<\/td>\n<\/tr>\n<tr>\n<td>80x10x10<\/td>\n<td>MKN04<\/td>\n<td>Moyenne<\/td>\n<td>2 500<\/td>\n<td>3 500<\/td>\n<td>10<\/td>\n<\/tr>\n<tr>\n<td>100x13x10<\/td>\n<td>MKN05<\/td>\n<td>Moyenne<\/td>\n<td>2 000<\/td>\n<td>3 000<\/td>\n<td>2<\/td>\n<\/tr>\n<tr>\n<td>150x13x15<\/td>\n<td>MKN06<\/td>\n<td>Moyenne<\/td>\n<td>1 280<\/td>\n<td>2 500<\/td>\n<td>2<\/td>\n<\/tr>\n<tr>\n<td>150x25x15<\/td>\n<td>MKN07<\/td>\n<td>Moyenne<\/td>\n<td>1 280<\/td>\n<td>2 500<\/td>\n<td>2<\/td>\n<\/tr>\n<tr>\n<td>200x13x15<\/td>\n<td>MKN08<\/td>\n<td>Moyenne<\/td>\n<td>1 000<\/td>\n<td>2 000<\/td>\n<td>2<\/td>\n<\/tr>\n<tr>\n<td>200x25x15<\/td>\n<td>MKN09<\/td>\n<td>Moyenne<\/td>\n<td>1 000<\/td>\n<td>2 000<\/td>\n<td>2<\/td>\n<\/tr>\n<tr>\n<td>250x25x15<\/td>\n<td>MKN10<\/td>\n<td>Moyenne<\/td>\n<td>750<\/td>\n<td>1 500<\/td>\n<td>2<\/td>\n<\/tr>\n<\/tbody>\n<\/table>\n<p>&nbsp;<\/p>\n","protected":false},"featured_media":1331,"comment_status":"open","ping_status":"closed","template":"","meta":{"_acf_changed":false},"product_brand":[],"product_cat":[108],"product_tag":[],"class_list":{"0":"post-1793","1":"product","2":"type-product","3":"status-publish","4":"has-post-thumbnail","6":"product_cat-molaires-feutres","8":"first","9":"instock","10":"shipping-taxable","11":"product-type-simple"},"acf":[],"_links":{"self":[{"href":"https:\/\/www.abrasteel.com\/fr\/wp-json\/wp\/v2\/product\/1793","targetHints":{"allow":["GET"]}}],"collection":[{"href":"https:\/\/www.abrasteel.com\/fr\/wp-json\/wp\/v2\/product"}],"about":[{"href":"https:\/\/www.abrasteel.com\/fr\/wp-json\/wp\/v2\/types\/product"}],"replies":[{"embeddable":true,"href":"https:\/\/www.abrasteel.com\/fr\/wp-json\/wp\/v2\/comments?post=1793"}],"wp:featuredmedia":[{"embeddable":true,"href":"https:\/\/www.abrasteel.com\/fr\/wp-json\/wp\/v2\/media\/1331"}],"wp:attachment":[{"href":"https:\/\/www.abrasteel.com\/fr\/wp-json\/wp\/v2\/media?parent=1793"}],"wp:term":[{"taxonomy":"product_brand","embeddable":true,"href":"https:\/\/www.abrasteel.com\/fr\/wp-json\/wp\/v2\/product_brand?post=1793"},{"taxonomy":"product_cat","embeddable":true,"href":"https:\/\/www.abrasteel.com\/fr\/wp-json\/wp\/v2\/product_cat?post=1793"},{"taxonomy":"product_tag","embeddable":true,"href":"https:\/\/www.abrasteel.com\/fr\/wp-json\/wp\/v2\/product_tag?post=1793"}],"curies":[{"name":"wp","href":"https:\/\/api.w.org\/{rel}","templated":true}]}}