{"id":1791,"date":"2025-01-21T09:13:27","date_gmt":"2025-01-21T08:13:27","guid":{"rendered":"https:\/\/dev.b2b.studio\/abrasteel\/?post_type=product&#038;p=1791"},"modified":"2025-01-21T09:18:13","modified_gmt":"2025-01-21T08:18:13","slug":"32a-monocristallin","status":"publish","type":"product","link":"https:\/\/www.abrasteel.com\/fr\/meules-abrasives\/molaires-personnalisees\/32a-monocristallin\/","title":{"rendered":"32A Monocristallin"},"content":{"rendered":"<p>32A Monocristallin: Blanc sale. Le grain compact de la structure monocristalline a un pouvoir de coupe plus \u00e9lev\u00e9 gr\u00e2ce \u00e0 ses ar\u00eates de coupe. Il est utilis\u00e9 pour le meulage de pr\u00e9cision et l&rsquo;aff\u00fbtage des aciers alli\u00e9s.<\/p>\n","protected":false},"excerpt":{"rendered":"<p>32A Monocristallin: Blanc sale. Le grain compact de la structure monocristalline a un pouvoir de coupe plus \u00e9lev\u00e9 gr\u00e2ce \u00e0 ses ar\u00eates de coupe. Il est utilis\u00e9 pour le meulage de pr\u00e9cision et l&rsquo;aff\u00fbtage des aciers alli\u00e9s.<\/p>\n","protected":false},"featured_media":1493,"comment_status":"open","ping_status":"closed","template":"","meta":{"_acf_changed":false},"product_brand":[],"product_cat":[106],"product_tag":[],"class_list":{"0":"post-1791","1":"product","2":"type-product","3":"status-publish","4":"has-post-thumbnail","6":"product_cat-molaires-personnalisees","8":"first","9":"instock","10":"shipping-taxable","11":"product-type-simple"},"acf":[],"_links":{"self":[{"href":"https:\/\/www.abrasteel.com\/fr\/wp-json\/wp\/v2\/product\/1791","targetHints":{"allow":["GET"]}}],"collection":[{"href":"https:\/\/www.abrasteel.com\/fr\/wp-json\/wp\/v2\/product"}],"about":[{"href":"https:\/\/www.abrasteel.com\/fr\/wp-json\/wp\/v2\/types\/product"}],"replies":[{"embeddable":true,"href":"https:\/\/www.abrasteel.com\/fr\/wp-json\/wp\/v2\/comments?post=1791"}],"wp:featuredmedia":[{"embeddable":true,"href":"https:\/\/www.abrasteel.com\/fr\/wp-json\/wp\/v2\/media\/1493"}],"wp:attachment":[{"href":"https:\/\/www.abrasteel.com\/fr\/wp-json\/wp\/v2\/media?parent=1791"}],"wp:term":[{"taxonomy":"product_brand","embeddable":true,"href":"https:\/\/www.abrasteel.com\/fr\/wp-json\/wp\/v2\/product_brand?post=1791"},{"taxonomy":"product_cat","embeddable":true,"href":"https:\/\/www.abrasteel.com\/fr\/wp-json\/wp\/v2\/product_cat?post=1791"},{"taxonomy":"product_tag","embeddable":true,"href":"https:\/\/www.abrasteel.com\/fr\/wp-json\/wp\/v2\/product_tag?post=1791"}],"curies":[{"name":"wp","href":"https:\/\/api.w.org\/{rel}","templated":true}]}}