{"id":1790,"date":"2025-01-21T09:13:27","date_gmt":"2025-01-21T08:13:27","guid":{"rendered":"https:\/\/dev.b2b.studio\/abrasteel\/?post_type=product&#038;p=1790"},"modified":"2025-01-21T09:18:14","modified_gmt":"2025-01-21T08:18:14","slug":"frsk-semi-crumbled","status":"publish","type":"product","link":"https:\/\/www.abrasteel.com\/fr\/meules-abrasives\/molaires-personnalisees\/frsk-semi-crumbled\/","title":{"rendered":"FRSK-Semi-crumbled"},"content":{"rendered":"<p>FRSK-Semi-crumbled: Ce type d&rsquo;oxyde d&rsquo;aluminium est consid\u00e9r\u00e9 comme semi-crumbled. Il est utilis\u00e9 notamment dans les op\u00e9rations de meulage des aciers doux.<\/p>\n","protected":false},"excerpt":{"rendered":"<p>FRSK-Semi-crumbled: Ce type d&rsquo;oxyde d&rsquo;aluminium est consid\u00e9r\u00e9 comme semi-crumbled. Il est utilis\u00e9 notamment dans les op\u00e9rations de meulage des aciers doux.<\/p>\n","protected":false},"featured_media":1496,"comment_status":"open","ping_status":"closed","template":"","meta":{"_acf_changed":false},"product_brand":[],"product_cat":[106],"product_tag":[],"class_list":{"0":"post-1790","1":"product","2":"type-product","3":"status-publish","4":"has-post-thumbnail","6":"product_cat-molaires-personnalisees","8":"first","9":"instock","10":"shipping-taxable","11":"product-type-simple"},"acf":[],"_links":{"self":[{"href":"https:\/\/www.abrasteel.com\/fr\/wp-json\/wp\/v2\/product\/1790","targetHints":{"allow":["GET"]}}],"collection":[{"href":"https:\/\/www.abrasteel.com\/fr\/wp-json\/wp\/v2\/product"}],"about":[{"href":"https:\/\/www.abrasteel.com\/fr\/wp-json\/wp\/v2\/types\/product"}],"replies":[{"embeddable":true,"href":"https:\/\/www.abrasteel.com\/fr\/wp-json\/wp\/v2\/comments?post=1790"}],"wp:featuredmedia":[{"embeddable":true,"href":"https:\/\/www.abrasteel.com\/fr\/wp-json\/wp\/v2\/media\/1496"}],"wp:attachment":[{"href":"https:\/\/www.abrasteel.com\/fr\/wp-json\/wp\/v2\/media?parent=1790"}],"wp:term":[{"taxonomy":"product_brand","embeddable":true,"href":"https:\/\/www.abrasteel.com\/fr\/wp-json\/wp\/v2\/product_brand?post=1790"},{"taxonomy":"product_cat","embeddable":true,"href":"https:\/\/www.abrasteel.com\/fr\/wp-json\/wp\/v2\/product_cat?post=1790"},{"taxonomy":"product_tag","embeddable":true,"href":"https:\/\/www.abrasteel.com\/fr\/wp-json\/wp\/v2\/product_tag?post=1790"}],"curies":[{"name":"wp","href":"https:\/\/api.w.org\/{rel}","templated":true}]}}