{"id":1787,"date":"2025-01-21T09:13:27","date_gmt":"2025-01-21T08:13:27","guid":{"rendered":"https:\/\/dev.b2b.studio\/abrasteel\/?post_type=product&#038;p=1787"},"modified":"2025-01-21T09:18:16","modified_gmt":"2025-01-21T08:18:16","slug":"mk-cubitron","status":"publish","type":"product","link":"https:\/\/www.abrasteel.com\/fr\/meules-abrasives\/molaires-personnalisees\/mk-cubitron\/","title":{"rendered":"MK-Cubitron"},"content":{"rendered":"<p>MK-Cubitron: Il s&rsquo;agit d&rsquo;un oxyde d&rsquo;aluminium c\u00e9ramique. Il ressemble \u00e0 une structure monocristalline dont la duret\u00e9 est sup\u00e9rieure \u00e0 celle de tout oxyde d&rsquo;aluminium. Elle est particuli\u00e8rement adapt\u00e9e aux op\u00e9rations de rectification de pr\u00e9cision sur tous les types d&rsquo;aciers avec un faible taux d&rsquo;\u00e9bauche.<\/p>\n","protected":false},"excerpt":{"rendered":"<p>MK-Cubitron: Il s&rsquo;agit d&rsquo;un oxyde d&rsquo;aluminium c\u00e9ramique. Il ressemble \u00e0 une structure monocristalline dont la duret\u00e9 est sup\u00e9rieure \u00e0 celle de tout oxyde d&rsquo;aluminium. Elle est particuli\u00e8rement adapt\u00e9e aux op\u00e9rations de rectification de pr\u00e9cision sur tous les types d&rsquo;aciers avec un faible taux d&rsquo;\u00e9bauche.<\/p>\n","protected":false},"featured_media":1505,"comment_status":"open","ping_status":"closed","template":"","meta":{"_acf_changed":false},"product_brand":[],"product_cat":[106],"product_tag":[],"class_list":{"0":"post-1787","1":"product","2":"type-product","3":"status-publish","4":"has-post-thumbnail","6":"product_cat-molaires-personnalisees","8":"first","9":"instock","10":"shipping-taxable","11":"product-type-simple"},"acf":[],"_links":{"self":[{"href":"https:\/\/www.abrasteel.com\/fr\/wp-json\/wp\/v2\/product\/1787","targetHints":{"allow":["GET"]}}],"collection":[{"href":"https:\/\/www.abrasteel.com\/fr\/wp-json\/wp\/v2\/product"}],"about":[{"href":"https:\/\/www.abrasteel.com\/fr\/wp-json\/wp\/v2\/types\/product"}],"replies":[{"embeddable":true,"href":"https:\/\/www.abrasteel.com\/fr\/wp-json\/wp\/v2\/comments?post=1787"}],"wp:featuredmedia":[{"embeddable":true,"href":"https:\/\/www.abrasteel.com\/fr\/wp-json\/wp\/v2\/media\/1505"}],"wp:attachment":[{"href":"https:\/\/www.abrasteel.com\/fr\/wp-json\/wp\/v2\/media?parent=1787"}],"wp:term":[{"taxonomy":"product_brand","embeddable":true,"href":"https:\/\/www.abrasteel.com\/fr\/wp-json\/wp\/v2\/product_brand?post=1787"},{"taxonomy":"product_cat","embeddable":true,"href":"https:\/\/www.abrasteel.com\/fr\/wp-json\/wp\/v2\/product_cat?post=1787"},{"taxonomy":"product_tag","embeddable":true,"href":"https:\/\/www.abrasteel.com\/fr\/wp-json\/wp\/v2\/product_tag?post=1787"}],"curies":[{"name":"wp","href":"https:\/\/api.w.org\/{rel}","templated":true}]}}