{"id":1785,"date":"2025-01-21T09:13:27","date_gmt":"2025-01-21T08:13:27","guid":{"rendered":"https:\/\/dev.b2b.studio\/abrasteel\/?post_type=product&#038;p=1785"},"modified":"2025-01-21T09:18:19","modified_gmt":"2025-01-21T08:18:19","slug":"carbure-de-silicium-noir","status":"publish","type":"product","link":"https:\/\/www.abrasteel.com\/fr\/meules-abrasives\/molaires-personnalisees\/carbure-de-silicium-noir\/","title":{"rendered":"Carbure de silicium noir"},"content":{"rendered":"<p>Carbure de silicium noir: Dur et coriace. Utilis\u00e9 pour le traitement de l&rsquo;aluminium, du bronze et du laiton, des mat\u00e9riaux c\u00e9ramiques et organiques.<\/p>\n","protected":false},"excerpt":{"rendered":"<p>Carbure de silicium noir: Dur et coriace. Utilis\u00e9 pour le traitement de l&rsquo;aluminium, du bronze et du laiton, des mat\u00e9riaux c\u00e9ramiques et organiques.<\/p>\n","protected":false},"featured_media":1511,"comment_status":"open","ping_status":"closed","template":"","meta":{"_acf_changed":false},"product_brand":[],"product_cat":[106],"product_tag":[],"class_list":{"0":"post-1785","1":"product","2":"type-product","3":"status-publish","4":"has-post-thumbnail","6":"product_cat-molaires-personnalisees","8":"first","9":"instock","10":"shipping-taxable","11":"product-type-simple"},"acf":[],"_links":{"self":[{"href":"https:\/\/www.abrasteel.com\/fr\/wp-json\/wp\/v2\/product\/1785","targetHints":{"allow":["GET"]}}],"collection":[{"href":"https:\/\/www.abrasteel.com\/fr\/wp-json\/wp\/v2\/product"}],"about":[{"href":"https:\/\/www.abrasteel.com\/fr\/wp-json\/wp\/v2\/types\/product"}],"replies":[{"embeddable":true,"href":"https:\/\/www.abrasteel.com\/fr\/wp-json\/wp\/v2\/comments?post=1785"}],"wp:featuredmedia":[{"embeddable":true,"href":"https:\/\/www.abrasteel.com\/fr\/wp-json\/wp\/v2\/media\/1511"}],"wp:attachment":[{"href":"https:\/\/www.abrasteel.com\/fr\/wp-json\/wp\/v2\/media?parent=1785"}],"wp:term":[{"taxonomy":"product_brand","embeddable":true,"href":"https:\/\/www.abrasteel.com\/fr\/wp-json\/wp\/v2\/product_brand?post=1785"},{"taxonomy":"product_cat","embeddable":true,"href":"https:\/\/www.abrasteel.com\/fr\/wp-json\/wp\/v2\/product_cat?post=1785"},{"taxonomy":"product_tag","embeddable":true,"href":"https:\/\/www.abrasteel.com\/fr\/wp-json\/wp\/v2\/product_tag?post=1785"}],"curies":[{"name":"wp","href":"https:\/\/api.w.org\/{rel}","templated":true}]}}