{"id":1783,"date":"2025-01-21T09:13:28","date_gmt":"2025-01-21T08:13:28","guid":{"rendered":"https:\/\/dev.b2b.studio\/abrasteel\/?post_type=product&#038;p=1783"},"modified":"2025-01-21T09:18:20","modified_gmt":"2025-01-21T08:18:20","slug":"meule-montee-sur-tige-standard-serie-a","status":"publish","type":"product","link":"https:\/\/www.abrasteel.com\/fr\/meules-abrasives\/roues-montees-sur-axe\/meule-montee-sur-tige-standard-serie-a\/","title":{"rendered":"Meule mont\u00e9e sur tige standard S\u00e9rie A"},"content":{"rendered":"<p>Meule mont\u00e9e sur tige standard S\u00e9rie A: Meules abrasives et \u00e0 liant r\u00e9sine mont\u00e9es sur une broche. Pour le meulage frontal des bords ou des soudures difficiles \u00e0 atteindre. Disponible en ESK gris-brun, WSK blanc, 32A monocristallin, FRSK-semidesmithermal, oxyde d&rsquo;aluminium rose, oxyde d&rsquo;aluminium rubis, MKCUBITRON, carbure de silicium vert, carbure de silicium noir, ZPSK et leurs m\u00e9langes. \u00c9galement dans toutes les tailles de grain, duret\u00e9s et formes.<\/p>\n","protected":false},"excerpt":{"rendered":"<p>Meule mont\u00e9e sur tige standard S\u00e9rie A: Meules abrasives et \u00e0 liant r\u00e9sine mont\u00e9es sur une broche. Pour le meulage frontal des bords ou des soudures difficiles \u00e0 atteindre. Disponible en ESK gris-brun, WSK blanc, 32A monocristallin, FRSK-semidesmithermal, oxyde d&rsquo;aluminium rose, oxyde d&rsquo;aluminium rubis, MKCUBITRON, carbure de silicium vert, carbure de silicium noir, ZPSK et<a href=\"https:\/\/www.abrasteel.com\/fr\/meules-abrasives\/roues-montees-sur-axe\/meule-montee-sur-tige-standard-serie-a\/\">Continue reading <span class=\"sr-only\">\u00ab\u00a0Meule mont\u00e9e sur tige standard S\u00e9rie A\u00a0\u00bb<\/span><\/a><\/p>\n","protected":false},"featured_media":1517,"comment_status":"open","ping_status":"closed","template":"","meta":{"_acf_changed":false},"product_brand":[],"product_cat":[107],"product_tag":[],"class_list":{"0":"post-1783","1":"product","2":"type-product","3":"status-publish","4":"has-post-thumbnail","6":"product_cat-roues-montees-sur-axe","8":"first","9":"instock","10":"shipping-taxable","11":"product-type-simple"},"acf":[],"_links":{"self":[{"href":"https:\/\/www.abrasteel.com\/fr\/wp-json\/wp\/v2\/product\/1783","targetHints":{"allow":["GET"]}}],"collection":[{"href":"https:\/\/www.abrasteel.com\/fr\/wp-json\/wp\/v2\/product"}],"about":[{"href":"https:\/\/www.abrasteel.com\/fr\/wp-json\/wp\/v2\/types\/product"}],"replies":[{"embeddable":true,"href":"https:\/\/www.abrasteel.com\/fr\/wp-json\/wp\/v2\/comments?post=1783"}],"wp:featuredmedia":[{"embeddable":true,"href":"https:\/\/www.abrasteel.com\/fr\/wp-json\/wp\/v2\/media\/1517"}],"wp:attachment":[{"href":"https:\/\/www.abrasteel.com\/fr\/wp-json\/wp\/v2\/media?parent=1783"}],"wp:term":[{"taxonomy":"product_brand","embeddable":true,"href":"https:\/\/www.abrasteel.com\/fr\/wp-json\/wp\/v2\/product_brand?post=1783"},{"taxonomy":"product_cat","embeddable":true,"href":"https:\/\/www.abrasteel.com\/fr\/wp-json\/wp\/v2\/product_cat?post=1783"},{"taxonomy":"product_tag","embeddable":true,"href":"https:\/\/www.abrasteel.com\/fr\/wp-json\/wp\/v2\/product_tag?post=1783"}],"curies":[{"name":"wp","href":"https:\/\/api.w.org\/{rel}","templated":true}]}}