{"id":1781,"date":"2025-01-21T09:14:48","date_gmt":"2025-01-21T08:14:48","guid":{"rendered":"https:\/\/dev.b2b.studio\/abrasteel\/?post_type=product&#038;p=1781"},"modified":"2025-01-21T09:18:36","modified_gmt":"2025-01-21T08:18:36","slug":"esk-gris-brun","status":"publish","type":"product","link":"https:\/\/www.abrasteel.com\/fr\/meules-abrasives\/molaires-personnalisees\/esk-gris-brun\/","title":{"rendered":"ESK gris brun"},"content":{"rendered":"<p>ESK gris brun: Gris brun\u00e2tre dur, tr\u00e8s r\u00e9sistant pour le meulage grossier, le meulage g\u00e9n\u00e9rique, l&rsquo;aff\u00fbtage normal.<\/p>\n","protected":false},"excerpt":{"rendered":"<p>ESK gris brun: Gris brun\u00e2tre dur, tr\u00e8s r\u00e9sistant pour le meulage grossier, le meulage g\u00e9n\u00e9rique, l&rsquo;aff\u00fbtage normal.<\/p>\n","protected":false},"featured_media":1757,"comment_status":"open","ping_status":"closed","template":"","meta":{"_acf_changed":false},"product_brand":[],"product_cat":[106],"product_tag":[],"class_list":{"0":"post-1781","1":"product","2":"type-product","3":"status-publish","4":"has-post-thumbnail","6":"product_cat-molaires-personnalisees","8":"first","9":"instock","10":"shipping-taxable","11":"product-type-simple"},"acf":[],"_links":{"self":[{"href":"https:\/\/www.abrasteel.com\/fr\/wp-json\/wp\/v2\/product\/1781","targetHints":{"allow":["GET"]}}],"collection":[{"href":"https:\/\/www.abrasteel.com\/fr\/wp-json\/wp\/v2\/product"}],"about":[{"href":"https:\/\/www.abrasteel.com\/fr\/wp-json\/wp\/v2\/types\/product"}],"replies":[{"embeddable":true,"href":"https:\/\/www.abrasteel.com\/fr\/wp-json\/wp\/v2\/comments?post=1781"}],"wp:featuredmedia":[{"embeddable":true,"href":"https:\/\/www.abrasteel.com\/fr\/wp-json\/wp\/v2\/media\/1757"}],"wp:attachment":[{"href":"https:\/\/www.abrasteel.com\/fr\/wp-json\/wp\/v2\/media?parent=1781"}],"wp:term":[{"taxonomy":"product_brand","embeddable":true,"href":"https:\/\/www.abrasteel.com\/fr\/wp-json\/wp\/v2\/product_brand?post=1781"},{"taxonomy":"product_cat","embeddable":true,"href":"https:\/\/www.abrasteel.com\/fr\/wp-json\/wp\/v2\/product_cat?post=1781"},{"taxonomy":"product_tag","embeddable":true,"href":"https:\/\/www.abrasteel.com\/fr\/wp-json\/wp\/v2\/product_tag?post=1781"}],"curies":[{"name":"wp","href":"https:\/\/api.w.org\/{rel}","templated":true}]}}