{"id":1778,"date":"2025-01-21T09:11:56","date_gmt":"2025-01-21T08:11:56","guid":{"rendered":"https:\/\/dev.b2b.studio\/abrasteel\/?post_type=product&#038;p=1778"},"modified":"2025-02-20T11:52:30","modified_gmt":"2025-02-20T10:52:30","slug":"brosse-avec-tige-filetee","status":"publish","type":"product","link":"https:\/\/www.abrasteel.com\/fr\/brosses-abrasives\/brosses-avec-tige\/brosse-avec-tige-filetee\/","title":{"rendered":"Brosse avec tige filet\u00e9e"},"content":{"rendered":"<p>Brosse avec tige filet\u00e9e: Brosse m\u00e9trique de 6mm pour un changement de brosse rapide.<\/p>\n","protected":false},"excerpt":{"rendered":"<p><strong>Tableau des tailles du brosse avec tige filet\u00e9e<\/strong><\/p>\n<table>\n<tbody>\n<tr>\n<th>Dimensions<\/th>\n<th>40<\/th>\n<th>50<\/th>\n<th>60<\/th>\n<th>80<\/th>\n<th>100<\/th>\n<th>120<\/th>\n<th>150<\/th>\n<th>180<\/th>\n<th>220<\/th>\n<th>240<\/th>\n<th>320<\/th>\n<th>RPM OPT.<\/th>\n<th>RPM MAX.<\/th>\n<th>Bo\u00eete<\/th>\n<\/tr>\n<tr>\n<td>10x10xM6<\/td>\n<td>CER001<\/td>\n<td>CER002<\/td>\n<td>CER003<\/td>\n<td>CER004<\/td>\n<td>CER005<\/td>\n<td>CER006<\/td>\n<td>CER007<\/td>\n<td>CER008<\/td>\n<td>CER009<\/td>\n<td>CER010<\/td>\n<td>CER011<\/td>\n<td>35 000<\/td>\n<td>40 000<\/td>\n<td>50<\/td>\n<\/tr>\n<tr>\n<td>20x5xM6<\/td>\n<td>CER012<\/td>\n<td>CER013<\/td>\n<td>CER014<\/td>\n<td>CER015<\/td>\n<td>CER016<\/td>\n<td>CER017<\/td>\n<td>CER018<\/td>\n<td>CER019<\/td>\n<td>CER020<\/td>\n<td>CER021<\/td>\n<td>CER022<\/td>\n<td>20 000<\/td>\n<td>25 500<\/td>\n<td>50<\/td>\n<\/tr>\n<p><!-- Continue similarly for other rows --><\/tbody>\n<\/table>\n","protected":false},"featured_media":800,"comment_status":"open","ping_status":"closed","template":"","meta":{"_acf_changed":false},"product_brand":[],"product_cat":[104],"product_tag":[],"class_list":{"0":"post-1778","1":"product","2":"type-product","3":"status-publish","4":"has-post-thumbnail","6":"product_cat-brosses-avec-tige","8":"first","9":"instock","10":"shipping-taxable","11":"product-type-simple"},"acf":[],"_links":{"self":[{"href":"https:\/\/www.abrasteel.com\/fr\/wp-json\/wp\/v2\/product\/1778","targetHints":{"allow":["GET"]}}],"collection":[{"href":"https:\/\/www.abrasteel.com\/fr\/wp-json\/wp\/v2\/product"}],"about":[{"href":"https:\/\/www.abrasteel.com\/fr\/wp-json\/wp\/v2\/types\/product"}],"replies":[{"embeddable":true,"href":"https:\/\/www.abrasteel.com\/fr\/wp-json\/wp\/v2\/comments?post=1778"}],"wp:featuredmedia":[{"embeddable":true,"href":"https:\/\/www.abrasteel.com\/fr\/wp-json\/wp\/v2\/media\/800"}],"wp:attachment":[{"href":"https:\/\/www.abrasteel.com\/fr\/wp-json\/wp\/v2\/media?parent=1778"}],"wp:term":[{"taxonomy":"product_brand","embeddable":true,"href":"https:\/\/www.abrasteel.com\/fr\/wp-json\/wp\/v2\/product_brand?post=1778"},{"taxonomy":"product_cat","embeddable":true,"href":"https:\/\/www.abrasteel.com\/fr\/wp-json\/wp\/v2\/product_cat?post=1778"},{"taxonomy":"product_tag","embeddable":true,"href":"https:\/\/www.abrasteel.com\/fr\/wp-json\/wp\/v2\/product_tag?post=1778"}],"curies":[{"name":"wp","href":"https:\/\/api.w.org\/{rel}","templated":true}]}}