{"id":1775,"date":"2025-01-21T09:11:56","date_gmt":"2025-01-21T08:11:56","guid":{"rendered":"https:\/\/dev.b2b.studio\/abrasteel\/?post_type=product&#038;p=1775"},"modified":"2025-01-21T09:16:55","modified_gmt":"2025-01-21T08:16:55","slug":"brosses-a-noyau-de-tissu-predecoupe","status":"publish","type":"product","link":"https:\/\/www.abrasteel.com\/fr\/brosses-abrasives\/brosses-avec-noyau\/brosses-a-noyau-de-tissu-predecoupe\/","title":{"rendered":"Brosses \u00e0 noyau de tissu pr\u00e9d\u00e9coup\u00e9"},"content":{"rendered":"<p>Brosses \u00e0 noyau de tissu pr\u00e9d\u00e9coup\u00e9: Brosse avec un noyau en tissu d&rsquo;oxyde d&rsquo;aluminium pr\u00e9d\u00e9coup\u00e9. Le rodage optimal est obtenu sur les pi\u00e8ces irr\u00e9guli\u00e8res.<\/p>\n","protected":false},"excerpt":{"rendered":"<p>Brosses \u00e0 noyau de tissu pr\u00e9d\u00e9coup\u00e9: Brosse avec un noyau en tissu d&rsquo;oxyde d&rsquo;aluminium pr\u00e9d\u00e9coup\u00e9. Le rodage optimal est obtenu sur les pi\u00e8ces irr\u00e9guli\u00e8res.<\/p>\n","protected":false},"featured_media":822,"comment_status":"open","ping_status":"closed","template":"","meta":{"_acf_changed":false},"product_brand":[],"product_cat":[101],"product_tag":[],"class_list":{"0":"post-1775","1":"product","2":"type-product","3":"status-publish","4":"has-post-thumbnail","6":"product_cat-brosses-avec-noyau","8":"first","9":"instock","10":"shipping-taxable","11":"product-type-simple"},"acf":[],"_links":{"self":[{"href":"https:\/\/www.abrasteel.com\/fr\/wp-json\/wp\/v2\/product\/1775","targetHints":{"allow":["GET"]}}],"collection":[{"href":"https:\/\/www.abrasteel.com\/fr\/wp-json\/wp\/v2\/product"}],"about":[{"href":"https:\/\/www.abrasteel.com\/fr\/wp-json\/wp\/v2\/types\/product"}],"replies":[{"embeddable":true,"href":"https:\/\/www.abrasteel.com\/fr\/wp-json\/wp\/v2\/comments?post=1775"}],"wp:featuredmedia":[{"embeddable":true,"href":"https:\/\/www.abrasteel.com\/fr\/wp-json\/wp\/v2\/media\/822"}],"wp:attachment":[{"href":"https:\/\/www.abrasteel.com\/fr\/wp-json\/wp\/v2\/media?parent=1775"}],"wp:term":[{"taxonomy":"product_brand","embeddable":true,"href":"https:\/\/www.abrasteel.com\/fr\/wp-json\/wp\/v2\/product_brand?post=1775"},{"taxonomy":"product_cat","embeddable":true,"href":"https:\/\/www.abrasteel.com\/fr\/wp-json\/wp\/v2\/product_cat?post=1775"},{"taxonomy":"product_tag","embeddable":true,"href":"https:\/\/www.abrasteel.com\/fr\/wp-json\/wp\/v2\/product_tag?post=1775"}],"curies":[{"name":"wp","href":"https:\/\/api.w.org\/{rel}","templated":true}]}}