{"id":1772,"date":"2025-01-21T09:12:19","date_gmt":"2025-01-21T08:12:19","guid":{"rendered":"https:\/\/dev.b2b.studio\/abrasteel\/?post_type=product&#038;p=1772"},"modified":"2025-02-20T10:19:17","modified_gmt":"2025-02-20T09:19:17","slug":"brosse-non-tissee-avec-tige","status":"publish","type":"product","link":"https:\/\/www.abrasteel.com\/fr\/brosses-abrasives\/brosses-avec-tige\/brosse-non-tissee-avec-tige\/","title":{"rendered":"Brosse non tiss\u00e9e avec tige"},"content":{"rendered":"<p>Brosse non tiss\u00e9e avec tige: Brosse mont\u00e9e sur un arbre de 6mm. Pour la finition satin\u00e9e des pi\u00e8ces.<\/p>\n","protected":false},"excerpt":{"rendered":"<p><strong>Tailles de brosse non tiss\u00e9e avec tige<\/strong><\/p>\n<table>\n<tbody>\n<tr>\n<th>Tailles<\/th>\n<th>RPM OPT.<\/th>\n<th>RPM MAX.<\/th>\n<th>A\/C<\/th>\n<th>A\/M<\/th>\n<th>A\/F<\/th>\n<th>A\/VF<\/th>\n<th>S\/M<\/th>\n<th>S\/F<\/th>\n<th>S\/VF<\/th>\n<th>S\/UF<\/th>\n<th>S\/MF<\/th>\n<th>CP\/M<\/th>\n<th>Bo\u00eete<\/th>\n<\/tr>\n<tr>\n<td>30x10x3<\/td>\n<td>9,600<\/td>\n<td>19,000<\/td>\n<td>CES001<\/td>\n<td>CES002<\/td>\n<td>CES003<\/td>\n<td>CES004<\/td>\n<td>CES005<\/td>\n<td>CES006<\/td>\n<td>CES007<\/td>\n<td>CES008<\/td>\n<td>CES009<\/td>\n<td><\/td>\n<td>10<\/td>\n<\/tr>\n<tr>\n<td>30x10x6<\/td>\n<td>9,600<\/td>\n<td>19,000<\/td>\n<td>CES010<\/td>\n<td>CES011<\/td>\n<td>CES012<\/td>\n<td>CES013<\/td>\n<td>CES014<\/td>\n<td>CES015<\/td>\n<td>CES016<\/td>\n<td>CES017<\/td>\n<td>CES018<\/td>\n<td><\/td>\n<td>10<\/td>\n<\/tr>\n<tr>\n<td>30x20x6<\/td>\n<td>9,600<\/td>\n<td>19,000<\/td>\n<td>CES020<\/td>\n<td>CES021<\/td>\n<td>CES022<\/td>\n<td>CES023<\/td>\n<td>CES024<\/td>\n<td>CES025<\/td>\n<td>CES026<\/td>\n<td>CES027<\/td>\n<td>CES028<\/td>\n<td><\/td>\n<td>10<\/td>\n<\/tr>\n<tr>\n<td>30x30x6<\/td>\n<td>9,600<\/td>\n<td>19,000<\/td>\n<td>CES029<\/td>\n<td>CES030<\/td>\n<td>CES031<\/td>\n<td>CES032<\/td>\n<td>CES033<\/td>\n<td>CES034<\/td>\n<td>CES035<\/td>\n<td>CES036<\/td>\n<td>CES037<\/td>\n<td>CES038<\/td>\n<td>10<\/td>\n<\/tr>\n<tr>\n<td>40x20x6<\/td>\n<td>7,500<\/td>\n<td>14,000<\/td>\n<td>CES039<\/td>\n<td>CES040<\/td>\n<td>CES041<\/td>\n<td>CES042<\/td>\n<td>CES043<\/td>\n<td>CES044<\/td>\n<td>CES045<\/td>\n<td>CES046<\/td>\n<td>CES047<\/td>\n<td>CES048<\/td>\n<td>10<\/td>\n<\/tr>\n<tr>\n<td>40x30x6<\/td>\n<td>7,500<\/td>\n<td>14,000<\/td>\n<td>CES049<\/td>\n<td>CES050<\/td>\n<td>CES051<\/td>\n<td>CES052<\/td>\n<td>CES053<\/td>\n<td>CES054<\/td>\n<td>CES055<\/td>\n<td>CES056<\/td>\n<td>CES057<\/td>\n<td>CES058<\/td>\n<td>10<\/td>\n<\/tr>\n<tr>\n<td>50x20x6<\/td>\n<td>5,700<\/td>\n<td>11,500<\/td>\n<td>CES059<\/td>\n<td>CES060<\/td>\n<td>CES061<\/td>\n<td>CES062<\/td>\n<td>CES063<\/td>\n<td>CES064<\/td>\n<td>CES065<\/td>\n<td>CES066<\/td>\n<td>CES067<\/td>\n<td><\/td>\n<td>10<\/td>\n<\/tr>\n<tr>\n<td>50x25x6<\/td>\n<td>5,700<\/td>\n<td>11,500<\/td>\n<td>CES068<\/td>\n<td>CES069<\/td>\n<td>CES070<\/td>\n<td>CES071<\/td>\n<td>CES072<\/td>\n<td>CES073<\/td>\n<td>CES074<\/td>\n<td>CES075<\/td>\n<td>CES076<\/td>\n<td><\/td>\n<td>10<\/td>\n<\/tr>\n<tr>\n<td>50x30x6<\/td>\n<td>5,700<\/td>\n<td>11,500<\/td>\n<td>CES077<\/td>\n<td>CES078<\/td>\n<td>CES079<\/td>\n<td>CES080<\/td>\n<td>CES081<\/td>\n<td>CES082<\/td>\n<td>CES083<\/td>\n<td>CES084<\/td>\n<td>CES085<\/td>\n<td>CES086<\/td>\n<td>10<\/td>\n<\/tr>\n<tr>\n<td>50x40x6<\/td>\n<td>5,700<\/td>\n<td>11,500<\/td>\n<td>CES087<\/td>\n<td>CES088<\/td>\n<td>CES089<\/td>\n<td>CES090<\/td>\n<td>CES091<\/td>\n<td>CES092<\/td>\n<td>CES093<\/td>\n<td>CES094<\/td>\n<td>CES095<\/td>\n<td><\/td>\n<td>10<\/td>\n<\/tr>\n<tr>\n<td>50x50x6<\/td>\n<td>5,700<\/td>\n<td>11,500<\/td>\n<td>CES096<\/td>\n<td>CES097<\/td>\n<td>CES098<\/td>\n<td>CES099<\/td>\n<td>CES100<\/td>\n<td>CES101<\/td>\n<td>CES102<\/td>\n<td>CES103<\/td>\n<td>CES104<\/td>\n<td><\/td>\n<td>10<\/td>\n<\/tr>\n<tr>\n<td>60x30x6<\/td>\n<td>4,700<\/td>\n<td>9,500<\/td>\n<td>CES105<\/td>\n<td>CES106<\/td>\n<td>CES107<\/td>\n<td>CES108<\/td>\n<td>CES109<\/td>\n<td>CES110<\/td>\n<td>CES111<\/td>\n<td>CES112<\/td>\n<td>CES113<\/td>\n<td>CES114<\/td>\n<td>10<\/td>\n<\/tr>\n<tr>\n<td>60x40x6<\/td>\n<td>4,700<\/td>\n<td>9,500<\/td>\n<td>CES115<\/td>\n<td>CES116<\/td>\n<td>CES117<\/td>\n<td>CES118<\/td>\n<td>CES119<\/td>\n<td>CES120<\/td>\n<td>CES121<\/td>\n<td>CES122<\/td>\n<td>CES123<\/td>\n<td><\/td>\n<td>10<\/td>\n<\/tr>\n<tr>\n<td>60x50x6<\/td>\n<td>4,700<\/td>\n<td>9,500<\/td>\n<td>CES124<\/td>\n<td>CES125<\/td>\n<td>CES126<\/td>\n<td>CES127<\/td>\n<td>CES128<\/td>\n<td>CES129<\/td>\n<td>CES130<\/td>\n<td>CES131<\/td>\n<td>CES132<\/td>\n<td><\/td>\n<td>10<\/td>\n<\/tr>\n<tr>\n<td>75x25x6<\/td>\n<td>3,800<\/td>\n<td>8,000<\/td>\n<td>CES133<\/td>\n<td>CES134<\/td>\n<td>CES135<\/td>\n<td>CES136<\/td>\n<td>CES137<\/td>\n<td>CES138<\/td>\n<td>CES139<\/td>\n<td>CES140<\/td>\n<td>CES141<\/td>\n<td>CES142<\/td>\n<td>10<\/td>\n<\/tr>\n<tr>\n<td>75x45x6<\/td>\n<td>3,800<\/td>\n<td>8,000<\/td>\n<td>CES143<\/td>\n<td>CES144<\/td>\n<td>CES145<\/td>\n<td>CES146<\/td>\n<td>CES147<\/td>\n<td>CES148<\/td>\n<td>CES149<\/td>\n<td>CES150<\/td>\n<td>CES151<\/td>\n<td><\/td>\n<td>10<\/td>\n<\/tr>\n<tr>\n<td>75x50x6<\/td>\n<td>3,800<\/td>\n<td>8,000<\/td>\n<td>CES152<\/td>\n<td>CES153<\/td>\n<td>CES154<\/td>\n<td>CES155<\/td>\n<td>CES156<\/td>\n<td>CES157<\/td>\n<td>CES158<\/td>\n<td>CES159<\/td>\n<td>CES160<\/td>\n<td><\/td>\n<td>10<\/td>\n<\/tr>\n<tr>\n<td>80x30x6<\/td>\n<td>3,600<\/td>\n<td>7,000<\/td>\n<td>CES161<\/td>\n<td>CES162<\/td>\n<td>CES163<\/td>\n<td>CES164<\/td>\n<td>CES165<\/td>\n<td>CES166<\/td>\n<td>CES167<\/td>\n<td>CES168<\/td>\n<td>CES169<\/td>\n<td>CES170<\/td>\n<td>10<\/td>\n<\/tr>\n<tr>\n<td>80x40x6<\/td>\n<td>3,600<\/td>\n<td>7,000<\/td>\n<td>CES171<\/td>\n<td>CES172<\/td>\n<td>CES173<\/td>\n<td>CES174<\/td>\n<td>CES175<\/td>\n<td>CES176<\/td>\n<td>CES177<\/td>\n<td>CES178<\/td>\n<td>CES179<\/td>\n<td><\/td>\n<td>10<\/td>\n<\/tr>\n<tr>\n<td>80x50x6<\/td>\n<td>3,600<\/td>\n<td>7,000<\/td>\n<td>CES180<\/td>\n<td>CES181<\/td>\n<td>CES182<\/td>\n<td>CES183<\/td>\n<td>CES184<\/td>\n<td>CES185<\/td>\n<td>CES186<\/td>\n<td>CES187<\/td>\n<td>CES188<\/td>\n<td>CES189<\/td>\n<td>10<\/td>\n<\/tr>\n<\/tbody>\n<\/table>\n","protected":false},"featured_media":986,"comment_status":"open","ping_status":"closed","template":"","meta":{"_acf_changed":false},"product_brand":[],"product_cat":[104,99],"product_tag":[],"class_list":{"0":"post-1772","1":"product","2":"type-product","3":"status-publish","4":"has-post-thumbnail","6":"product_cat-brosses-avec-tige","7":"product_cat-pinceaux-pour-machine-satinee","9":"first","10":"instock","11":"shipping-taxable","12":"product-type-simple"},"acf":[],"_links":{"self":[{"href":"https:\/\/www.abrasteel.com\/fr\/wp-json\/wp\/v2\/product\/1772","targetHints":{"allow":["GET"]}}],"collection":[{"href":"https:\/\/www.abrasteel.com\/fr\/wp-json\/wp\/v2\/product"}],"about":[{"href":"https:\/\/www.abrasteel.com\/fr\/wp-json\/wp\/v2\/types\/product"}],"replies":[{"embeddable":true,"href":"https:\/\/www.abrasteel.com\/fr\/wp-json\/wp\/v2\/comments?post=1772"}],"wp:featuredmedia":[{"embeddable":true,"href":"https:\/\/www.abrasteel.com\/fr\/wp-json\/wp\/v2\/media\/986"}],"wp:attachment":[{"href":"https:\/\/www.abrasteel.com\/fr\/wp-json\/wp\/v2\/media?parent=1772"}],"wp:term":[{"taxonomy":"product_brand","embeddable":true,"href":"https:\/\/www.abrasteel.com\/fr\/wp-json\/wp\/v2\/product_brand?post=1772"},{"taxonomy":"product_cat","embeddable":true,"href":"https:\/\/www.abrasteel.com\/fr\/wp-json\/wp\/v2\/product_cat?post=1772"},{"taxonomy":"product_tag","embeddable":true,"href":"https:\/\/www.abrasteel.com\/fr\/wp-json\/wp\/v2\/product_tag?post=1772"}],"curies":[{"name":"wp","href":"https:\/\/api.w.org\/{rel}","templated":true}]}}