{"id":1771,"date":"2025-01-21T09:12:19","date_gmt":"2025-01-21T08:12:19","guid":{"rendered":"https:\/\/dev.b2b.studio\/abrasteel\/?post_type=product&#038;p=1771"},"modified":"2025-02-20T10:29:11","modified_gmt":"2025-02-20T09:29:11","slug":"brosse-en-tissu-mixte-avec-manche","status":"publish","type":"product","link":"https:\/\/www.abrasteel.com\/fr\/brosses-abrasives\/brosses-avec-tige\/brosse-en-tissu-mixte-avec-manche\/","title":{"rendered":"Brosse en tissu mixte avec manche"},"content":{"rendered":"<p>Brosse en tissu mixte avec manche: Brosse mont\u00e9e sur un arbre de 6mm. Pour la finition satin\u00e9e des pi\u00e8ces afin d&rsquo;\u00e9liminer les imperfections de surface.<\/p>\n","protected":false},"excerpt":{"rendered":"<p><strong>Table des dimensions de brosse en tissu mixte avec manche<\/strong><\/p>\n<table>\n<tbody>\n<tr>\n<th>Dimensions<\/th>\n<th>OPT. RPM<\/th>\n<th>MAX. RPM<\/th>\n<th>40<\/th>\n<th>60<\/th>\n<th>80<\/th>\n<th>100<\/th>\n<th>120<\/th>\n<th>150<\/th>\n<th>180<\/th>\n<th>240<\/th>\n<th>320<\/th>\n<th>400<\/th>\n<th>Bo\u00eete<\/th>\n<\/tr>\n<tr>\n<td>30x20x6<\/td>\n<td>9 600<\/td>\n<td>19 000<\/td>\n<td>CEM001<\/td>\n<td>CEM002<\/td>\n<td>CEM003<\/td>\n<td>CEM004<\/td>\n<td>CEM005<\/td>\n<td>CEM006<\/td>\n<td>CEM007<\/td>\n<td>CEM008<\/td>\n<td>CEM009<\/td>\n<td>CEM010<\/td>\n<td>10<\/td>\n<\/tr>\n<tr>\n<td>40x20x6<\/td>\n<td>7 500<\/td>\n<td>14 000<\/td>\n<td>CEM011<\/td>\n<td>CEM012<\/td>\n<td>CEM013<\/td>\n<td>CEM014<\/td>\n<td>CEM015<\/td>\n<td>CEM016<\/td>\n<td>CEM017<\/td>\n<td>CEM018<\/td>\n<td>CEM019<\/td>\n<td>CEM020<\/td>\n<td>10<\/td>\n<\/tr>\n<tr>\n<td>40x30x6<\/td>\n<td>7 500<\/td>\n<td>14 000<\/td>\n<td>CEM021<\/td>\n<td>CEM022<\/td>\n<td>CEM023<\/td>\n<td>CEM024<\/td>\n<td>CEM025<\/td>\n<td>CEM026<\/td>\n<td>CEM027<\/td>\n<td>CEM028<\/td>\n<td>CEM029<\/td>\n<td>CEM030<\/td>\n<td>10<\/td>\n<\/tr>\n<tr>\n<td>50x20x6<\/td>\n<td>5 700<\/td>\n<td>11 500<\/td>\n<td>CEM031<\/td>\n<td>CEM032<\/td>\n<td>CEM033<\/td>\n<td>CEM034<\/td>\n<td>CEM035<\/td>\n<td>CEM036<\/td>\n<td>CEM037<\/td>\n<td>CEM038<\/td>\n<td>CEM039<\/td>\n<td>CEM040<\/td>\n<td>10<\/td>\n<\/tr>\n<tr>\n<td>50x25x6<\/td>\n<td>5 700<\/td>\n<td>11 500<\/td>\n<td>CEM041<\/td>\n<td>CEM042<\/td>\n<td>CEM043<\/td>\n<td>CEM044<\/td>\n<td>CEM045<\/td>\n<td>CEM046<\/td>\n<td>CEM047<\/td>\n<td>CEM048<\/td>\n<td>CEM049<\/td>\n<td>CEM050<\/td>\n<td>10<\/td>\n<\/tr>\n<tr>\n<td>50x30x6<\/td>\n<td>5 700<\/td>\n<td>11 500<\/td>\n<td>CEM051<\/td>\n<td>CEM052<\/td>\n<td>CEM053<\/td>\n<td>CEM054<\/td>\n<td>CEM055<\/td>\n<td>CEM056<\/td>\n<td>CEM057<\/td>\n<td>CEM058<\/td>\n<td>CEM059<\/td>\n<td>CEM060<\/td>\n<td>10<\/td>\n<\/tr>\n<tr>\n<td>50x40x6<\/td>\n<td>5 700<\/td>\n<td>11 500<\/td>\n<td>CEM061<\/td>\n<td>CEM062<\/td>\n<td>CEM063<\/td>\n<td>CEM064<\/td>\n<td>CEM065<\/td>\n<td>CEM066<\/td>\n<td>CEM067<\/td>\n<td>CEM068<\/td>\n<td>CEM069<\/td>\n<td>CEM070<\/td>\n<td>10<\/td>\n<\/tr>\n<tr>\n<td>50x50x6<\/td>\n<td>5 700<\/td>\n<td>11 500<\/td>\n<td>CEM071<\/td>\n<td>CEM072<\/td>\n<td>CEM073<\/td>\n<td>CEM074<\/td>\n<td>CEM075<\/td>\n<td>CEM076<\/td>\n<td>CEM077<\/td>\n<td>CEM078<\/td>\n<td>CEM079<\/td>\n<td>CEM080<\/td>\n<td>10<\/td>\n<\/tr>\n<tr>\n<td>60x30x6<\/td>\n<td>4 700<\/td>\n<td>9 500<\/td>\n<td>CEM081<\/td>\n<td>CEM082<\/td>\n<td>CEM083<\/td>\n<td>CEM084<\/td>\n<td>CEM085<\/td>\n<td>CEM086<\/td>\n<td>CEM087<\/td>\n<td>CEM088<\/td>\n<td>CEM089<\/td>\n<td>CEM090<\/td>\n<td>10<\/td>\n<\/tr>\n<tr>\n<td>60x40x6<\/td>\n<td>4 700<\/td>\n<td>9 500<\/td>\n<td>CEM091<\/td>\n<td>CEM092<\/td>\n<td>CEM093<\/td>\n<td>CEM094<\/td>\n<td>CEM095<\/td>\n<td>CEM096<\/td>\n<td>CEM097<\/td>\n<td>CEM098<\/td>\n<td>CEM099<\/td>\n<td>CEM100<\/td>\n<td>10<\/td>\n<\/tr>\n<tr>\n<td>60x50x6<\/td>\n<td>4 700<\/td>\n<td>9 500<\/td>\n<td>CEM101<\/td>\n<td>CEM102<\/td>\n<td>CEM103<\/td>\n<td>CEM104<\/td>\n<td>CEM105<\/td>\n<td>CEM106<\/td>\n<td>CEM107<\/td>\n<td>CEM108<\/td>\n<td>CEM109<\/td>\n<td>CEM110<\/td>\n<td>10<\/td>\n<\/tr>\n<tr>\n<td>75x25x6<\/td>\n<td>4 100<\/td>\n<td>8 000<\/td>\n<td>CEM111<\/td>\n<td>CEM112<\/td>\n<td>CEM113<\/td>\n<td>CEM114<\/td>\n<td>CEM115<\/td>\n<td>CEM116<\/td>\n<td>CEM117<\/td>\n<td>CEM118<\/td>\n<td>CEM119<\/td>\n<td>CEM120<\/td>\n<td>10<\/td>\n<\/tr>\n<tr>\n<td>75x45x6<\/td>\n<td>4 100<\/td>\n<td>8 000<\/td>\n<td>CEM121<\/td>\n<td>CEM122<\/td>\n<td>CEM123<\/td>\n<td>CEM124<\/td>\n<td>CEM125<\/td>\n<td>CEM126<\/td>\n<td>CEM127<\/td>\n<td>CEM128<\/td>\n<td>CEM129<\/td>\n<td>CEM130<\/td>\n<td>10<\/td>\n<\/tr>\n<tr>\n<td>75x25x6<\/td>\n<td>4 100<\/td>\n<td>8 000<\/td>\n<td>CEM131<\/td>\n<td>CEM132<\/td>\n<td>CEM133<\/td>\n<td>CEM134<\/td>\n<td>CEM135<\/td>\n<td>CEM136<\/td>\n<td>CEM137<\/td>\n<td>CEM138<\/td>\n<td>CEM139<\/td>\n<td>CEM140<\/td>\n<td>10<\/td>\n<\/tr>\n<tr>\n<td>80x30x6<\/td>\n<td>3 600<\/td>\n<td>7 000<\/td>\n<td>CEM141<\/td>\n<td>CEM142<\/td>\n<td>CEM143<\/td>\n<td>CEM144<\/td>\n<td>CEM145<\/td>\n<td>CEM146<\/td>\n<td>CEM147<\/td>\n<td>CEM148<\/td>\n<td>CEM149<\/td>\n<td>CEM150<\/td>\n<td>10<\/td>\n<\/tr>\n<tr>\n<td>80x40x6<\/td>\n<td>3 600<\/td>\n<td>7 000<\/td>\n<td>CEM151<\/td>\n<td>CEM152<\/td>\n<td>CEM153<\/td>\n<td>CEM154<\/td>\n<td>CEM155<\/td>\n<td>CEM156<\/td>\n<td>CEM157<\/td>\n<td>CEM158<\/td>\n<td>CEM159<\/td>\n<td>CEM160<\/td>\n<td>10<\/td>\n<\/tr>\n<tr>\n<td>80x50x6<\/td>\n<td>3 600<\/td>\n<td>7 000<\/td>\n<td>CEM161<\/td>\n<td>CEM162<\/td>\n<td>CEM163<\/td>\n<td>CEM164<\/td>\n<td>CEM165<\/td>\n<td>CEM166<\/td>\n<td>CEM167<\/td>\n<td>CEM168<\/td>\n<td>CEM169<\/td>\n<td>CEM170<\/td>\n<td>10<\/td>\n<\/tr>\n<tr>\n<td>100x45x6<\/td>\n<td>2 800<\/td>\n<td>5 700<\/td>\n<td>CEM171<\/td>\n<td>CEM172<\/td>\n<td>CEM173<\/td>\n<td>CEM174<\/td>\n<td>CEM175<\/td>\n<td>CEM176<\/td>\n<td>CEM177<\/td>\n<td>CEM178<\/td>\n<td>CEM179<\/td>\n<td>CEM180<\/td>\n<td>10<\/td>\n<\/tr>\n<tr>\n<td>100x50x6<\/td>\n<td>2 800<\/td>\n<td>5 700<\/td>\n<td>CEM181<\/td>\n<td>CEM182<\/td>\n<td>CEM183<\/td>\n<td>CEM184<\/td>\n<td>CEM185<\/td>\n<td>CEM186<\/td>\n<td>CEM187<\/td>\n<td>CEM188<\/td>\n<td>CEM189<\/td>\n<td>CEM190<\/td>\n<td>10<\/td>\n<\/tr>\n<\/tbody>\n<\/table>\n","protected":false},"featured_media":992,"comment_status":"open","ping_status":"closed","template":"","meta":{"_acf_changed":false},"product_brand":[],"product_cat":[104,99],"product_tag":[],"class_list":{"0":"post-1771","1":"product","2":"type-product","3":"status-publish","4":"has-post-thumbnail","6":"product_cat-brosses-avec-tige","7":"product_cat-pinceaux-pour-machine-satinee","9":"first","10":"instock","11":"shipping-taxable","12":"product-type-simple"},"acf":[],"_links":{"self":[{"href":"https:\/\/www.abrasteel.com\/fr\/wp-json\/wp\/v2\/product\/1771","targetHints":{"allow":["GET"]}}],"collection":[{"href":"https:\/\/www.abrasteel.com\/fr\/wp-json\/wp\/v2\/product"}],"about":[{"href":"https:\/\/www.abrasteel.com\/fr\/wp-json\/wp\/v2\/types\/product"}],"replies":[{"embeddable":true,"href":"https:\/\/www.abrasteel.com\/fr\/wp-json\/wp\/v2\/comments?post=1771"}],"wp:featuredmedia":[{"embeddable":true,"href":"https:\/\/www.abrasteel.com\/fr\/wp-json\/wp\/v2\/media\/992"}],"wp:attachment":[{"href":"https:\/\/www.abrasteel.com\/fr\/wp-json\/wp\/v2\/media?parent=1771"}],"wp:term":[{"taxonomy":"product_brand","embeddable":true,"href":"https:\/\/www.abrasteel.com\/fr\/wp-json\/wp\/v2\/product_brand?post=1771"},{"taxonomy":"product_cat","embeddable":true,"href":"https:\/\/www.abrasteel.com\/fr\/wp-json\/wp\/v2\/product_cat?post=1771"},{"taxonomy":"product_tag","embeddable":true,"href":"https:\/\/www.abrasteel.com\/fr\/wp-json\/wp\/v2\/product_tag?post=1771"}],"curies":[{"name":"wp","href":"https:\/\/api.w.org\/{rel}","templated":true}]}}