{"id":1770,"date":"2025-01-21T09:12:20","date_gmt":"2025-01-21T08:12:20","guid":{"rendered":"https:\/\/dev.b2b.studio\/abrasteel\/?post_type=product&#038;p=1770"},"modified":"2025-02-20T10:08:11","modified_gmt":"2025-02-20T09:08:11","slug":"brosse-non-tissee-avec-noyau","status":"publish","type":"product","link":"https:\/\/www.abrasteel.com\/fr\/brosses-abrasives\/brosses-avec-noyau\/brosse-non-tissee-avec-noyau\/","title":{"rendered":"Brosse non tiss\u00e9e avec noyau"},"content":{"rendered":"<p>Brosse non tiss\u00e9e avec noyau: Brosse mont\u00e9e sur un noyau. Pour le satinage de pi\u00e8ces plus petites que la largeur de la brosse.<\/p>\n","protected":false},"excerpt":{"rendered":"<p><strong>Tailles de brosse non tiss\u00e9e avec noyau<\/strong><\/p>\n<table>\n<tbody>\n<tr>\n<th>Tailles<\/th>\n<th>RPM OPT.<\/th>\n<th>RPM MAX.<\/th>\n<th>A\/C<\/th>\n<th>A\/M<\/th>\n<th>A\/F<\/th>\n<th>A\/VF<\/th>\n<th>S\/M<\/th>\n<th>S\/F<\/th>\n<th>S\/VF<\/th>\n<th>S\/UF<\/th>\n<th>S\/MF<\/th>\n<th>CP\/M<\/th>\n<th>Bo\u00eete<\/th>\n<\/tr>\n<tr>\n<td>120x30x35<\/td>\n<td>2,400<\/td>\n<td>4,800<\/td>\n<td>FL0001<\/td>\n<td>FL0002<\/td>\n<td>FL0003<\/td>\n<td>FL0004<\/td>\n<td>FL0005<\/td>\n<td>FL0006<\/td>\n<td>FL0007<\/td>\n<td>FL0008<\/td>\n<td>FL0009<\/td>\n<td>FL0010<\/td>\n<td>3<\/td>\n<\/tr>\n<tr>\n<td>150x50x76<\/td>\n<td>1,900<\/td>\n<td>3,800<\/td>\n<td>FL0011<\/td>\n<td>FL0012<\/td>\n<td>FL0013<\/td>\n<td>FL0014<\/td>\n<td>FL0015<\/td>\n<td>FL0016<\/td>\n<td>FL0017<\/td>\n<td>FL0018<\/td>\n<td>FL0019<\/td>\n<td>FL0020<\/td>\n<td>3<\/td>\n<\/tr>\n<tr>\n<td>200x50x76<\/td>\n<td>1,400<\/td>\n<td>2,800<\/td>\n<td>FL0021<\/td>\n<td>FL0022<\/td>\n<td>FL0023<\/td>\n<td>FL0024<\/td>\n<td>FL0025<\/td>\n<td>FL0026<\/td>\n<td>FL0027<\/td>\n<td>FL0028<\/td>\n<td>FL0029<\/td>\n<td>FL0030<\/td>\n<td>3<\/td>\n<\/tr>\n<tr>\n<td>250x50x127<\/td>\n<td>1,100<\/td>\n<td>2,300<\/td>\n<td>FL0031<\/td>\n<td>FL0032<\/td>\n<td>FL0033<\/td>\n<td>FL0034<\/td>\n<td>FL0035<\/td>\n<td>FL0036<\/td>\n<td>FL0037<\/td>\n<td>FL0038<\/td>\n<td>FL0039<\/td>\n<td>FL0040<\/td>\n<td>3<\/td>\n<\/tr>\n<tr>\n<td>300x50x127<\/td>\n<td>900<\/td>\n<td>1,900<\/td>\n<td>FL0041<\/td>\n<td>FL0042<\/td>\n<td>FL0043<\/td>\n<td>FL0044<\/td>\n<td>FL0045<\/td>\n<td>FL0046<\/td>\n<td>FL0047<\/td>\n<td>FL0048<\/td>\n<td>FL0049<\/td>\n<td>FL0050<\/td>\n<td>3<\/td>\n<\/tr>\n<tr>\n<td>350x50x200<\/td>\n<td>800<\/td>\n<td>1,600<\/td>\n<td>FL0051<\/td>\n<td>FL0052<\/td>\n<td>FL0053<\/td>\n<td>FL0054<\/td>\n<td>FL0055<\/td>\n<td>FL0056<\/td>\n<td>FL0057<\/td>\n<td>FL0058<\/td>\n<td>FL0059<\/td>\n<td>FL0060<\/td>\n<td>3<\/td>\n<\/tr>\n<tr>\n<td>400x50x250<\/td>\n<td>700<\/td>\n<td>1,400<\/td>\n<td>FL0061<\/td>\n<td>FL0062<\/td>\n<td>FL0063<\/td>\n<td>FL0064<\/td>\n<td>FL0065<\/td>\n<td>FL0066<\/td>\n<td>FL0067<\/td>\n<td>FL0068<\/td>\n<td>FL0069<\/td>\n<td>FL0070<\/td>\n<td>3<\/td>\n<\/tr>\n<tr>\n<td>450x50x300<\/td>\n<td>650<\/td>\n<td>1,300<\/td>\n<td>FL0071<\/td>\n<td>FL0072<\/td>\n<td>FL0073<\/td>\n<td>FL0074<\/td>\n<td>FL0075<\/td>\n<td>FL0076<\/td>\n<td>FL0077<\/td>\n<td>FL0078<\/td>\n<td>FL0079<\/td>\n<td>FL0080<\/td>\n<td>3<\/td>\n<\/tr>\n<\/tbody>\n<\/table>\n","protected":false},"featured_media":998,"comment_status":"open","ping_status":"closed","template":"","meta":{"_acf_changed":false},"product_brand":[],"product_cat":[101,99],"product_tag":[],"class_list":{"0":"post-1770","1":"product","2":"type-product","3":"status-publish","4":"has-post-thumbnail","6":"product_cat-brosses-avec-noyau","7":"product_cat-pinceaux-pour-machine-satinee","9":"first","10":"instock","11":"shipping-taxable","12":"product-type-simple"},"acf":[],"_links":{"self":[{"href":"https:\/\/www.abrasteel.com\/fr\/wp-json\/wp\/v2\/product\/1770","targetHints":{"allow":["GET"]}}],"collection":[{"href":"https:\/\/www.abrasteel.com\/fr\/wp-json\/wp\/v2\/product"}],"about":[{"href":"https:\/\/www.abrasteel.com\/fr\/wp-json\/wp\/v2\/types\/product"}],"replies":[{"embeddable":true,"href":"https:\/\/www.abrasteel.com\/fr\/wp-json\/wp\/v2\/comments?post=1770"}],"wp:featuredmedia":[{"embeddable":true,"href":"https:\/\/www.abrasteel.com\/fr\/wp-json\/wp\/v2\/media\/998"}],"wp:attachment":[{"href":"https:\/\/www.abrasteel.com\/fr\/wp-json\/wp\/v2\/media?parent=1770"}],"wp:term":[{"taxonomy":"product_brand","embeddable":true,"href":"https:\/\/www.abrasteel.com\/fr\/wp-json\/wp\/v2\/product_brand?post=1770"},{"taxonomy":"product_cat","embeddable":true,"href":"https:\/\/www.abrasteel.com\/fr\/wp-json\/wp\/v2\/product_cat?post=1770"},{"taxonomy":"product_tag","embeddable":true,"href":"https:\/\/www.abrasteel.com\/fr\/wp-json\/wp\/v2\/product_tag?post=1770"}],"curies":[{"name":"wp","href":"https:\/\/api.w.org\/{rel}","templated":true}]}}